{"id":732368,"date":"2025-03-03T16:15:01","date_gmt":"2025-03-03T15:15:01","guid":{"rendered":"https:\/\/stoic-curie.212-227-153-4.plesk.page\/producto\/passerelle-gonflable-tiki-300-x-50-x-15-cm\/"},"modified":"2026-02-24T23:08:55","modified_gmt":"2026-02-24T23:08:55","slug":"passerelle-gonflable-tiki-300-x-50-x-15-cm","status":"publish","type":"product","link":"https:\/\/stoic-curie.212-227-153-4.plesk.page\/fr\/product\/passerelle-gonflable-tiki-300-x-50-x-15-cm\/","title":{"rendered":"Passerelle gonflable Tiki 300 x 50 x 15 cm"},"content":{"rendered":"<p>Passerelle gonflable Tiki 300 x 50 x 15 cm &#8211; <\/p>\n<p style=\"color: rgb(34, 34, 34); font-family: Arial, Helvetica, sans-serif; font-size: small;\">D\u00e9couvrez la passerelle gonflable Sup Gangway : une solution l\u00e9g\u00e8re, durable et polyvalente pour l&#8217;acc\u00e8s aux bateaux. Cette passerelle offre une excellente stabilit\u00e9 sans n\u00e9cessiter de goupilles, garantissant qu&#8217;elle ne glisse pas et ne damage pas le tableau arri\u00e8re de votre bateau. Elle permet un passage s\u00e9curis\u00e9 tant pour les personnes en situation de handicap que pour les animaux. De plus, elle peut servir \u00e0 plusieurs usages : planche \u00e0 pagaie, matelas aquatique, pare-chocs lat\u00e9ral ou plateforme pour l&#8217;entretien de la coque.<\/p>\n<p style=\"color: rgb(34, 34, 34); font-family: Arial, Helvetica, sans-serif; font-size: small;\">Con\u00e7ue en tissu PVC multicouche sp\u00e9cial avec une structure interne renforc\u00e9e, cette passerelle est tr\u00e8s r\u00e9sistante \u00e0 l&#8217;usure, aux rayons UV et \u00e0 l&#8217;environnement marin. Elle est livr\u00e9e avec des ganivelles, une corde de main courante, des anneaux en acier inoxydable, des bases de quai amovibles et un kit de r\u00e9paration. La passerelle n\u00e9cessite une pression de gonflage de 1000 mbar (15 psi) et est rapide et facile \u00e0 installer.<\/p>\n<p style=\"color: rgb(34, 34, 34); font-family: Arial, Helvetica, sans-serif; font-size: small;\">Vous pouvez d\u00e9ployer cette passerelle en seulement 5 minutes \u00e0 l&#8217;aide d&#8217;une pompe manuelle ou d&#8217;un moteur \u00e9lectrique, en faisant d&#8217;elle un choix id\u00e9al pour ceux qui recherchent un moyen rapide et efficace d&#8217;acc\u00e9der \u00e0 leur bateau.<\/p>\n<p style=\"color: rgb(34, 34, 34); font-family: Arial, Helvetica, sans-serif; font-size: small;\">Compacte et Pratique<\/p>\n<p style=\"color: rgb(34, 34, 34); font-family: Arial, Helvetica, sans-serif; font-size: small;\">Une fois d\u00e9gonfl\u00e9e, la passerelle mesure seulement 70 x 40 x 18 cm, ce qui la rend facile \u00e0 ranger et \u00e0 transporter. Ce design compact vous permet de maximiser votre espace disponible.<\/p>\n<p style=\"color: rgb(34, 34, 34); font-family: Arial, Helvetica, sans-serif; font-size: small;\">S\u00e9curit\u00e9 et Flexibilit\u00e9<\/p>\n<p style=\"color: rgb(34, 34, 34); font-family: Arial, Helvetica, sans-serif; font-size: small;\">Pour une s\u00e9curit\u00e9 renforc\u00e9e, la plateforme est \u00e9quip\u00e9e d&#8217;un syst\u00e8me \u00e0 double chambre sur les mod\u00e8les 250 et 300, ainsi qu&#8217;un double martingale. Certains mod\u00e8les incluent \u00e9galement des protections corporelles amovibles, vous permettant d&#8217;utiliser la passerelle avec ou sans ces fonctionnalit\u00e9s de s\u00e9curit\u00e9 suppl\u00e9mentaires.<\/p>\n<p style=\"color: rgb(34, 34, 34); font-family: Arial, Helvetica, sans-serif; font-size: small;\">Protection et Durabilit\u00e9<\/p>\n<p style=\"color: rgb(34, 34, 34); font-family: Arial, Helvetica, sans-serif; font-size: small;\">Une semelle d&#8217;usure amovible prot\u00e8ge la connexion au quai, \u00e9vitant d&#8217;endommager le gonflable lors de son contact avec le quai du port.<\/p>\n<p style=\"color: rgb(34, 34, 34); font-family: Arial, Helvetica, sans-serif; font-size: small;\">Choisissez la passerelle gonflable Tiki Factory pour une solution robuste, s\u00e9curis\u00e9e et facile \u00e0 g\u00e9rer qui transforme chaque sortie en mer en un v\u00e9ritable plaisir. Rejoignez le mouvement pour un acc\u00e8s facile et s\u00fbr avec Tiki Factory !<\/p>\n<p style=\"color: rgb(34, 34, 34); font-family: Arial, Helvetica, sans-serif; font-size: small;\">Dimensions gonfl\u00e9es : 300 x 60 x 15 cm<br \/>Dimensions d\u00e9gonfl\u00e9es : 70 x 40 x 18 cm<br \/>Poids : 11 kg<br \/>Temps de gonflage : 5 minutes<\/p>\n","protected":false},"excerpt":{"rendered":"<p>Passerelle gonflable Tiki 300 x 50 x 15 cm &#8211; D\u00e9couvrez la passerelle gonflable Sup Gangway : une solution l\u00e9g\u00e8re,<\/p>\n","protected":false},"featured_media":5946966,"comment_status":"open","ping_status":"closed","template":"","meta":[],"product_brand":[3204],"product_cat":[1038],"product_tag":[],"class_list":{"0":"post-732368","1":"product","2":"type-product","3":"status-publish","4":"has-post-thumbnail","6":"product_brand-nova-argonautica-fr","7":"product_cat-passerelles","9":"first","10":"instock","11":"shipping-taxable","12":"purchasable","13":"product-type-simple"},"_links":{"self":[{"href":"https:\/\/stoic-curie.212-227-153-4.plesk.page\/fr\/wp-json\/wp\/v2\/product\/732368","targetHints":{"allow":["GET"]}}],"collection":[{"href":"https:\/\/stoic-curie.212-227-153-4.plesk.page\/fr\/wp-json\/wp\/v2\/product"}],"about":[{"href":"https:\/\/stoic-curie.212-227-153-4.plesk.page\/fr\/wp-json\/wp\/v2\/types\/product"}],"replies":[{"embeddable":true,"href":"https:\/\/stoic-curie.212-227-153-4.plesk.page\/fr\/wp-json\/wp\/v2\/comments?post=732368"}],"version-history":[{"count":0,"href":"https:\/\/stoic-curie.212-227-153-4.plesk.page\/fr\/wp-json\/wp\/v2\/product\/732368\/revisions"}],"wp:featuredmedia":[{"embeddable":true,"href":"https:\/\/stoic-curie.212-227-153-4.plesk.page\/fr\/wp-json\/wp\/v2\/media\/5946966"}],"wp:attachment":[{"href":"https:\/\/stoic-curie.212-227-153-4.plesk.page\/fr\/wp-json\/wp\/v2\/media?parent=732368"}],"wp:term":[{"taxonomy":"product_brand","embeddable":true,"href":"https:\/\/stoic-curie.212-227-153-4.plesk.page\/fr\/wp-json\/wp\/v2\/product_brand?post=732368"},{"taxonomy":"product_cat","embeddable":true,"href":"https:\/\/stoic-curie.212-227-153-4.plesk.page\/fr\/wp-json\/wp\/v2\/product_cat?post=732368"},{"taxonomy":"product_tag","embeddable":true,"href":"https:\/\/stoic-curie.212-227-153-4.plesk.page\/fr\/wp-json\/wp\/v2\/product_tag?post=732368"}],"curies":[{"name":"wp","href":"https:\/\/api.w.org\/{rel}","templated":true}]}}