{"id":732373,"date":"2025-03-03T16:15:02","date_gmt":"2025-03-03T15:15:02","guid":{"rendered":"https:\/\/stoic-curie.212-227-153-4.plesk.page\/producto\/profil-de-protection-noir-rond-35-a-55-mm-15-m\/"},"modified":"2026-02-24T23:08:55","modified_gmt":"2026-02-24T23:08:55","slug":"profil-de-protection-noir-rond-35-a-55-mm-15-m","status":"publish","type":"product","link":"https:\/\/stoic-curie.212-227-153-4.plesk.page\/fr\/product\/profil-de-protection-noir-rond-35-a-55-mm-15-m\/","title":{"rendered":"Profil de protection noir rond 3,5 \u00e0 5,5 mm 15 m"},"content":{"rendered":"<p>Profil de protection noir rond 3,5 \u00e0 5,5 mm 15 m &#8211; <\/p>\n<p>Profil en n\u00e9opr\u00e8ne Trim-Lok tr\u00e8s flexible pour la protection et la finition des bords et des coins. Complet avec adh\u00e9sif HM pr\u00e9appliqu\u00e9, il se monte facilement et s&#8217;adapte parfaitement \u00e0 la forme du bord \u00e0 recouvrir. Emballage de 15 m\u00e8tres.<\/p>\n","protected":false},"excerpt":{"rendered":"<p>Profil de protection noir rond 3,5 \u00e0 5,5 mm 15 m &#8211; Profil en n\u00e9opr\u00e8ne Trim-Lok tr\u00e8s flexible pour la<\/p>\n","protected":false},"featured_media":5949079,"comment_status":"open","ping_status":"closed","template":"","meta":[],"product_brand":[3479],"product_cat":[1278],"product_tag":[],"class_list":{"0":"post-732373","1":"product","2":"type-product","3":"status-publish","4":"has-post-thumbnail","6":"product_brand-tessilmare-fr","7":"product_cat-profils-de-pare-battage","9":"first","10":"instock","11":"shipping-taxable","12":"purchasable","13":"product-type-simple"},"_links":{"self":[{"href":"https:\/\/stoic-curie.212-227-153-4.plesk.page\/fr\/wp-json\/wp\/v2\/product\/732373","targetHints":{"allow":["GET"]}}],"collection":[{"href":"https:\/\/stoic-curie.212-227-153-4.plesk.page\/fr\/wp-json\/wp\/v2\/product"}],"about":[{"href":"https:\/\/stoic-curie.212-227-153-4.plesk.page\/fr\/wp-json\/wp\/v2\/types\/product"}],"replies":[{"embeddable":true,"href":"https:\/\/stoic-curie.212-227-153-4.plesk.page\/fr\/wp-json\/wp\/v2\/comments?post=732373"}],"version-history":[{"count":0,"href":"https:\/\/stoic-curie.212-227-153-4.plesk.page\/fr\/wp-json\/wp\/v2\/product\/732373\/revisions"}],"wp:featuredmedia":[{"embeddable":true,"href":"https:\/\/stoic-curie.212-227-153-4.plesk.page\/fr\/wp-json\/wp\/v2\/media\/5949079"}],"wp:attachment":[{"href":"https:\/\/stoic-curie.212-227-153-4.plesk.page\/fr\/wp-json\/wp\/v2\/media?parent=732373"}],"wp:term":[{"taxonomy":"product_brand","embeddable":true,"href":"https:\/\/stoic-curie.212-227-153-4.plesk.page\/fr\/wp-json\/wp\/v2\/product_brand?post=732373"},{"taxonomy":"product_cat","embeddable":true,"href":"https:\/\/stoic-curie.212-227-153-4.plesk.page\/fr\/wp-json\/wp\/v2\/product_cat?post=732373"},{"taxonomy":"product_tag","embeddable":true,"href":"https:\/\/stoic-curie.212-227-153-4.plesk.page\/fr\/wp-json\/wp\/v2\/product_tag?post=732373"}],"curies":[{"name":"wp","href":"https:\/\/api.w.org\/{rel}","templated":true}]}}