{"id":732376,"date":"2025-03-03T16:15:03","date_gmt":"2025-03-03T15:15:03","guid":{"rendered":"https:\/\/stoic-curie.212-227-153-4.plesk.page\/producto\/bride-de-rechange-pour-dometic-nrx115\/"},"modified":"2026-02-24T23:08:55","modified_gmt":"2026-02-24T23:08:55","slug":"bride-de-rechange-pour-dometic-nrx115","status":"publish","type":"product","link":"https:\/\/stoic-curie.212-227-153-4.plesk.page\/fr\/product\/bride-de-rechange-pour-dometic-nrx115\/","title":{"rendered":"Bride de rechange pour Dometic NRX115"},"content":{"rendered":"<p>Bride de rechange pour Dometic NRX115 &#8211; <\/p>\n<p>Cadres de finition pour l&#8217;installation de r\u00e9frig\u00e9rateurs Dometic avec porte affleurante ou porte standard. Les cadres de r\u00e9frig\u00e9rateur du mod\u00e8le NRX, vernis argent fonc\u00e9, permettent une installation tant de portes affleurantes que standard.<\/p>\n","protected":false},"excerpt":{"rendered":"<p>Bride de rechange pour Dometic NRX115 &#8211; Cadres de finition pour l&#8217;installation de r\u00e9frig\u00e9rateurs Dometic avec porte affleurante ou porte<\/p>\n","protected":false},"featured_media":5948974,"comment_status":"open","ping_status":"closed","template":"","meta":[],"product_brand":[2894],"product_cat":[1177],"product_tag":[],"class_list":{"0":"post-732376","1":"product","2":"type-product","3":"status-publish","4":"has-post-thumbnail","6":"product_brand-dometic-fr","7":"product_cat-refrigerateurs-et-congelateurs","9":"first","10":"instock","11":"shipping-taxable","12":"purchasable","13":"product-type-simple"},"_links":{"self":[{"href":"https:\/\/stoic-curie.212-227-153-4.plesk.page\/fr\/wp-json\/wp\/v2\/product\/732376","targetHints":{"allow":["GET"]}}],"collection":[{"href":"https:\/\/stoic-curie.212-227-153-4.plesk.page\/fr\/wp-json\/wp\/v2\/product"}],"about":[{"href":"https:\/\/stoic-curie.212-227-153-4.plesk.page\/fr\/wp-json\/wp\/v2\/types\/product"}],"replies":[{"embeddable":true,"href":"https:\/\/stoic-curie.212-227-153-4.plesk.page\/fr\/wp-json\/wp\/v2\/comments?post=732376"}],"version-history":[{"count":0,"href":"https:\/\/stoic-curie.212-227-153-4.plesk.page\/fr\/wp-json\/wp\/v2\/product\/732376\/revisions"}],"wp:featuredmedia":[{"embeddable":true,"href":"https:\/\/stoic-curie.212-227-153-4.plesk.page\/fr\/wp-json\/wp\/v2\/media\/5948974"}],"wp:attachment":[{"href":"https:\/\/stoic-curie.212-227-153-4.plesk.page\/fr\/wp-json\/wp\/v2\/media?parent=732376"}],"wp:term":[{"taxonomy":"product_brand","embeddable":true,"href":"https:\/\/stoic-curie.212-227-153-4.plesk.page\/fr\/wp-json\/wp\/v2\/product_brand?post=732376"},{"taxonomy":"product_cat","embeddable":true,"href":"https:\/\/stoic-curie.212-227-153-4.plesk.page\/fr\/wp-json\/wp\/v2\/product_cat?post=732376"},{"taxonomy":"product_tag","embeddable":true,"href":"https:\/\/stoic-curie.212-227-153-4.plesk.page\/fr\/wp-json\/wp\/v2\/product_tag?post=732376"}],"curies":[{"name":"wp","href":"https:\/\/api.w.org\/{rel}","templated":true}]}}