{"id":732378,"date":"2025-03-03T16:15:03","date_gmt":"2025-03-03T15:15:03","guid":{"rendered":"https:\/\/stoic-curie.212-227-153-4.plesk.page\/producto\/feu-de-navigation-dhr-225o-noir-blanc\/"},"modified":"2026-02-24T23:08:55","modified_gmt":"2026-02-24T23:08:55","slug":"feu-de-navigation-dhr-225o-noir-blanc","status":"publish","type":"product","link":"https:\/\/stoic-curie.212-227-153-4.plesk.page\/fr\/product\/feu-de-navigation-dhr-225o-noir-blanc\/","title":{"rendered":"Feu de navigation DHR 225\u00ba Noir-Blanc"},"content":{"rendered":"<p>Feu de navigation DHR 225\u00ba Noir-Blanc &#8211; <\/p>\n<p>Feux de navigation DHR pour bateaux jusqu&#8217;\u00e0 50 m\u00e8tres. \u00c9tanches, non magn\u00e9tiques, avec corps en polycarbonate charg\u00e9 et lentilles Fresnel anti-chocs. \u00c0 compl\u00e9ter avec une ampoule BAY15D. Certifi\u00e9 Bureau Veritas MED 2014\/90\/EU et conforme \u00e0 COLREG\/IMO\/EN\/IEC.<\/p>\n","protected":false},"excerpt":{"rendered":"<p>Feu de navigation DHR 225\u00ba Noir-Blanc &#8211; Feux de navigation DHR pour bateaux jusqu&#8217;\u00e0 50 m\u00e8tres. \u00c9tanches, non magn\u00e9tiques, avec<\/p>\n","protected":false},"featured_media":5949082,"comment_status":"open","ping_status":"closed","template":"","meta":[],"product_brand":[2879],"product_cat":[1167],"product_tag":[],"class_list":{"0":"post-732378","1":"product","2":"type-product","3":"status-publish","4":"has-post-thumbnail","6":"product_brand-dhr-fr","7":"product_cat-feux-de-navigation","9":"first","10":"instock","11":"shipping-taxable","12":"purchasable","13":"product-type-simple"},"_links":{"self":[{"href":"https:\/\/stoic-curie.212-227-153-4.plesk.page\/fr\/wp-json\/wp\/v2\/product\/732378","targetHints":{"allow":["GET"]}}],"collection":[{"href":"https:\/\/stoic-curie.212-227-153-4.plesk.page\/fr\/wp-json\/wp\/v2\/product"}],"about":[{"href":"https:\/\/stoic-curie.212-227-153-4.plesk.page\/fr\/wp-json\/wp\/v2\/types\/product"}],"replies":[{"embeddable":true,"href":"https:\/\/stoic-curie.212-227-153-4.plesk.page\/fr\/wp-json\/wp\/v2\/comments?post=732378"}],"version-history":[{"count":0,"href":"https:\/\/stoic-curie.212-227-153-4.plesk.page\/fr\/wp-json\/wp\/v2\/product\/732378\/revisions"}],"wp:featuredmedia":[{"embeddable":true,"href":"https:\/\/stoic-curie.212-227-153-4.plesk.page\/fr\/wp-json\/wp\/v2\/media\/5949082"}],"wp:attachment":[{"href":"https:\/\/stoic-curie.212-227-153-4.plesk.page\/fr\/wp-json\/wp\/v2\/media?parent=732378"}],"wp:term":[{"taxonomy":"product_brand","embeddable":true,"href":"https:\/\/stoic-curie.212-227-153-4.plesk.page\/fr\/wp-json\/wp\/v2\/product_brand?post=732378"},{"taxonomy":"product_cat","embeddable":true,"href":"https:\/\/stoic-curie.212-227-153-4.plesk.page\/fr\/wp-json\/wp\/v2\/product_cat?post=732378"},{"taxonomy":"product_tag","embeddable":true,"href":"https:\/\/stoic-curie.212-227-153-4.plesk.page\/fr\/wp-json\/wp\/v2\/product_tag?post=732378"}],"curies":[{"name":"wp","href":"https:\/\/api.w.org\/{rel}","templated":true}]}}