{"id":732380,"date":"2025-03-03T16:15:03","date_gmt":"2025-03-03T15:15:03","guid":{"rendered":"https:\/\/stoic-curie.212-227-153-4.plesk.page\/producto\/plancher-couleur-gris-100-x-200-cm\/"},"modified":"2026-02-24T23:08:55","modified_gmt":"2026-02-24T23:08:55","slug":"plancher-couleur-gris-100-x-200-cm","status":"publish","type":"product","link":"https:\/\/stoic-curie.212-227-153-4.plesk.page\/fr\/product\/plancher-couleur-gris-100-x-200-cm\/","title":{"rendered":"Plancher couleur gris 100 x 200 cm"},"content":{"rendered":"<p>Plancher couleur gris 100 x 200 cm &#8211; <\/p>\n<p>Rev\u00eatement de pont en mat\u00e9riau en mousse EVA \u00e0 cellules ferm\u00e9es, \u00e0 fa\u00e7onner et \u00e0 coller sur la partie \u00e0 couvrir. Id\u00e9al pour les ponts, les cockpits, les flybridges, les passerelles, les couloirs et les entr\u00e9es. Il rend toutes les surfaces de marche antid\u00e9rapantes et renouvelle le bateau en lui donnant l&#8217;apparence d&#8217;un rev\u00eatement en teck. Le mat\u00e9riau en mousse \u00e0 deux couches de 6 mm d&#8217;\u00e9paisseur garantit un \u00e9quilibre parfait entre confort et r\u00e9sistance, il est tr\u00e8s facile \u00e0 nettoyer et n&#8217;absorbe pas les taches. Une colle en polyur\u00e9thane de faible densit\u00e9 est requise pour l&#8217;installation.<\/p>\n","protected":false},"excerpt":{"rendered":"<p>Plancher couleur gris 100 x 200 cm &#8211; Rev\u00eatement de pont en mat\u00e9riau en mousse EVA \u00e0 cellules ferm\u00e9es, \u00e0<\/p>\n","protected":false},"featured_media":5949096,"comment_status":"open","ping_status":"closed","template":"","meta":[],"product_brand":[3449],"product_cat":[1055],"product_tag":[],"class_list":{"0":"post-732380","1":"product","2":"type-product","3":"status-publish","4":"has-post-thumbnail","6":"product_brand-tbs-fr","7":"product_cat-rubans-et-revetements-antiderapants","9":"first","10":"instock","11":"shipping-taxable","12":"purchasable","13":"product-type-simple"},"_links":{"self":[{"href":"https:\/\/stoic-curie.212-227-153-4.plesk.page\/fr\/wp-json\/wp\/v2\/product\/732380","targetHints":{"allow":["GET"]}}],"collection":[{"href":"https:\/\/stoic-curie.212-227-153-4.plesk.page\/fr\/wp-json\/wp\/v2\/product"}],"about":[{"href":"https:\/\/stoic-curie.212-227-153-4.plesk.page\/fr\/wp-json\/wp\/v2\/types\/product"}],"replies":[{"embeddable":true,"href":"https:\/\/stoic-curie.212-227-153-4.plesk.page\/fr\/wp-json\/wp\/v2\/comments?post=732380"}],"version-history":[{"count":0,"href":"https:\/\/stoic-curie.212-227-153-4.plesk.page\/fr\/wp-json\/wp\/v2\/product\/732380\/revisions"}],"wp:featuredmedia":[{"embeddable":true,"href":"https:\/\/stoic-curie.212-227-153-4.plesk.page\/fr\/wp-json\/wp\/v2\/media\/5949096"}],"wp:attachment":[{"href":"https:\/\/stoic-curie.212-227-153-4.plesk.page\/fr\/wp-json\/wp\/v2\/media?parent=732380"}],"wp:term":[{"taxonomy":"product_brand","embeddable":true,"href":"https:\/\/stoic-curie.212-227-153-4.plesk.page\/fr\/wp-json\/wp\/v2\/product_brand?post=732380"},{"taxonomy":"product_cat","embeddable":true,"href":"https:\/\/stoic-curie.212-227-153-4.plesk.page\/fr\/wp-json\/wp\/v2\/product_cat?post=732380"},{"taxonomy":"product_tag","embeddable":true,"href":"https:\/\/stoic-curie.212-227-153-4.plesk.page\/fr\/wp-json\/wp\/v2\/product_tag?post=732380"}],"curies":[{"name":"wp","href":"https:\/\/api.w.org\/{rel}","templated":true}]}}