{"id":732427,"date":"2025-03-03T16:15:13","date_gmt":"2025-03-03T15:15:13","guid":{"rendered":"https:\/\/stoic-curie.212-227-153-4.plesk.page\/producto\/capteur-deau-parker-racor\/"},"modified":"2026-02-24T23:08:55","modified_gmt":"2026-02-24T23:08:55","slug":"capteur-deau-parker-racor","status":"publish","type":"product","link":"https:\/\/stoic-curie.212-227-153-4.plesk.page\/fr\/product\/capteur-deau-parker-racor\/","title":{"rendered":"Capteur d`eau Parker Racor"},"content":{"rendered":"<p>Capteur d`eau Parker Racor &#8211; <\/p>\n<p>Filtres \u00e0 diesel Racor de qualit\u00e9 sup\u00e9rieure avec des \u00e9l\u00e9ments de filtration multilevel AQUABLOC (99 % d&#8217;efficacit\u00e9 dans la s\u00e9paration de l&#8217;eau et du diesel).<\/p>\n","protected":false},"excerpt":{"rendered":"<p>Capteur d`eau Parker Racor &#8211; Filtres \u00e0 diesel Racor de qualit\u00e9 sup\u00e9rieure avec des \u00e9l\u00e9ments de filtration multilevel AQUABLOC (99<\/p>\n","protected":false},"featured_media":5949097,"comment_status":"open","ping_status":"closed","template":"","meta":[],"product_brand":[3244],"product_cat":[1223],"product_tag":[],"class_list":{"0":"post-732427","1":"product","2":"type-product","3":"status-publish","4":"has-post-thumbnail","6":"product_brand-parker-racor-fr","7":"product_cat-filtres-separateur-deau-de-carburant","9":"first","10":"instock","11":"shipping-taxable","12":"purchasable","13":"product-type-simple"},"_links":{"self":[{"href":"https:\/\/stoic-curie.212-227-153-4.plesk.page\/fr\/wp-json\/wp\/v2\/product\/732427","targetHints":{"allow":["GET"]}}],"collection":[{"href":"https:\/\/stoic-curie.212-227-153-4.plesk.page\/fr\/wp-json\/wp\/v2\/product"}],"about":[{"href":"https:\/\/stoic-curie.212-227-153-4.plesk.page\/fr\/wp-json\/wp\/v2\/types\/product"}],"replies":[{"embeddable":true,"href":"https:\/\/stoic-curie.212-227-153-4.plesk.page\/fr\/wp-json\/wp\/v2\/comments?post=732427"}],"version-history":[{"count":0,"href":"https:\/\/stoic-curie.212-227-153-4.plesk.page\/fr\/wp-json\/wp\/v2\/product\/732427\/revisions"}],"wp:featuredmedia":[{"embeddable":true,"href":"https:\/\/stoic-curie.212-227-153-4.plesk.page\/fr\/wp-json\/wp\/v2\/media\/5949097"}],"wp:attachment":[{"href":"https:\/\/stoic-curie.212-227-153-4.plesk.page\/fr\/wp-json\/wp\/v2\/media?parent=732427"}],"wp:term":[{"taxonomy":"product_brand","embeddable":true,"href":"https:\/\/stoic-curie.212-227-153-4.plesk.page\/fr\/wp-json\/wp\/v2\/product_brand?post=732427"},{"taxonomy":"product_cat","embeddable":true,"href":"https:\/\/stoic-curie.212-227-153-4.plesk.page\/fr\/wp-json\/wp\/v2\/product_cat?post=732427"},{"taxonomy":"product_tag","embeddable":true,"href":"https:\/\/stoic-curie.212-227-153-4.plesk.page\/fr\/wp-json\/wp\/v2\/product_tag?post=732427"}],"curies":[{"name":"wp","href":"https:\/\/api.w.org\/{rel}","templated":true}]}}