{"id":732429,"date":"2025-03-03T16:15:14","date_gmt":"2025-03-03T15:15:14","guid":{"rendered":"https:\/\/stoic-curie.212-227-153-4.plesk.page\/producto\/joint-en-caoutchouc-3m-125-x-125-mm-15-m\/"},"modified":"2026-02-24T23:08:55","modified_gmt":"2026-02-24T23:08:55","slug":"joint-en-caoutchouc-3m-125-x-125-mm-15-m","status":"publish","type":"product","link":"https:\/\/stoic-curie.212-227-153-4.plesk.page\/fr\/product\/joint-en-caoutchouc-3m-125-x-125-mm-15-m\/","title":{"rendered":"Joint en caoutchouc 3M 12,5 x 12,5 mm 15 m"},"content":{"rendered":"<p>Joint en caoutchouc 3M 12,5 x 12,5 mm 15 m &#8211; <\/p>\n<p>Joint \u00e9tanche Trim-Lok pour portes, trappes et verrous. Complet avec colle acrylique HT ou forte colle 3M sp\u00e9cifique pour l&#8217;ext\u00e9rieur. Il est facilement montable gr\u00e2ce \u00e0 la structure en caoutchouc EPDM expans\u00e9 qui s&#8217;adapte parfaitement \u00e0 la forme du bord. Pack de 15 m\u00e8tres.<\/p>\n","protected":false},"excerpt":{"rendered":"<p>Joint en caoutchouc 3M 12,5 x 12,5 mm 15 m &#8211; Joint \u00e9tanche Trim-Lok pour portes, trappes et verrous. Complet<\/p>\n","protected":false},"featured_media":5949099,"comment_status":"open","ping_status":"closed","template":"","meta":[],"product_brand":[3479],"product_cat":[1128],"product_tag":[],"class_list":{"0":"post-732429","1":"product","2":"type-product","3":"status-publish","4":"has-post-thumbnail","6":"product_brand-tessilmare-fr","7":"product_cat-panneaux-de-pont","9":"first","10":"instock","11":"shipping-taxable","12":"purchasable","13":"product-type-simple"},"_links":{"self":[{"href":"https:\/\/stoic-curie.212-227-153-4.plesk.page\/fr\/wp-json\/wp\/v2\/product\/732429","targetHints":{"allow":["GET"]}}],"collection":[{"href":"https:\/\/stoic-curie.212-227-153-4.plesk.page\/fr\/wp-json\/wp\/v2\/product"}],"about":[{"href":"https:\/\/stoic-curie.212-227-153-4.plesk.page\/fr\/wp-json\/wp\/v2\/types\/product"}],"replies":[{"embeddable":true,"href":"https:\/\/stoic-curie.212-227-153-4.plesk.page\/fr\/wp-json\/wp\/v2\/comments?post=732429"}],"version-history":[{"count":0,"href":"https:\/\/stoic-curie.212-227-153-4.plesk.page\/fr\/wp-json\/wp\/v2\/product\/732429\/revisions"}],"wp:featuredmedia":[{"embeddable":true,"href":"https:\/\/stoic-curie.212-227-153-4.plesk.page\/fr\/wp-json\/wp\/v2\/media\/5949099"}],"wp:attachment":[{"href":"https:\/\/stoic-curie.212-227-153-4.plesk.page\/fr\/wp-json\/wp\/v2\/media?parent=732429"}],"wp:term":[{"taxonomy":"product_brand","embeddable":true,"href":"https:\/\/stoic-curie.212-227-153-4.plesk.page\/fr\/wp-json\/wp\/v2\/product_brand?post=732429"},{"taxonomy":"product_cat","embeddable":true,"href":"https:\/\/stoic-curie.212-227-153-4.plesk.page\/fr\/wp-json\/wp\/v2\/product_cat?post=732429"},{"taxonomy":"product_tag","embeddable":true,"href":"https:\/\/stoic-curie.212-227-153-4.plesk.page\/fr\/wp-json\/wp\/v2\/product_tag?post=732429"}],"curies":[{"name":"wp","href":"https:\/\/api.w.org\/{rel}","templated":true}]}}