{"id":732433,"date":"2025-03-03T16:15:14","date_gmt":"2025-03-03T15:15:14","guid":{"rendered":"https:\/\/stoic-curie.212-227-153-4.plesk.page\/producto\/ancre-ultra-inox-5kg\/"},"modified":"2026-02-24T23:08:55","modified_gmt":"2026-02-24T23:08:55","slug":"ancre-ultra-inox-5kg","status":"publish","type":"product","link":"https:\/\/stoic-curie.212-227-153-4.plesk.page\/fr\/product\/ancre-ultra-inox-5kg\/","title":{"rendered":"Ancre Ultra 5kg"},"content":{"rendered":"<p>Ancre Ultra 5kg &#8211; <\/p>\n<p style=\"color: rgb(34, 34, 34); font-family: Arial, Helvetica, sans-serif; font-size: small;\"><strong>ULTRA MARINE UA5-11 &#8211; Ancre en acier inoxydable 316 de 5 kg (11 lbs)<\/strong><\/p>\n<p style=\"color: rgb(34, 34, 34); font-family: Arial, Helvetica, sans-serif; font-size: small;\">L&#8217;UA5-11 est consid\u00e9r\u00e9e comme la meilleure ancre en acier inoxydable au monde, reconnue pour son excellente prise et sa capacit\u00e9 de maintien. Sa r\u00e9partition du poids, soigneusement \u00e9tudi\u00e9e, garantit un positionnement optimal et un angle parfait pour une p\u00e9n\u00e9tration efficace. Son design concave assure une tenue solide dans diverses conditions maritimes et de vent. De plus, l&#8217;innovante conception de la base arri\u00e8re emp\u00eache la cha\u00eene de se tordre autour de la tige, facilitant une r\u00e9cup\u00e9ration s\u00fbre et simple de l&#8217;ancre en cas d&#8217;enchev\u00eatrement.<\/p>\n<p style=\"color: rgb(34, 34, 34); font-family: Arial, Helvetica, sans-serif; font-size: small;\">La s\u00e9rie ULTRA Anchor incarne les normes les plus \u00e9lev\u00e9es de la technologie d&#8217;ancrage et de l&#8217;artisanat. Chaque ancre est soigneusement fabriqu\u00e9e \u00e0 la main en acier inoxydable 316 et polie \u00e0 la perfection, garantissant une qualit\u00e9 in\u00e9gal\u00e9e. L&#8217;ULTRA Anchor est con\u00e7ue pour \u00eatre compatible avec tous les types de navires, s&#8217;ajustant solidement au rouleau de proue. Elle convient aux voiliers mesurant jusqu&#8217;\u00e0 5,2 m\u00e8tres, aux bateaux \u00e0 moteur jusqu&#8217;\u00e0 5,8 m\u00e8tres et aux catamarans jusqu&#8217;\u00e0 4,5 m\u00e8tres.<\/p>\n<p style=\"color: rgb(34, 34, 34); font-family: Arial, Helvetica, sans-serif; font-size: small;\">L&#8217;ULTRA Anchor met en avant l&#8217;importance d&#8217;une r\u00e9partition efficace du poids et d&#8217;un design intelligent tant pour la mise \u00e0 l&#8217;eau que pour la r\u00e9cup\u00e9ration de votre ancre. Si vous deviez retourner une ancre ULTRA, elle reviendrait automatiquement \u00e0 sa position d&#8217;attaque.<\/p>\n<p style=\"color: rgb(34, 34, 34); font-family: Arial, Helvetica, sans-serif; font-size: small;\">Cette performance remarquable est due aux caract\u00e9ristiques innovantes et brevet\u00e9es de l&#8217;ancre, incluant une pointe incurv\u00e9e remplie de plomb pour une p\u00e9n\u00e9tration imm\u00e9diate, un corps creux pour une r\u00e9partition optimale du poids, des surfaces de base concaves pour un pouvoir de maintien accru, et de grandes plaques lat\u00e9rales qui emp\u00eachent le l\u00e2cher en cas de changement de vent ou de mar\u00e9e. Chaque ancre int\u00e8gre \u00e9galement une surface de pivot plat sur le dessous pour une r\u00e9cup\u00e9ration sans effort.<\/p>\n<p style=\"color: rgb(34, 34, 34); font-family: Arial, Helvetica, sans-serif; font-size: small;\">La s\u00e9rie ULTRA Anchor propose des tailles allant de 5 kg (11 lbs) \u00e0 360 kg (800 lbs). Fabriqu\u00e9e \u00e0 partir de mat\u00e9riaux de premier choix en Europe par des ing\u00e9nieurs sp\u00e9cialis\u00e9s, l&#8217;ULTRA Anchor est garantie \u00e0 vie.<\/p>\n","protected":false},"excerpt":{"rendered":"<p>Ancre Ultra 5kg &#8211; ULTRA MARINE UA5-11 &#8211; Ancre en acier inoxydable 316 de 5 kg (11 lbs) L&#8217;UA5-11 est<\/p>\n","protected":false},"featured_media":5946951,"comment_status":"open","ping_status":"closed","template":"","meta":[],"product_brand":[3494],"product_cat":[1293],"product_tag":[],"class_list":{"0":"post-732433","1":"product","2":"type-product","3":"status-publish","4":"has-post-thumbnail","6":"product_brand-ultra-marine-fr","7":"product_cat-ancres-ultra","9":"first","10":"instock","11":"shipping-taxable","12":"purchasable","13":"product-type-simple"},"_links":{"self":[{"href":"https:\/\/stoic-curie.212-227-153-4.plesk.page\/fr\/wp-json\/wp\/v2\/product\/732433","targetHints":{"allow":["GET"]}}],"collection":[{"href":"https:\/\/stoic-curie.212-227-153-4.plesk.page\/fr\/wp-json\/wp\/v2\/product"}],"about":[{"href":"https:\/\/stoic-curie.212-227-153-4.plesk.page\/fr\/wp-json\/wp\/v2\/types\/product"}],"replies":[{"embeddable":true,"href":"https:\/\/stoic-curie.212-227-153-4.plesk.page\/fr\/wp-json\/wp\/v2\/comments?post=732433"}],"version-history":[{"count":0,"href":"https:\/\/stoic-curie.212-227-153-4.plesk.page\/fr\/wp-json\/wp\/v2\/product\/732433\/revisions"}],"wp:featuredmedia":[{"embeddable":true,"href":"https:\/\/stoic-curie.212-227-153-4.plesk.page\/fr\/wp-json\/wp\/v2\/media\/5946951"}],"wp:attachment":[{"href":"https:\/\/stoic-curie.212-227-153-4.plesk.page\/fr\/wp-json\/wp\/v2\/media?parent=732433"}],"wp:term":[{"taxonomy":"product_brand","embeddable":true,"href":"https:\/\/stoic-curie.212-227-153-4.plesk.page\/fr\/wp-json\/wp\/v2\/product_brand?post=732433"},{"taxonomy":"product_cat","embeddable":true,"href":"https:\/\/stoic-curie.212-227-153-4.plesk.page\/fr\/wp-json\/wp\/v2\/product_cat?post=732433"},{"taxonomy":"product_tag","embeddable":true,"href":"https:\/\/stoic-curie.212-227-153-4.plesk.page\/fr\/wp-json\/wp\/v2\/product_tag?post=732433"}],"curies":[{"name":"wp","href":"https:\/\/api.w.org\/{rel}","templated":true}]}}