{"id":732435,"date":"2025-03-03T16:15:14","date_gmt":"2025-03-03T15:15:14","guid":{"rendered":"https:\/\/stoic-curie.212-227-153-4.plesk.page\/producto\/musto-dynamic-pro-ii-adapt-41-platinum\/"},"modified":"2026-02-24T23:08:55","modified_gmt":"2026-02-24T23:08:55","slug":"musto-dynamic-pro-ii-adapt-41-platinum","status":"publish","type":"product","link":"https:\/\/stoic-curie.212-227-153-4.plesk.page\/fr\/product\/musto-dynamic-pro-ii-adapt-41-platinum\/","title":{"rendered":"Musto Dynamic Pro II Adapt 41 Platinum"},"content":{"rendered":"<p>Musto Dynamic Pro II Adapt 41 Platinum &#8211; <\/p>\n<p>Basket de navigation Musto Dynamic Pro II Adapt avec construction en maille \u00e0 s\u00e9chage rapide en une seule couche, technologie de drainage d&#8217;eau XPL pour \u00e9viter le regroupement dans la chaussure, semelle ext\u00e9rieure Grip Flex multidirectionnelle pour une adh\u00e9rence exceptionnelle sur surfaces mouill\u00e9es, semelle Grip Deck en compos\u00e9 de caoutchouc collant pour une adh\u00e9rence s\u00fbre, cage de talon amortissante et syst\u00e8me de la\u00e7age Dynamic Gilly offrant une fermeture s\u00e9curis\u00e9e et confortable. <a href='#'>Cliquez ici pour v\u00e9rifier la taille exacte :<\/a><\/p>\n","protected":false},"excerpt":{"rendered":"<p>Musto Dynamic Pro II Adapt 41 Platinum &#8211; Basket de navigation Musto Dynamic Pro II Adapt avec construction en maille<\/p>\n","protected":false},"featured_media":5949106,"comment_status":"open","ping_status":"closed","template":"","meta":[],"product_brand":[3154],"product_cat":[1286,1280],"product_tag":[],"class_list":{"0":"post-732435","1":"product","2":"type-product","3":"status-publish","4":"has-post-thumbnail","6":"product_brand-musto-fr","7":"product_cat-chaussures-nautiques","8":"product_cat-vetements-musto","10":"first","11":"instock","12":"shipping-taxable","13":"purchasable","14":"product-type-simple"},"_links":{"self":[{"href":"https:\/\/stoic-curie.212-227-153-4.plesk.page\/fr\/wp-json\/wp\/v2\/product\/732435","targetHints":{"allow":["GET"]}}],"collection":[{"href":"https:\/\/stoic-curie.212-227-153-4.plesk.page\/fr\/wp-json\/wp\/v2\/product"}],"about":[{"href":"https:\/\/stoic-curie.212-227-153-4.plesk.page\/fr\/wp-json\/wp\/v2\/types\/product"}],"replies":[{"embeddable":true,"href":"https:\/\/stoic-curie.212-227-153-4.plesk.page\/fr\/wp-json\/wp\/v2\/comments?post=732435"}],"version-history":[{"count":0,"href":"https:\/\/stoic-curie.212-227-153-4.plesk.page\/fr\/wp-json\/wp\/v2\/product\/732435\/revisions"}],"wp:featuredmedia":[{"embeddable":true,"href":"https:\/\/stoic-curie.212-227-153-4.plesk.page\/fr\/wp-json\/wp\/v2\/media\/5949106"}],"wp:attachment":[{"href":"https:\/\/stoic-curie.212-227-153-4.plesk.page\/fr\/wp-json\/wp\/v2\/media?parent=732435"}],"wp:term":[{"taxonomy":"product_brand","embeddable":true,"href":"https:\/\/stoic-curie.212-227-153-4.plesk.page\/fr\/wp-json\/wp\/v2\/product_brand?post=732435"},{"taxonomy":"product_cat","embeddable":true,"href":"https:\/\/stoic-curie.212-227-153-4.plesk.page\/fr\/wp-json\/wp\/v2\/product_cat?post=732435"},{"taxonomy":"product_tag","embeddable":true,"href":"https:\/\/stoic-curie.212-227-153-4.plesk.page\/fr\/wp-json\/wp\/v2\/product_tag?post=732435"}],"curies":[{"name":"wp","href":"https:\/\/api.w.org\/{rel}","templated":true}]}}