{"id":732437,"date":"2025-03-03T16:15:15","date_gmt":"2025-03-03T15:15:15","guid":{"rendered":"https:\/\/stoic-curie.212-227-153-4.plesk.page\/producto\/musto-dynamic-pro-ii-adapt-42-5-platinum\/"},"modified":"2026-02-24T23:08:55","modified_gmt":"2026-02-24T23:08:55","slug":"musto-dynamic-pro-ii-adapt-42-5-platinum","status":"publish","type":"product","link":"https:\/\/stoic-curie.212-227-153-4.plesk.page\/fr\/product\/musto-dynamic-pro-ii-adapt-42-5-platinum\/","title":{"rendered":"Musto Dynamic Pro II Adapt 42.5 Platinum"},"content":{"rendered":"<p>Musto Dynamic Pro II Adapt 42.5 Platinum &#8211; <\/p>\n<p>Bateau Musto Dynamic Pro II Adapt avec une construction en mesh \u00e0 s\u00e9chage rapide \u00e0 une seule couche, technologie de drainage XPL pour \u00e9viter l&#8217;accumulation d&#8217;eau dans la chaussure, semelle ext\u00e9rieure Grip Flex multidirectionnelle pour une adh\u00e9rence exceptionnelle sur les surfaces mouill\u00e9es, semelle Grip Deck en caoutchouc collant pour une bonne prise, cage de talon absorbant les chocs et syst\u00e8me de la\u00e7age Gilly dynamique offrant un maintien s\u00fbr et confortable.<br \/>Cliquez ici pour v\u00e9rifier la taille exacte :<\/p>\n","protected":false},"excerpt":{"rendered":"<p>Musto Dynamic Pro II Adapt 42.5 Platinum &#8211; Bateau Musto Dynamic Pro II Adapt avec une construction en mesh \u00e0<\/p>\n","protected":false},"featured_media":5949106,"comment_status":"open","ping_status":"closed","template":"","meta":[],"product_brand":[3154],"product_cat":[1286,1280],"product_tag":[],"class_list":{"0":"post-732437","1":"product","2":"type-product","3":"status-publish","4":"has-post-thumbnail","6":"product_brand-musto-fr","7":"product_cat-chaussures-nautiques","8":"product_cat-vetements-musto","10":"first","11":"instock","12":"shipping-taxable","13":"purchasable","14":"product-type-simple"},"_links":{"self":[{"href":"https:\/\/stoic-curie.212-227-153-4.plesk.page\/fr\/wp-json\/wp\/v2\/product\/732437","targetHints":{"allow":["GET"]}}],"collection":[{"href":"https:\/\/stoic-curie.212-227-153-4.plesk.page\/fr\/wp-json\/wp\/v2\/product"}],"about":[{"href":"https:\/\/stoic-curie.212-227-153-4.plesk.page\/fr\/wp-json\/wp\/v2\/types\/product"}],"replies":[{"embeddable":true,"href":"https:\/\/stoic-curie.212-227-153-4.plesk.page\/fr\/wp-json\/wp\/v2\/comments?post=732437"}],"version-history":[{"count":0,"href":"https:\/\/stoic-curie.212-227-153-4.plesk.page\/fr\/wp-json\/wp\/v2\/product\/732437\/revisions"}],"wp:featuredmedia":[{"embeddable":true,"href":"https:\/\/stoic-curie.212-227-153-4.plesk.page\/fr\/wp-json\/wp\/v2\/media\/5949106"}],"wp:attachment":[{"href":"https:\/\/stoic-curie.212-227-153-4.plesk.page\/fr\/wp-json\/wp\/v2\/media?parent=732437"}],"wp:term":[{"taxonomy":"product_brand","embeddable":true,"href":"https:\/\/stoic-curie.212-227-153-4.plesk.page\/fr\/wp-json\/wp\/v2\/product_brand?post=732437"},{"taxonomy":"product_cat","embeddable":true,"href":"https:\/\/stoic-curie.212-227-153-4.plesk.page\/fr\/wp-json\/wp\/v2\/product_cat?post=732437"},{"taxonomy":"product_tag","embeddable":true,"href":"https:\/\/stoic-curie.212-227-153-4.plesk.page\/fr\/wp-json\/wp\/v2\/product_tag?post=732437"}],"curies":[{"name":"wp","href":"https:\/\/api.w.org\/{rel}","templated":true}]}}