{"id":732439,"date":"2025-03-03T16:15:15","date_gmt":"2025-03-03T15:15:15","guid":{"rendered":"https:\/\/stoic-curie.212-227-153-4.plesk.page\/producto\/musto-dynamic-pro-ii-adapt-44-platinum\/"},"modified":"2026-02-24T23:08:55","modified_gmt":"2026-02-24T23:08:55","slug":"musto-dynamic-pro-ii-adapt-44-platinum","status":"publish","type":"product","link":"https:\/\/stoic-curie.212-227-153-4.plesk.page\/fr\/product\/musto-dynamic-pro-ii-adapt-44-platinum\/","title":{"rendered":"Musto Dynamic Pro II Adapt 44 Platinum"},"content":{"rendered":"<p>Musto Dynamic Pro II Adapt 44 Platinum &#8211; <\/p>\n<p>Baskets de voile Musto Dynamic Pro II Adapt avec construction en maille \u00e0 s\u00e9chage rapide \u00e0 une seule couche, technologie de drainage d\u2019eau XPL pour \u00e9viter les accumulations dans la chaussure, semelle ext\u00e9rieure Grip Flex multidirectionnelle pour un grip exceptionnel sur surfaces humides, semelle Grip Deck en caoutchouc adh\u00e9rent pour une adh\u00e9rence s\u00fbre, coque de talon absorbante et syst\u00e8me de la\u00e7age Dynamic Gilly fournissant un maintien s\u00e9curis\u00e9 et confortable.<\/p>\n","protected":false},"excerpt":{"rendered":"<p>Musto Dynamic Pro II Adapt 44 Platinum &#8211; Baskets de voile Musto Dynamic Pro II Adapt avec construction en maille<\/p>\n","protected":false},"featured_media":5949106,"comment_status":"open","ping_status":"closed","template":"","meta":[],"product_brand":[3154],"product_cat":[1286,1280],"product_tag":[],"class_list":{"0":"post-732439","1":"product","2":"type-product","3":"status-publish","4":"has-post-thumbnail","6":"product_brand-musto-fr","7":"product_cat-chaussures-nautiques","8":"product_cat-vetements-musto","10":"first","11":"instock","12":"shipping-taxable","13":"purchasable","14":"product-type-simple"},"_links":{"self":[{"href":"https:\/\/stoic-curie.212-227-153-4.plesk.page\/fr\/wp-json\/wp\/v2\/product\/732439","targetHints":{"allow":["GET"]}}],"collection":[{"href":"https:\/\/stoic-curie.212-227-153-4.plesk.page\/fr\/wp-json\/wp\/v2\/product"}],"about":[{"href":"https:\/\/stoic-curie.212-227-153-4.plesk.page\/fr\/wp-json\/wp\/v2\/types\/product"}],"replies":[{"embeddable":true,"href":"https:\/\/stoic-curie.212-227-153-4.plesk.page\/fr\/wp-json\/wp\/v2\/comments?post=732439"}],"version-history":[{"count":0,"href":"https:\/\/stoic-curie.212-227-153-4.plesk.page\/fr\/wp-json\/wp\/v2\/product\/732439\/revisions"}],"wp:featuredmedia":[{"embeddable":true,"href":"https:\/\/stoic-curie.212-227-153-4.plesk.page\/fr\/wp-json\/wp\/v2\/media\/5949106"}],"wp:attachment":[{"href":"https:\/\/stoic-curie.212-227-153-4.plesk.page\/fr\/wp-json\/wp\/v2\/media?parent=732439"}],"wp:term":[{"taxonomy":"product_brand","embeddable":true,"href":"https:\/\/stoic-curie.212-227-153-4.plesk.page\/fr\/wp-json\/wp\/v2\/product_brand?post=732439"},{"taxonomy":"product_cat","embeddable":true,"href":"https:\/\/stoic-curie.212-227-153-4.plesk.page\/fr\/wp-json\/wp\/v2\/product_cat?post=732439"},{"taxonomy":"product_tag","embeddable":true,"href":"https:\/\/stoic-curie.212-227-153-4.plesk.page\/fr\/wp-json\/wp\/v2\/product_tag?post=732439"}],"curies":[{"name":"wp","href":"https:\/\/api.w.org\/{rel}","templated":true}]}}