{"id":732445,"date":"2025-03-03T16:15:16","date_gmt":"2025-03-03T15:15:16","guid":{"rendered":"https:\/\/stoic-curie.212-227-153-4.plesk.page\/producto\/regulateur-de-charge-solaire-mppt-20-amperes-dentree\/"},"modified":"2026-02-24T23:08:55","modified_gmt":"2026-02-24T23:08:55","slug":"regulateur-de-charge-solaire-mppt-20-amperes-dentree","status":"publish","type":"product","link":"https:\/\/stoic-curie.212-227-153-4.plesk.page\/fr\/product\/regulateur-de-charge-solaire-mppt-20-amperes-dentree\/","title":{"rendered":"R\u00e9gulateur de charge solaire MPPT 20 amp\u00e8res d`entr\u00e9e"},"content":{"rendered":"<p>R\u00e9gulateur de charge solaire MPPT 20 amp\u00e8res d`entr\u00e9e &#8211; <\/p>\n<p>Contr\u00f4leur de charge avec technologie MPPT pour syst\u00e8mes photovolta\u00efques qui r\u00e9cup\u00e8re l&#8217;exc\u00e8s de tension pour le transformer en charge suppl\u00e9mentaire, atteignant une efficacit\u00e9 de 97 %. Convient \u00e0 toutes les batteries au plomb, y compris AGM et gel. Non compatible avec les batteries au lithium et NiMH. Complet avec un affichage LED, double prise USB de 2A, sortie utilisateur directe et circuit de protection pour \u00e9viter les courts-circuits, les surtensions et la polarit\u00e9 invers\u00e9e.<\/p>\n","protected":false},"excerpt":{"rendered":"<p>R\u00e9gulateur de charge solaire MPPT 20 amp\u00e8res d`entr\u00e9e &#8211; Contr\u00f4leur de charge avec technologie MPPT pour syst\u00e8mes photovolta\u00efques qui r\u00e9cup\u00e8re<\/p>\n","protected":false},"featured_media":5949110,"comment_status":"open","ping_status":"closed","template":"","meta":[],"product_brand":[2829],"product_cat":[1175],"product_tag":[],"class_list":{"0":"post-732445","1":"product","2":"type-product","3":"status-publish","4":"has-post-thumbnail","6":"product_brand-blue-sea-systems-fr","7":"product_cat-panneaux-solaires","9":"first","10":"instock","11":"shipping-taxable","12":"purchasable","13":"product-type-simple"},"_links":{"self":[{"href":"https:\/\/stoic-curie.212-227-153-4.plesk.page\/fr\/wp-json\/wp\/v2\/product\/732445","targetHints":{"allow":["GET"]}}],"collection":[{"href":"https:\/\/stoic-curie.212-227-153-4.plesk.page\/fr\/wp-json\/wp\/v2\/product"}],"about":[{"href":"https:\/\/stoic-curie.212-227-153-4.plesk.page\/fr\/wp-json\/wp\/v2\/types\/product"}],"replies":[{"embeddable":true,"href":"https:\/\/stoic-curie.212-227-153-4.plesk.page\/fr\/wp-json\/wp\/v2\/comments?post=732445"}],"version-history":[{"count":0,"href":"https:\/\/stoic-curie.212-227-153-4.plesk.page\/fr\/wp-json\/wp\/v2\/product\/732445\/revisions"}],"wp:featuredmedia":[{"embeddable":true,"href":"https:\/\/stoic-curie.212-227-153-4.plesk.page\/fr\/wp-json\/wp\/v2\/media\/5949110"}],"wp:attachment":[{"href":"https:\/\/stoic-curie.212-227-153-4.plesk.page\/fr\/wp-json\/wp\/v2\/media?parent=732445"}],"wp:term":[{"taxonomy":"product_brand","embeddable":true,"href":"https:\/\/stoic-curie.212-227-153-4.plesk.page\/fr\/wp-json\/wp\/v2\/product_brand?post=732445"},{"taxonomy":"product_cat","embeddable":true,"href":"https:\/\/stoic-curie.212-227-153-4.plesk.page\/fr\/wp-json\/wp\/v2\/product_cat?post=732445"},{"taxonomy":"product_tag","embeddable":true,"href":"https:\/\/stoic-curie.212-227-153-4.plesk.page\/fr\/wp-json\/wp\/v2\/product_tag?post=732445"}],"curies":[{"name":"wp","href":"https:\/\/api.w.org\/{rel}","templated":true}]}}