{"id":732446,"date":"2025-03-03T16:15:16","date_gmt":"2025-03-03T15:15:16","guid":{"rendered":"https:\/\/stoic-curie.212-227-153-4.plesk.page\/producto\/regulateur-de-charge-solaire-mppt-30-amperes-dentree\/"},"modified":"2026-02-24T23:08:55","modified_gmt":"2026-02-24T23:08:55","slug":"regulateur-de-charge-solaire-mppt-30-amperes-dentree","status":"publish","type":"product","link":"https:\/\/stoic-curie.212-227-153-4.plesk.page\/fr\/product\/regulateur-de-charge-solaire-mppt-30-amperes-dentree\/","title":{"rendered":"R\u00e9gulateur de charge solaire MPPT 30 amp\u00e8res d`entr\u00e9e"},"content":{"rendered":"<p>R\u00e9gulateur de charge solaire MPPT 30 amp\u00e8res d`entr\u00e9e &#8211; <\/p>\n<p>Contr\u00f4leur de charge avec technologie MPPT pour syst\u00e8mes photovolta\u00efques qui r\u00e9cup\u00e8re la tension exc\u00e9dentaire pour la transformer en charge suppl\u00e9mentaire, atteignant une efficacit\u00e9 de 97%. Convient \u00e0 toutes les batteries plomb-acide, y compris AGM et gel. Non compatible avec les batteries lithium et NiMH. \u00c9quip\u00e9 d&#8217;un \u00e9cran LED, d&#8217;une double prise USB de 2A, d&#8217;une sortie utilisateur directe et d&#8217;un circuit de protection pour \u00e9viter les courts-circuits, les surtensions et l&#8217;inversion de polarit\u00e9.<\/p>\n","protected":false},"excerpt":{"rendered":"<p>R\u00e9gulateur de charge solaire MPPT 30 amp\u00e8res d`entr\u00e9e &#8211; Contr\u00f4leur de charge avec technologie MPPT pour syst\u00e8mes photovolta\u00efques qui r\u00e9cup\u00e8re<\/p>\n","protected":false},"featured_media":5949110,"comment_status":"open","ping_status":"closed","template":"","meta":[],"product_brand":[2829],"product_cat":[1175],"product_tag":[],"class_list":{"0":"post-732446","1":"product","2":"type-product","3":"status-publish","4":"has-post-thumbnail","6":"product_brand-blue-sea-systems-fr","7":"product_cat-panneaux-solaires","9":"first","10":"instock","11":"shipping-taxable","12":"purchasable","13":"product-type-simple"},"_links":{"self":[{"href":"https:\/\/stoic-curie.212-227-153-4.plesk.page\/fr\/wp-json\/wp\/v2\/product\/732446","targetHints":{"allow":["GET"]}}],"collection":[{"href":"https:\/\/stoic-curie.212-227-153-4.plesk.page\/fr\/wp-json\/wp\/v2\/product"}],"about":[{"href":"https:\/\/stoic-curie.212-227-153-4.plesk.page\/fr\/wp-json\/wp\/v2\/types\/product"}],"replies":[{"embeddable":true,"href":"https:\/\/stoic-curie.212-227-153-4.plesk.page\/fr\/wp-json\/wp\/v2\/comments?post=732446"}],"version-history":[{"count":0,"href":"https:\/\/stoic-curie.212-227-153-4.plesk.page\/fr\/wp-json\/wp\/v2\/product\/732446\/revisions"}],"wp:featuredmedia":[{"embeddable":true,"href":"https:\/\/stoic-curie.212-227-153-4.plesk.page\/fr\/wp-json\/wp\/v2\/media\/5949110"}],"wp:attachment":[{"href":"https:\/\/stoic-curie.212-227-153-4.plesk.page\/fr\/wp-json\/wp\/v2\/media?parent=732446"}],"wp:term":[{"taxonomy":"product_brand","embeddable":true,"href":"https:\/\/stoic-curie.212-227-153-4.plesk.page\/fr\/wp-json\/wp\/v2\/product_brand?post=732446"},{"taxonomy":"product_cat","embeddable":true,"href":"https:\/\/stoic-curie.212-227-153-4.plesk.page\/fr\/wp-json\/wp\/v2\/product_cat?post=732446"},{"taxonomy":"product_tag","embeddable":true,"href":"https:\/\/stoic-curie.212-227-153-4.plesk.page\/fr\/wp-json\/wp\/v2\/product_tag?post=732446"}],"curies":[{"name":"wp","href":"https:\/\/api.w.org\/{rel}","templated":true}]}}