{"id":732453,"date":"2025-03-03T16:15:18","date_gmt":"2025-03-03T15:15:18","guid":{"rendered":"https:\/\/stoic-curie.212-227-153-4.plesk.page\/producto\/vitrifrigo-d20a-blanc\/"},"modified":"2026-02-24T23:08:55","modified_gmt":"2026-02-24T23:08:55","slug":"vitrifrigo-d20a-blanc","status":"publish","type":"product","link":"https:\/\/stoic-curie.212-227-153-4.plesk.page\/fr\/product\/vitrifrigo-d20a-blanc\/","title":{"rendered":"R\u00e9frig\u00e9rateur Vitrifrigo D20A Blanc"},"content":{"rendered":"<p>R\u00e9frig\u00e9rateur Vitrifrigo D20A Blanc &#8211; <\/p>\n<p style=\"color: rgb(34, 34, 34); font-family: Arial, Helvetica, sans-serif; font-size: small;\"><strong>R\u00e9frig\u00e9rateur ou Freezer Tout-en-Un, D20A, Blanc, Vitrifrigo<\/strong><\/p>\n<p style=\"color: rgb(34, 34, 34); font-family: Arial, Helvetica, sans-serif; font-size: small;\">Le r\u00e9frig\u00e9rateur \u00e0 tiroir compact D20A offre une solution moderne pour vos besoins en refroidissement. Cette unit\u00e9 Vitrifrigo fonctionne avec un syst\u00e8me de refroidissement Danfoss externe 12\/24V, pouvant \u00eatre positionn\u00e9 jusqu&#8217;\u00e0 1,5 m\u00e8tre de distance, et dispose d&#8217;une ouverture de tiroir facile \u00e0 utiliser. Gr\u00e2ce au panneau du thermostat digital, vous pouvez r\u00e9gler sans effort le compartiment pour qu&#8217;il fonctionne comme un r\u00e9frig\u00e9rateur ou un cong\u00e9lateur \u00e0 la temp\u00e9rature souhait\u00e9e.<\/p>\n<p style=\"color: rgb(34, 34, 34); font-family: Arial, Helvetica, sans-serif; font-size: small;\">Avec une capacit\u00e9 totale de 20 litres et un design l\u00e9ger de seulement 15 kg, le D20A est sp\u00e9cialement con\u00e7u pour s&#8217;int\u00e9grer dans des espaces confin\u00e9s.<\/p>\n<p style=\"color: rgb(34, 34, 34); font-family: Arial, Helvetica, sans-serif; font-size: small;\">Le thermostat digital vous permet de modifier les r\u00e9glages de temp\u00e9rature entre +10 et -10 degr\u00e9s. De plus, il comprend une fonction sp\u00e9ciale &#8216;Mode Nuit&#8217;, qui permet d&#8217;\u00e9conomiser de l&#8217;\u00e9nergie et r\u00e9duit consid\u00e9rablement le niveau sonore.<\/p>\n<p style=\"color: rgb(34, 34, 34); font-family: Arial, Helvetica, sans-serif; font-size: small;\">L&#8217;unit\u00e9 de r\u00e9frig\u00e9ration \u00e0 distance renforce la flexibilit\u00e9 et l&#8217;adaptabilit\u00e9 de ce produit. Le D20A est propos\u00e9 en deux options de couleurs : blanc et noir.<\/p>\n<p style=\"color: rgb(34, 34, 34); font-family: Arial, Helvetica, sans-serif; font-size: small;\"><strong>Sp\u00e9cifications :<\/strong><\/p>\n<ul style=\"color: rgb(34, 34, 34); font-family: Arial, Helvetica, sans-serif; font-size: small;\">\n<li><strong>Finitions de Porte :<\/strong> ABS<\/li>\n<li><strong>Capacit\u00e9 :<\/strong> 20 litres<\/li>\n<li><strong>Hauteur :<\/strong> 250 mm<\/li>\n<li><strong>Longueur :<\/strong> 440 mm<\/li>\n<li><strong>Profondeur :<\/strong> 445 mm<\/li>\n<li><strong>Poids :<\/strong> 15 kg<\/li>\n<li><strong>S\u00e9rie :<\/strong> Tiroir Compact<\/li>\n<li><strong>Porte R\u00e9versible :<\/strong> Non<\/li>\n<li><strong>Thermostat :<\/strong> LED<\/li>\n<li><strong>Technologie de R\u00e9frig\u00e9ration :<\/strong> Compresseur<\/li>\n<li><strong>Unit\u00e9 de Refroidissement :<\/strong> Interne<\/li>\n<li><strong>Ouverture de Porte :<\/strong> Ouverture par tiroir<\/li>\n<li><strong>Tension :<\/strong> 12\/24 VDC<\/li>\n<\/ul>\n","protected":false},"excerpt":{"rendered":"<p>R\u00e9frig\u00e9rateur Vitrifrigo D20A Blanc &#8211; R\u00e9frig\u00e9rateur ou Freezer Tout-en-Un, D20A, Blanc, Vitrifrigo Le r\u00e9frig\u00e9rateur \u00e0 tiroir compact D20A offre une<\/p>\n","protected":false},"featured_media":5949113,"comment_status":"open","ping_status":"closed","template":"","meta":[],"product_brand":[3524],"product_cat":[1177],"product_tag":[],"class_list":{"0":"post-732453","1":"product","2":"type-product","3":"status-publish","4":"has-post-thumbnail","6":"product_brand-vitrifrigo-fr","7":"product_cat-refrigerateurs-et-congelateurs","9":"first","10":"instock","11":"shipping-taxable","12":"purchasable","13":"product-type-simple"},"_links":{"self":[{"href":"https:\/\/stoic-curie.212-227-153-4.plesk.page\/fr\/wp-json\/wp\/v2\/product\/732453","targetHints":{"allow":["GET"]}}],"collection":[{"href":"https:\/\/stoic-curie.212-227-153-4.plesk.page\/fr\/wp-json\/wp\/v2\/product"}],"about":[{"href":"https:\/\/stoic-curie.212-227-153-4.plesk.page\/fr\/wp-json\/wp\/v2\/types\/product"}],"replies":[{"embeddable":true,"href":"https:\/\/stoic-curie.212-227-153-4.plesk.page\/fr\/wp-json\/wp\/v2\/comments?post=732453"}],"version-history":[{"count":0,"href":"https:\/\/stoic-curie.212-227-153-4.plesk.page\/fr\/wp-json\/wp\/v2\/product\/732453\/revisions"}],"wp:featuredmedia":[{"embeddable":true,"href":"https:\/\/stoic-curie.212-227-153-4.plesk.page\/fr\/wp-json\/wp\/v2\/media\/5949113"}],"wp:attachment":[{"href":"https:\/\/stoic-curie.212-227-153-4.plesk.page\/fr\/wp-json\/wp\/v2\/media?parent=732453"}],"wp:term":[{"taxonomy":"product_brand","embeddable":true,"href":"https:\/\/stoic-curie.212-227-153-4.plesk.page\/fr\/wp-json\/wp\/v2\/product_brand?post=732453"},{"taxonomy":"product_cat","embeddable":true,"href":"https:\/\/stoic-curie.212-227-153-4.plesk.page\/fr\/wp-json\/wp\/v2\/product_cat?post=732453"},{"taxonomy":"product_tag","embeddable":true,"href":"https:\/\/stoic-curie.212-227-153-4.plesk.page\/fr\/wp-json\/wp\/v2\/product_tag?post=732453"}],"curies":[{"name":"wp","href":"https:\/\/api.w.org\/{rel}","templated":true}]}}