{"id":732456,"date":"2025-03-03T16:15:19","date_gmt":"2025-03-03T15:15:19","guid":{"rendered":"https:\/\/stoic-curie.212-227-153-4.plesk.page\/producto\/vitrifrigo-d30a-noir\/"},"modified":"2026-02-24T23:08:55","modified_gmt":"2026-02-24T23:08:55","slug":"vitrifrigo-d30a-noir","status":"publish","type":"product","link":"https:\/\/stoic-curie.212-227-153-4.plesk.page\/fr\/product\/vitrifrigo-d30a-noir\/","title":{"rendered":"R\u00e9frig\u00e9rateur Vitrifrigo D30A Noir"},"content":{"rendered":"<p>R\u00e9frig\u00e9rateur Vitrifrigo D30A Noir &#8211; <\/p>\n<p style=\"color: rgb(34, 34, 34); font-family: Arial, Helvetica, sans-serif; font-size: small;\"><strong>R\u00e9frig\u00e9rateur ou Cong\u00e9lateur Tout-en-Un, D30A, Noir, Vitrifrigo<\/strong><\/p>\n<p style=\"color: rgb(34, 34, 34); font-family: Arial, Helvetica, sans-serif; font-size: small;\">Le r\u00e9frig\u00e9rateur \u00e0 tiroir compact D30A est une solution innovante pour vos besoins de refroidissement. Ce r\u00e9frig\u00e9rateur Vitrifrigo est \u00e9quip\u00e9 d&#8217;une unit\u00e9 de refroidissement Danfoss externe 12\/24V qui peut \u00eatre plac\u00e9e jusqu&#8217;\u00e0 1,5 m\u00e8tre de distance, tout en offrant une ouverture de tiroir pratique. Le panneau de thermostat num\u00e9rique vous permet de r\u00e9gler le compartiment en tant que r\u00e9frig\u00e9rateur ou cong\u00e9lateur \u00e0 la temp\u00e9rature de votre choix.<\/p>\n<p style=\"color: rgb(34, 34, 34); font-family: Arial, Helvetica, sans-serif; font-size: small;\">Avec une capacit\u00e9 totale de 30 litres et un poids de seulement 17 kg, ce r\u00e9frig\u00e9rateur est con\u00e7u pour s&#8217;adapter parfaitement aux espaces restreints.<\/p>\n<p style=\"color: rgb(34, 34, 34); font-family: Arial, Helvetica, sans-serif; font-size: small;\">Le thermostat num\u00e9rique vous permet non seulement d&#8217;ajuster la temp\u00e9rature entre +10 et -10 degr\u00e9s, mais inclut \u00e9galement une fonction &#8216;Mode Nuit&#8217;. Ce mode aide \u00e0 \u00e9conomiser de l&#8217;\u00e9nergie et \u00e0 maintenir un niveau sonore extr\u00eamement bas.<\/p>\n<p style=\"color: rgb(34, 34, 34); font-family: Arial, Helvetica, sans-serif; font-size: small;\">L&#8217;unit\u00e9 de froid \u00e0 distance du D30A ajoute flexibilit\u00e9 et polyvalence \u00e0 ce produit. Il est disponible en deux couleurs : blanc et noir.<\/p>\n<p style=\"color: rgb(34, 34, 34); font-family: Arial, Helvetica, sans-serif; font-size: small;\"><strong>Sp\u00e9cifications :<\/strong><\/p>\n<ul style=\"color: rgb(34, 34, 34); font-family: Arial, Helvetica, sans-serif; font-size: small;\">\n<li><strong>Finition de la porte :<\/strong>&nbsp; ABS<\/li>\n<li><strong>Capacit\u00e9 :<\/strong>&nbsp; 30 litres<\/li>\n<li><strong>Hauteur :<\/strong>&nbsp; 250 mm<\/li>\n<li><strong>Longueur :<\/strong>&nbsp; 440 mm<\/li>\n<li><strong>Profondeur :<\/strong>&nbsp; 585 mm<\/li>\n<li><strong>Poids :<\/strong>&nbsp; 17 kg<\/li>\n<li><strong>S\u00e9rie :<\/strong>&nbsp; Tiroir Compact<\/li>\n<li><strong>Porte r\u00e9versible :<\/strong>&nbsp; Non<\/li>\n<li><strong>Thermostat :<\/strong>&nbsp; LED<\/li>\n<li><strong>Technologie de r\u00e9frig\u00e9ration :<\/strong>&nbsp; Compresseur<\/li>\n<li><strong>Unit\u00e9 de refroidissement :<\/strong>&nbsp; Interne<\/li>\n<li><strong>Ouverture de porte :<\/strong>&nbsp; Ouverture de tiroir<\/li>\n<li><strong>Tension :<\/strong>&nbsp; 12\/24 VDC<\/li>\n<\/ul>\n","protected":false},"excerpt":{"rendered":"<p>R\u00e9frig\u00e9rateur Vitrifrigo D30A Noir &#8211; R\u00e9frig\u00e9rateur ou Cong\u00e9lateur Tout-en-Un, D30A, Noir, Vitrifrigo Le r\u00e9frig\u00e9rateur \u00e0 tiroir compact D30A est une<\/p>\n","protected":false},"featured_media":5949119,"comment_status":"open","ping_status":"closed","template":"","meta":[],"product_brand":[3524],"product_cat":[1177],"product_tag":[],"class_list":{"0":"post-732456","1":"product","2":"type-product","3":"status-publish","4":"has-post-thumbnail","6":"product_brand-vitrifrigo-fr","7":"product_cat-refrigerateurs-et-congelateurs","9":"first","10":"instock","11":"shipping-taxable","12":"purchasable","13":"product-type-simple"},"_links":{"self":[{"href":"https:\/\/stoic-curie.212-227-153-4.plesk.page\/fr\/wp-json\/wp\/v2\/product\/732456","targetHints":{"allow":["GET"]}}],"collection":[{"href":"https:\/\/stoic-curie.212-227-153-4.plesk.page\/fr\/wp-json\/wp\/v2\/product"}],"about":[{"href":"https:\/\/stoic-curie.212-227-153-4.plesk.page\/fr\/wp-json\/wp\/v2\/types\/product"}],"replies":[{"embeddable":true,"href":"https:\/\/stoic-curie.212-227-153-4.plesk.page\/fr\/wp-json\/wp\/v2\/comments?post=732456"}],"version-history":[{"count":0,"href":"https:\/\/stoic-curie.212-227-153-4.plesk.page\/fr\/wp-json\/wp\/v2\/product\/732456\/revisions"}],"wp:featuredmedia":[{"embeddable":true,"href":"https:\/\/stoic-curie.212-227-153-4.plesk.page\/fr\/wp-json\/wp\/v2\/media\/5949119"}],"wp:attachment":[{"href":"https:\/\/stoic-curie.212-227-153-4.plesk.page\/fr\/wp-json\/wp\/v2\/media?parent=732456"}],"wp:term":[{"taxonomy":"product_brand","embeddable":true,"href":"https:\/\/stoic-curie.212-227-153-4.plesk.page\/fr\/wp-json\/wp\/v2\/product_brand?post=732456"},{"taxonomy":"product_cat","embeddable":true,"href":"https:\/\/stoic-curie.212-227-153-4.plesk.page\/fr\/wp-json\/wp\/v2\/product_cat?post=732456"},{"taxonomy":"product_tag","embeddable":true,"href":"https:\/\/stoic-curie.212-227-153-4.plesk.page\/fr\/wp-json\/wp\/v2\/product_tag?post=732456"}],"curies":[{"name":"wp","href":"https:\/\/api.w.org\/{rel}","templated":true}]}}