{"id":732458,"date":"2025-03-03T16:15:19","date_gmt":"2025-03-03T15:15:19","guid":{"rendered":"https:\/\/stoic-curie.212-227-153-4.plesk.page\/producto\/vitrifrigo-c51ix\/"},"modified":"2026-02-24T23:08:55","modified_gmt":"2026-02-24T23:08:55","slug":"vitrifrigo-c51ix","status":"publish","type":"product","link":"https:\/\/stoic-curie.212-227-153-4.plesk.page\/fr\/product\/vitrifrigo-c51ix\/","title":{"rendered":"Frigo-cong\u00e9lateur Vitrifrigo C51iX"},"content":{"rendered":"<p>Frigo-cong\u00e9lateur Vitrifrigo C51iX &#8211; <\/p>\n<p style=\"color: rgb(34, 34, 34); font-family: Arial, Helvetica, sans-serif; font-size: small;\">Nous vous pr\u00e9sentons le r\u00e9frig\u00e9rateur-cong\u00e9lateur Vitrifrigo C51iX OCX2, fabriqu\u00e9 en acier inoxydable. Ce mod\u00e8le poss\u00e8de un ext\u00e9rieur en acier inoxydable durable et est con\u00e7u avec une unit\u00e9 de refroidissement Danfoss interne de 12\/24V. Il comprend \u00e9galement une porte r\u00e9versible qui peut \u00eatre r\u00e9gl\u00e9e pour la ventilation en p\u00e9riode de non-utilisation. Le r\u00e9frig\u00e9rateur-cong\u00e9lateur est \u00e9quip\u00e9 d&#8217;une lumi\u00e8re LED, d&#8217;un thermostat m\u00e9canique et d&#8217;un profil coulissant pour une installation facile, qu&#8217;elle soit int\u00e9gr\u00e9e ou affleurante avec la porte.<\/p>\n<p style=\"color: rgb(34, 34, 34); font-family: Arial, Helvetica, sans-serif; font-size: small;\">Le C51iX OCX2 de la s\u00e9rie OCX2 est un excellent choix, offrant une capacit\u00e9 totale de 51 litres, dont un compartiment cong\u00e9lateur de 3,6 litres. L&#8217;unit\u00e9 de refroidissement est plac\u00e9e de mani\u00e8re pratique \u00e0 l&#8217;int\u00e9rieur de l&#8217;appareil.<\/p>\n<p style=\"color: rgb(34, 34, 34); font-family: Arial, Helvetica, sans-serif; font-size: small;\">L&#8217;une de ses caract\u00e9ristiques exceptionnelles est le syst\u00e8me de fermeture de porte \u00e0 enclenchement, con\u00e7u pour \u00e9viter les ouvertures accidentelles. De plus, la poign\u00e9e de la porte inclut une fonction de &#8220;position de ventilation&#8221;, permettant une ouverture partielle pendant les p\u00e9riodes d&#8217;inactivit\u00e9. Cela aide \u00e0 pr\u00e9venir les mauvaises odeurs et la formation de moisissure \u00e0 l&#8217;int\u00e9rieur.<\/p>\n<p style=\"color: rgb(34, 34, 34); font-family: Arial, Helvetica, sans-serif; font-size: small;\"><strong>Sp\u00e9cifications :<\/strong><\/p>\n<ul style=\"color: rgb(34, 34, 34); font-family: Arial, Helvetica, sans-serif; font-size: small;\">\n<li><strong>Finition de la porte :<\/strong> Acier inoxydable<\/li>\n<li><strong>Capacit\u00e9 :<\/strong> 51 litres<\/li>\n<li><strong>Hauteur :<\/strong> 545 mm<\/li>\n<li><strong>Longueur :<\/strong> 443 mm<\/li>\n<li><strong>Profondeur :<\/strong> 515 mm<\/li>\n<li><strong>S\u00e9rie :<\/strong> OCX2<\/li>\n<li><strong>Porte r\u00e9versible :<\/strong> Oui<\/li>\n<li><strong>Thermostat :<\/strong> M\u00e9canique<\/li>\n<li><strong>Technologie de refroidissement :<\/strong> Compresseur<\/li>\n<li><strong>Unit\u00e9 de refroidissement :<\/strong> Interne<\/li>\n<li><strong>Ouverture de la porte :<\/strong> Porte avant unique<\/li>\n<li><strong>Tension :<\/strong> 12\/24 VDC<\/li>\n<\/ul>\n<p style=\"color: rgb(34, 34, 34); font-family: Arial, Helvetica, sans-serif; font-size: small;\">Ce r\u00e9frig\u00e9rateur-cong\u00e9lateur allie fonctionnalit\u00e9 et style, ce qui en fait un excellent ajout \u00e0 votre bateau ou votre espace ext\u00e9rieur.<\/p>\n","protected":false},"excerpt":{"rendered":"<p>Frigo-cong\u00e9lateur Vitrifrigo C51iX &#8211; Nous vous pr\u00e9sentons le r\u00e9frig\u00e9rateur-cong\u00e9lateur Vitrifrigo C51iX OCX2, fabriqu\u00e9 en acier inoxydable. Ce mod\u00e8le poss\u00e8de un<\/p>\n","protected":false},"featured_media":5949126,"comment_status":"open","ping_status":"closed","template":"","meta":[],"product_brand":[3524],"product_cat":[1177],"product_tag":[],"class_list":{"0":"post-732458","1":"product","2":"type-product","3":"status-publish","4":"has-post-thumbnail","6":"product_brand-vitrifrigo-fr","7":"product_cat-refrigerateurs-et-congelateurs","9":"first","10":"instock","11":"shipping-taxable","12":"purchasable","13":"product-type-simple"},"_links":{"self":[{"href":"https:\/\/stoic-curie.212-227-153-4.plesk.page\/fr\/wp-json\/wp\/v2\/product\/732458","targetHints":{"allow":["GET"]}}],"collection":[{"href":"https:\/\/stoic-curie.212-227-153-4.plesk.page\/fr\/wp-json\/wp\/v2\/product"}],"about":[{"href":"https:\/\/stoic-curie.212-227-153-4.plesk.page\/fr\/wp-json\/wp\/v2\/types\/product"}],"replies":[{"embeddable":true,"href":"https:\/\/stoic-curie.212-227-153-4.plesk.page\/fr\/wp-json\/wp\/v2\/comments?post=732458"}],"version-history":[{"count":0,"href":"https:\/\/stoic-curie.212-227-153-4.plesk.page\/fr\/wp-json\/wp\/v2\/product\/732458\/revisions"}],"wp:featuredmedia":[{"embeddable":true,"href":"https:\/\/stoic-curie.212-227-153-4.plesk.page\/fr\/wp-json\/wp\/v2\/media\/5949126"}],"wp:attachment":[{"href":"https:\/\/stoic-curie.212-227-153-4.plesk.page\/fr\/wp-json\/wp\/v2\/media?parent=732458"}],"wp:term":[{"taxonomy":"product_brand","embeddable":true,"href":"https:\/\/stoic-curie.212-227-153-4.plesk.page\/fr\/wp-json\/wp\/v2\/product_brand?post=732458"},{"taxonomy":"product_cat","embeddable":true,"href":"https:\/\/stoic-curie.212-227-153-4.plesk.page\/fr\/wp-json\/wp\/v2\/product_cat?post=732458"},{"taxonomy":"product_tag","embeddable":true,"href":"https:\/\/stoic-curie.212-227-153-4.plesk.page\/fr\/wp-json\/wp\/v2\/product_tag?post=732458"}],"curies":[{"name":"wp","href":"https:\/\/api.w.org\/{rel}","templated":true}]}}