{"id":732460,"date":"2025-03-03T16:15:19","date_gmt":"2025-03-03T15:15:19","guid":{"rendered":"https:\/\/stoic-curie.212-227-153-4.plesk.page\/producto\/vitrifrigo-c115ix\/"},"modified":"2026-02-24T23:08:55","modified_gmt":"2026-02-24T23:08:55","slug":"vitrifrigo-c115ix","status":"publish","type":"product","link":"https:\/\/stoic-curie.212-227-153-4.plesk.page\/fr\/product\/vitrifrigo-c115ix\/","title":{"rendered":"R\u00e9frig\u00e9rateur Vitrifrigo C115iX"},"content":{"rendered":"<p>R\u00e9frig\u00e9rateur Vitrifrigo C115iX &#8211; <\/p>\n<p style=\"color: rgb(34, 34, 34); font-family: Arial, Helvetica, sans-serif; font-size: small;\"><strong>R\u00e9frig\u00e9rateur Marin en Acier Inoxydable Vitrifrigo C115ix 12V\/24V<\/strong><\/p>\n<p style=\"color: rgb(34, 34, 34); font-family: Arial, Helvetica, sans-serif; font-size: small;\">Le Vitrifrigo C115ix est un r\u00e9frig\u00e9rateur marin durable construit avec un bo\u00eetier en acier inoxydable. Il int\u00e8gre un syst\u00e8me de refroidissement Danfoss interne de 12\/24V et dispose d&#8217;une porte r\u00e9versible qui peut \u00eatre ajust\u00e9e pour la ventilation lorsqu&#8217;elle n&#8217;est pas utilis\u00e9e. Ce mod\u00e8le est \u00e9galement dot\u00e9 d&#8217;une lumi\u00e8re LED, d&#8217;un thermostat m\u00e9canique pour la r\u00e9gulation de la temp\u00e9rature et d&#8217;un profil coulissant adapt\u00e9 aux installations standards ou aux configurations de porte encastr\u00e9es.<\/p>\n<p style=\"color: rgb(34, 34, 34); font-family: Arial, Helvetica, sans-serif; font-size: small;\"><strong>Aper\u00e7u<\/strong><\/p>\n<p style=\"color: rgb(34, 34, 34); font-family: Arial, Helvetica, sans-serif; font-size: small;\">Bien que le Vitrifrigo C115ix soit con\u00e7u sp\u00e9cifiquement pour les environnements marins, il a \u00e9galement gagn\u00e9 en popularit\u00e9 dans les secteurs de la conversion de van de luxe et des v\u00e9hicules r\u00e9cr\u00e9atifs (RV).<\/p>\n<p style=\"color: rgb(34, 34, 34); font-family: Arial, Helvetica, sans-serif; font-size: small;\"><strong>Caract\u00e9ristiques<\/strong><\/p>\n<ul style=\"color: rgb(34, 34, 34); font-family: Arial, Helvetica, sans-serif; font-size: small;\">\n<li>Compresseur int\u00e9gr\u00e9 et unit\u00e9 de refroidissement situ\u00e9s \u00e0 la base<\/li>\n<li>Porte \u00e0 bord arrondi finie en acier inoxydable bross\u00e9, avec fermeture magn\u00e9tique<\/li>\n<li>\u00c9clairage int\u00e9rieur LED standard<\/li>\n<li>Thermostat m\u00e9canique pour une gestion pr\u00e9cise de la temp\u00e9rature<\/li>\n<li>Compartiment \u00e0 glace de 17 litres pour plus de commodit\u00e9<\/li>\n<li>Deux \u00e9tag\u00e8res avec rebords fournis de s\u00e9rie<\/li>\n<li>Fonctionne en 12V\/24V DC, avec possibilit\u00e9 de mise \u00e0 niveau vers l&#8217;alimentation secteur avec changement automatique<\/li>\n<li>Fournie avec un cadre de montage encastr\u00e9 et un verrou Nautic<\/li>\n<\/ul>\n<p style=\"color: rgb(34, 34, 34); font-family: Arial, Helvetica, sans-serif; font-size: small;\"><strong>Sp\u00e9cifications Techniques<\/strong><\/p>\n<ul style=\"color: rgb(34, 34, 34); font-family: Arial, Helvetica, sans-serif; font-size: small;\">\n<li>Dimensions: 783 mm (H) x 588 mm (L) x 506 mm (P)<\/li>\n<li>Capacit\u00e9 totale: 118 litres<\/li>\n<li>Courant: 2.8 amp\u00e8res (12V) \/ 1.4 amp\u00e8res (24V)<\/li>\n<li>Poids: 21.2 kg<\/li>\n<\/ul>\n<p style=\"color: rgb(34, 34, 34); font-family: Arial, Helvetica, sans-serif; font-size: small;\"><strong>Vitrifrigo C115ix : R\u00e9frig\u00e9rateur Marin en Acier Inoxydable avec Compresseur Int\u00e9gr\u00e9 (12\/24 Volts)<\/strong><\/p>\n<p style=\"color: rgb(34, 34, 34); font-family: Arial, Helvetica, sans-serif; font-size: small;\">Ce r\u00e9frig\u00e9rateur en acier inoxydable est soigneusement con\u00e7u pour les applications marines, mais il est \u00e9galement largement utilis\u00e9 dans les vans et les v\u00e9hicules haut de gamme.<\/p>\n<p style=\"color: rgb(34, 34, 34); font-family: Arial, Helvetica, sans-serif; font-size: small;\"><strong>Caract\u00e9ristiques Cl\u00e9s :<\/strong><\/p>\n<ul style=\"color: rgb(34, 34, 34); font-family: Arial, Helvetica, sans-serif; font-size: small;\">\n<li>Compresseur int\u00e9gr\u00e9 et unit\u00e9 de refroidissement situ\u00e9s \u00e0 la base<\/li>\n<li>Porte \u00e0 bord arrondi en acier inoxydable bross\u00e9 avec fermeture magn\u00e9tique<\/li>\n<li>Cadre de montage encastr\u00e9 et verrou Nautic inclus<\/li>\n<li>\u00c9clairage int\u00e9rieur LED standard<\/li>\n<li>R\u00e9gulation de temp\u00e9rature via thermostat m\u00e9canique<\/li>\n<li>Compartiment \u00e0 glace de 17 litres pour un espace de stockage suppl\u00e9mentaire<\/li>\n<li>Deux \u00e9tag\u00e8res avec rebords fournies<\/li>\n<li>Alimentation : 12\/24V, avec option de mise \u00e0 jour facile vers multi-voltage<\/li>\n<\/ul>\n<p style=\"color: rgb(34, 34, 34); font-family: Arial, Helvetica, sans-serif; font-size: small;\"><strong>Informations Techniques<\/strong><\/p>\n<ul style=\"color: rgb(34, 34, 34); font-family: Arial, Helvetica, sans-serif; font-size: small;\">\n<li>Dimensions : 588 mm (L) x 783 mm (H) x 506 mm (P)<\/li>\n<li>Capacit\u00e9 : 118 litres<\/li>\n<li>Alimentation : 12\/24 Volts<\/li>\n<li>Courant : 2.8 amp\u00e8res (12V) \/ 1.4 amp\u00e8res (24V)<\/li>\n<li>Absorption : 0.45 kW (pour 24 heures)<\/li>\n<li>Poids : 21.2 kg<\/li>\n<\/ul>\n<p style=\"color: rgb(34, 34, 34); font-family: Arial, Helvetica, sans-serif; font-size: small;\">Cette vue d&#8217;ensemble d\u00e9taill\u00e9e du Vitrifrigo C115ix permet aux propri\u00e9taires de bateaux de faire des choix \u00e9clair\u00e9s dans leur recherche de solutions de r\u00e9frig\u00e9ration marines fiables et de haute qualit\u00e9.<\/p>\n","protected":false},"excerpt":{"rendered":"<p>R\u00e9frig\u00e9rateur Vitrifrigo C115iX &#8211; R\u00e9frig\u00e9rateur Marin en Acier Inoxydable Vitrifrigo C115ix 12V\/24V Le Vitrifrigo C115ix est un r\u00e9frig\u00e9rateur marin durable<\/p>\n","protected":false},"featured_media":5949136,"comment_status":"open","ping_status":"closed","template":"","meta":[],"product_brand":[3524],"product_cat":[1177],"product_tag":[],"class_list":{"0":"post-732460","1":"product","2":"type-product","3":"status-publish","4":"has-post-thumbnail","6":"product_brand-vitrifrigo-fr","7":"product_cat-refrigerateurs-et-congelateurs","9":"first","10":"instock","11":"shipping-taxable","12":"purchasable","13":"product-type-simple"},"_links":{"self":[{"href":"https:\/\/stoic-curie.212-227-153-4.plesk.page\/fr\/wp-json\/wp\/v2\/product\/732460","targetHints":{"allow":["GET"]}}],"collection":[{"href":"https:\/\/stoic-curie.212-227-153-4.plesk.page\/fr\/wp-json\/wp\/v2\/product"}],"about":[{"href":"https:\/\/stoic-curie.212-227-153-4.plesk.page\/fr\/wp-json\/wp\/v2\/types\/product"}],"replies":[{"embeddable":true,"href":"https:\/\/stoic-curie.212-227-153-4.plesk.page\/fr\/wp-json\/wp\/v2\/comments?post=732460"}],"version-history":[{"count":0,"href":"https:\/\/stoic-curie.212-227-153-4.plesk.page\/fr\/wp-json\/wp\/v2\/product\/732460\/revisions"}],"wp:featuredmedia":[{"embeddable":true,"href":"https:\/\/stoic-curie.212-227-153-4.plesk.page\/fr\/wp-json\/wp\/v2\/media\/5949136"}],"wp:attachment":[{"href":"https:\/\/stoic-curie.212-227-153-4.plesk.page\/fr\/wp-json\/wp\/v2\/media?parent=732460"}],"wp:term":[{"taxonomy":"product_brand","embeddable":true,"href":"https:\/\/stoic-curie.212-227-153-4.plesk.page\/fr\/wp-json\/wp\/v2\/product_brand?post=732460"},{"taxonomy":"product_cat","embeddable":true,"href":"https:\/\/stoic-curie.212-227-153-4.plesk.page\/fr\/wp-json\/wp\/v2\/product_cat?post=732460"},{"taxonomy":"product_tag","embeddable":true,"href":"https:\/\/stoic-curie.212-227-153-4.plesk.page\/fr\/wp-json\/wp\/v2\/product_tag?post=732460"}],"curies":[{"name":"wp","href":"https:\/\/api.w.org\/{rel}","templated":true}]}}