{"id":824765,"date":"2025-03-24T19:23:20","date_gmt":"2025-03-24T18:23:20","guid":{"rendered":"https:\/\/stoic-curie.212-227-153-4.plesk.page\/producto\/annexe-eurovinil-stowable-plus-290\/"},"modified":"2026-02-24T23:08:40","modified_gmt":"2026-02-24T23:08:40","slug":"annexe-eurovinil-stowable-plus-290","status":"publish","type":"product","link":"https:\/\/stoic-curie.212-227-153-4.plesk.page\/fr\/product\/annexe-eurovinil-stowable-plus-290\/","title":{"rendered":"Annexe Eurovinil Stowable Plus 290"},"content":{"rendered":"<p>Annexe Eurovinil Stowable Plus 290 &#8211; <\/p>\n<p style=\"color: rgb(34, 34, 34); font-family: Arial, Helvetica, sans-serif; font-size: small;\">Le Eurovinil Stowable Plus 290 est un petit bateau compact fabriqu\u00e9 en tissu PVC 1100D de haute r\u00e9sistance, dot\u00e9 d&#8217;un plancher en aluminium anodis\u00e9 robuste qui peut \u00eatre facilement retir\u00e9. Ce bateau est con\u00e7u avec une quille pneumatique et un fender anti-projection, fusionnant efficacement la stabilit\u00e9 et la r\u00e9sistance d&#8217;un tender semi-rigide avec la l\u00e9g\u00e8ret\u00e9 pratique d&#8217;un mod\u00e8le d\u00e9montable. Eurovinil propose une gamme de tailles pour r\u00e9pondre \u00e0 divers besoins d&#8217;espace \u00e0 bord.<\/p>\n<p style=\"color: rgb(34, 34, 34); font-family: Arial, Helvetica, sans-serif; font-size: small;\">Le cadre robuste et stable du bateau, fabriqu\u00e9 en aluminium anodis\u00e9 l\u00e9ger, peut \u00eatre facilement d\u00e9mont\u00e9. Ce design permet d&#8217;atteindre un \u00e9quilibre optimal entre l\u00e9g\u00e8ret\u00e9 et solidit\u00e9, offrant l&#8217;exp\u00e9rience d&#8217;un canot semi-rigide sans le poids suppl\u00e9mentaire. La quille pneumatique et le fender \u00e9tanche garantissent une glisse fluide, emp\u00eachant efficacement l&#8217;eau de p\u00e9n\u00e9trer dans les structures tubulaires, m\u00eame lorsqu&#8217;elles sont enti\u00e8rement charg\u00e9es.<\/p>\n<p style=\"color: rgb(34, 34, 34); font-family: Arial, Helvetica, sans-serif; font-size: small;\">Le banc coulissant standard permet aux utilisateurs de modifier leur position d&#8217;assise pour un maximum de confort, facilitant ainsi l&#8217;acc\u00e8s au bateau quelle que soit la situation ou la charge \u00e0 bord.<\/p>\n<p style=\"color: rgb(34, 34, 34); font-family: Arial, Helvetica, sans-serif; font-size: small;\">Ce bateau gonflable garantit une glisse rapide et s\u00fbre, quelles que soient les conditions maritimes, gr\u00e2ce \u00e0 la toile en compos\u00e9 marin EV de haute r\u00e9sistance, qui assure une praticit\u00e9 et une performance exceptionnelles.<\/p>\n<p style=\"color: rgb(34, 34, 34); font-family: Arial, Helvetica, sans-serif; font-size: small;\"><strong>Caract\u00e9ristiques :<\/strong><\/p>\n<ul style=\"color: rgb(34, 34, 34); font-family: Arial, Helvetica, sans-serif; font-size: small;\">\n<li><strong>Taille de la ligne de tender :<\/strong>\u00a0230, 270, 290, 320, 360<\/li>\n<li><strong>Longueur totale (cm) :<\/strong>\u00a0230, 270, 290, 320, 360<\/li>\n<li><strong>Largeur totale (cm) :<\/strong>\u00a0137, 153, 155, 155, 168<\/li>\n<li><strong>Longueur interne (cm) :<\/strong>\u00a0149, 177, 189, 214, 244<\/li>\n<li><strong>Largeur interne (cm) :<\/strong>\u00a061, 69, 71, 71, 78<\/li>\n<li><strong>Hauteur de la proue (cm) :<\/strong>\u00a057, 64, 68, 68, 76<\/li>\n<li><strong>Hauteur du tableau arri\u00e8re (cm) :<\/strong>\u00a038, 42, 42, 42, 45<\/li>\n<li><strong>Diam\u00e8tre moyen des structures tubulaires (cm) :<\/strong>\u00a038, 42, 42, 42, 45<\/li>\n<li><strong>Capacit\u00e9 (Nombre de personnes) :<\/strong>\u00a02, 3+, 4, 4+, 5+<\/li>\n<li><strong>Nombre de chambres \u00e0 air :<\/strong>\u00a04, 4, 4, 4, 4<\/li>\n<li><strong>Poids (kg) :<\/strong>\u00a038, 41.5, 44, 49, 60.5<\/li>\n<li><strong>Puissance maximale (HP) :<\/strong>\u00a04, 10, 15, 20<\/li>\n<li><strong>Longueur de l&#8217;arbre :<\/strong>\u00a0Court<\/li>\n<li><strong>Dimensions lorsque roul\u00e9 (cm) :<\/strong>\u00a0100 x 49 x 30, 120 x 64 x 36, 120 x 64 x 36, 120 x 66 x 41, 120 x 66 x 41<\/li>\n<li><strong>Cat\u00e9gorie de conception :<\/strong>\u00a0D, D, C, C, C<\/li>\n<\/ul>\n<p style=\"color: rgb(34, 34, 34); font-family: Arial, Helvetica, sans-serif; font-size: small;\">Le bateau gonflable Eurovinil Stowable Plus 290 est un choix exceptionnel pour les propri\u00e9taires de bateaux \u00e0 la recherche de fiabilit\u00e9, de qualit\u00e9 et de performance dans leur \u00e9quipement marin.<\/p>\n","protected":false},"excerpt":{"rendered":"<p>Annexe Eurovinil Stowable Plus 290 &#8211; Le Eurovinil Stowable Plus 290 est un petit bateau compact fabriqu\u00e9 en tissu PVC<\/p>\n","protected":false},"featured_media":5945634,"comment_status":"open","ping_status":"closed","template":"","meta":[],"product_brand":[2924],"product_cat":[1259],"product_tag":[],"class_list":{"0":"post-824765","1":"product","2":"type-product","3":"status-publish","4":"has-post-thumbnail","6":"product_brand-eurovinil-fr","7":"product_cat-annexes-gonflables-et-tender","9":"first","10":"instock","11":"shipping-taxable","12":"purchasable","13":"product-type-simple"},"_links":{"self":[{"href":"https:\/\/stoic-curie.212-227-153-4.plesk.page\/fr\/wp-json\/wp\/v2\/product\/824765","targetHints":{"allow":["GET"]}}],"collection":[{"href":"https:\/\/stoic-curie.212-227-153-4.plesk.page\/fr\/wp-json\/wp\/v2\/product"}],"about":[{"href":"https:\/\/stoic-curie.212-227-153-4.plesk.page\/fr\/wp-json\/wp\/v2\/types\/product"}],"replies":[{"embeddable":true,"href":"https:\/\/stoic-curie.212-227-153-4.plesk.page\/fr\/wp-json\/wp\/v2\/comments?post=824765"}],"version-history":[{"count":0,"href":"https:\/\/stoic-curie.212-227-153-4.plesk.page\/fr\/wp-json\/wp\/v2\/product\/824765\/revisions"}],"wp:featuredmedia":[{"embeddable":true,"href":"https:\/\/stoic-curie.212-227-153-4.plesk.page\/fr\/wp-json\/wp\/v2\/media\/5945634"}],"wp:attachment":[{"href":"https:\/\/stoic-curie.212-227-153-4.plesk.page\/fr\/wp-json\/wp\/v2\/media?parent=824765"}],"wp:term":[{"taxonomy":"product_brand","embeddable":true,"href":"https:\/\/stoic-curie.212-227-153-4.plesk.page\/fr\/wp-json\/wp\/v2\/product_brand?post=824765"},{"taxonomy":"product_cat","embeddable":true,"href":"https:\/\/stoic-curie.212-227-153-4.plesk.page\/fr\/wp-json\/wp\/v2\/product_cat?post=824765"},{"taxonomy":"product_tag","embeddable":true,"href":"https:\/\/stoic-curie.212-227-153-4.plesk.page\/fr\/wp-json\/wp\/v2\/product_tag?post=824765"}],"curies":[{"name":"wp","href":"https:\/\/api.w.org\/{rel}","templated":true}]}}