{"id":2887711,"date":"2025-03-29T13:28:01","date_gmt":"2025-03-29T17:28:01","guid":{"rendered":"https:\/\/stoic-curie.212-227-153-4.plesk.page\/blagajna\/"},"modified":"2025-08-11T22:59:44","modified_gmt":"2025-08-12T02:59:44","slug":"blagajna","status":"publish","type":"page","link":"https:\/\/stoic-curie.212-227-153-4.plesk.page\/hr\/blagajna\/","title":{"rendered":"Blagajna"},"content":{"rendered":"\t\t<div data-elementor-type=\"wp-page\" data-elementor-id=\"2887711\" class=\"elementor elementor-2887711 elementor-939079\" data-elementor-post-type=\"page\">\n\t\t\t\t<div class=\"elementor-element elementor-element-08c55fe e-con-full e-flex e-con e-parent\" data-id=\"08c55fe\" data-element_type=\"container\" data-e-type=\"container\">\n\t\t\t\t<div class=\"elementor-element elementor-element-fec9caa color-scheme-inherit text-left elementor-widget elementor-widget-text-editor\" data-id=\"fec9caa\" data-element_type=\"widget\" data-e-type=\"widget\" data-widget_type=\"text-editor.default\">\n\t\t\t\t<div class=\"elementor-widget-container\">\n\t\t\t\t\t\t\t\t\t<p>Molimo posjetite na\u0161u internetsku trgovinu na <span style=\"color: #0000ff;\"><a style=\"color: #0000ff;\" href=\"http:\/\/ForBoat.eu\">ForBoat.eu<\/a><\/span> ako \u017eelite kupiti na\u0161e proizvode. Ova trgovina slu\u017ei isklju\u010divo kao demonstracija na\u0161eg fran\u0161iznog sustava.<\/p>\t\t\t\t\t\t\t\t<\/div>\n\t\t\t\t<\/div>\n\t\t\t\t<\/div>\n\t\t\t\t<\/div>\n\t\t","protected":false},"excerpt":{"rendered":"<p>Molimo posjetite na\u0161u internetsku trgovinu na ForBoat.eu ako \u017eelite kupiti na\u0161e proizvode. Ova trgovina slu\u017ei isklju\u010divo kao demonstracija na\u0161eg fran\u0161iznog<\/p>\n","protected":false},"author":2,"featured_media":0,"parent":0,"menu_order":0,"comment_status":"closed","ping_status":"closed","template":"","meta":{"footnotes":""},"class_list":["post-2887711","page","type-page","status-publish","hentry"],"_links":{"self":[{"href":"https:\/\/stoic-curie.212-227-153-4.plesk.page\/hr\/wp-json\/wp\/v2\/pages\/2887711","targetHints":{"allow":["GET"]}}],"collection":[{"href":"https:\/\/stoic-curie.212-227-153-4.plesk.page\/hr\/wp-json\/wp\/v2\/pages"}],"about":[{"href":"https:\/\/stoic-curie.212-227-153-4.plesk.page\/hr\/wp-json\/wp\/v2\/types\/page"}],"author":[{"embeddable":true,"href":"https:\/\/stoic-curie.212-227-153-4.plesk.page\/hr\/wp-json\/wp\/v2\/users\/2"}],"replies":[{"embeddable":true,"href":"https:\/\/stoic-curie.212-227-153-4.plesk.page\/hr\/wp-json\/wp\/v2\/comments?post=2887711"}],"version-history":[{"count":0,"href":"https:\/\/stoic-curie.212-227-153-4.plesk.page\/hr\/wp-json\/wp\/v2\/pages\/2887711\/revisions"}],"wp:attachment":[{"href":"https:\/\/stoic-curie.212-227-153-4.plesk.page\/hr\/wp-json\/wp\/v2\/media?parent=2887711"}],"curies":[{"name":"wp","href":"https:\/\/api.w.org\/{rel}","templated":true}]}}