{"id":1024800,"date":"2025-04-08T16:00:37","date_gmt":"2025-04-08T20:00:37","guid":{"rendered":"https:\/\/stoic-curie.212-227-153-4.plesk.page\/product\/racor-s3227-spin-on-fuel-filter-element-10-micron\/"},"modified":"2026-02-25T00:01:07","modified_gmt":"2026-02-25T00:01:07","slug":"racor-s3227-spin-on-fuel-filter-element-10-micron","status":"publish","type":"product","link":"https:\/\/stoic-curie.212-227-153-4.plesk.page\/hr\/product\/racor-s3227-spin-on-fuel-filter-element-10-micron\/","title":{"rendered":"Racor S3227 Spin-On element filtra za gorivo (10 mikrona)"},"content":{"rendered":"<p>Racor S3227 Spin-On element filtra za gorivo (10 mikrona) &#8211; <\/p>\n<div class=\"col-24 col-md-15\">\n<p>Racor S3227 10-mikronski filtar element pogodan za Racor 320R-RAC-01 (ASAP broj dijela: 301231) i Racor 490R-RAC-01 filtre za gorivo.<\/p>\n<p>Nikada ne ugro\u017eavajte u\u010dinkovitost va\u0161eg Racor filtra za gorivo \/ separatora vode. Uvijek zahtijevajte organske Racor elemente s Aquabloc svojstvima odi\u010danosti vode.<\/p>\n<p>Samo autenti\u010dni Racor elementi osigurat \u0107e da va\u0161 Racor filtar radi onako kako ga je Racor dizajnirao. Ne prepu\u0161tajte ni\u0161ta slu\u010daju.<\/p>\n<p>Racor elementi su oznake boje: Sme\u0111a &#8216;S&#8217; je 2 mikrona, Plava &#8216;T&#8217; je 10 mikrona, Crvena &#8216;P&#8217; je 30 mikrona.<\/p>\n<\/div>\n<h3>Specifikacije<\/h3>\n<table class=\"table\">\n<tbody>\n<tr>\n<td><strong>Aplikacija<\/strong><\/td>\n<td>Benzin<\/td>\n<\/tr>\n<tr>\n<td><strong>Serija<\/strong><\/td>\n<td>300 &#038; 400 serija<\/td>\n<\/tr>\n<tr>\n<td><strong>Brand<\/strong><\/td>\n<td>Racor<\/td>\n<\/tr>\n<tr>\n<td><strong>Element<\/strong><\/td>\n<td>10 Mikrona<\/td>\n<\/tr>\n<tr>\n<td><strong>Jedinca prodaje<\/strong><\/td>\n<td>1 Element<\/td>\n<\/tr>\n<tr>\n<td><strong>Maksimalni protok<\/strong><\/td>\n<td>227 LPH (60 US GPH)<\/td>\n<\/tr>\n<tr>\n<td><strong>Model<\/strong><\/td>\n<td>S3227<\/td>\n<\/tr>\n<tr>\n<td><strong>Zamjena<\/strong><\/td>\n<td>Sierra 18-7948, Honda 17670-ZW1-801AH, Mercury 35-886638, Suzuki 99105-20005<\/td>\n<\/tr>\n<tr>\n<td><strong>Opis stila<\/strong><\/td>\n<td>Spin-On Element<\/td>\n<\/tr>\n<tr>\n<td><strong>Odgovaraju\u0107e<\/strong><\/td>\n<td>Racor 320R-RAC-01 (ASAP broj dijela: 301231) &#038; Racor 490R-RAC-01 filtri za gorivo<\/td>\n<\/tr>\n<tr>\n<td><strong>Veli\u010dina navoja<\/strong><\/td>\n<td>1&#8243;-14 Sredi\u0161nji navoj<\/td>\n<\/tr>\n<\/tbody>\n<\/table>\n","protected":false},"excerpt":{"rendered":"<p>Racor S3227 Spin-On element filtra za gorivo (10 mikrona) &#8211; Racor S3227 10-mikronski filtar element pogodan za Racor 320R-RAC-01 (ASAP<\/p>\n","protected":false},"featured_media":5944866,"comment_status":"closed","ping_status":"closed","template":"","meta":[],"product_brand":[3246],"product_cat":[1797],"product_tag":[],"class_list":{"0":"post-1024800","1":"product","2":"type-product","3":"status-publish","4":"has-post-thumbnail","6":"product_brand-parker-racor-hr","7":"product_cat-filtri-separatora-vode-za-gorivo","9":"first","10":"instock","11":"shipping-taxable","12":"purchasable","13":"product-type-simple"},"_links":{"self":[{"href":"https:\/\/stoic-curie.212-227-153-4.plesk.page\/hr\/wp-json\/wp\/v2\/product\/1024800","targetHints":{"allow":["GET"]}}],"collection":[{"href":"https:\/\/stoic-curie.212-227-153-4.plesk.page\/hr\/wp-json\/wp\/v2\/product"}],"about":[{"href":"https:\/\/stoic-curie.212-227-153-4.plesk.page\/hr\/wp-json\/wp\/v2\/types\/product"}],"replies":[{"embeddable":true,"href":"https:\/\/stoic-curie.212-227-153-4.plesk.page\/hr\/wp-json\/wp\/v2\/comments?post=1024800"}],"version-history":[{"count":0,"href":"https:\/\/stoic-curie.212-227-153-4.plesk.page\/hr\/wp-json\/wp\/v2\/product\/1024800\/revisions"}],"wp:featuredmedia":[{"embeddable":true,"href":"https:\/\/stoic-curie.212-227-153-4.plesk.page\/hr\/wp-json\/wp\/v2\/media\/5944866"}],"wp:attachment":[{"href":"https:\/\/stoic-curie.212-227-153-4.plesk.page\/hr\/wp-json\/wp\/v2\/media?parent=1024800"}],"wp:term":[{"taxonomy":"product_brand","embeddable":true,"href":"https:\/\/stoic-curie.212-227-153-4.plesk.page\/hr\/wp-json\/wp\/v2\/product_brand?post=1024800"},{"taxonomy":"product_cat","embeddable":true,"href":"https:\/\/stoic-curie.212-227-153-4.plesk.page\/hr\/wp-json\/wp\/v2\/product_cat?post=1024800"},{"taxonomy":"product_tag","embeddable":true,"href":"https:\/\/stoic-curie.212-227-153-4.plesk.page\/hr\/wp-json\/wp\/v2\/product_tag?post=1024800"}],"curies":[{"name":"wp","href":"https:\/\/api.w.org\/{rel}","templated":true}]}}