{"id":1024804,"date":"2025-04-08T16:00:46","date_gmt":"2025-04-08T20:00:46","guid":{"rendered":"https:\/\/stoic-curie.212-227-153-4.plesk.page\/product\/toilet-tecma-silence-plus-2g-12v-short-model\/"},"modified":"2026-02-25T00:01:26","modified_gmt":"2026-02-25T00:01:26","slug":"toilet-tecma-silence-plus-2g-12v-short-model","status":"publish","type":"product","link":"https:\/\/stoic-curie.212-227-153-4.plesk.page\/hr\/product\/toilet-tecma-silence-plus-2g-12v-short-model\/","title":{"rendered":"Toaletni Tecma Silence Plus 2G &#8211; 12V &#8211; Kratki Model"},"content":{"rendered":"<p>Toaletni Tecma Silence Plus 2G &#8211; 12V &#8211; Kratki Model &#8211; Silence Plus 2G Short je kompaktna verzija Silence Plus 2G, poznata kao &#8220;velika zdjela&#8221; modela u seriji Flexi-Line. Ovaj kratki model posebno je dizajniran za instalaciju na povi\u0161enoj stepenici, obi\u010dno visokoj 10 cm. Kako bi se to omogu\u0107ilo, visina kerami\u010dke \u0161koljke smanjena je na 36 cm, osiguravaju\u0107i da se uskladi s visinom sjedenja od 46 cm. Ova nova generacija modele Silence Plus 2G Short uklju\u010duje odgovaraju\u0107i bidet, Bidet Silence Plus 2G Short, pru\u017eaju\u0107i savr\u0161en spoj za va\u0161u kupaonicu. Flexi 1G se proizvodio do 2016. godine, a prethodni modeli bit \u0107e i dalje dostupni na zahtjev za zamjene. Zamjenski dijelovi bit \u0107e dostupni sljede\u0107ih 10 godina. Tecma Silence Plus 2G WC karakterizira elegantan dizajn koji maksimizira udobnost u ograni\u010denim prostorima. Dolazi s termo postavkom sjedala opremljenim sustavom sporog zatvaranja kako bi se sprije\u010dila o\u0161te\u0107enja i buka. Ova WC \u0161koljka je dizajnirana za minimiziranje potro\u0161nje vode, elektri\u010dne energije i buke. Instalacija i o\u017ei\u010denje su jednostavni, a odr\u017eavanje nije potrebno. Mo\u017eete upravljati WC-om koriste\u0107i dva kontrolna panela: 1) All-in-One SFT panel: Ova dvotipkasta plo\u010da uklju\u010duje prekida\u010de za dodavanje vode i ispiranje. Sadr\u017ei tehnologiju Smart Flush za nizak potro\u0161ak i zvu\u010dne emisije, zajedno s za\u0161titom od preplavljivanja i monitoringom spremnika otpadaka. Model Silence Plus kombinira provjerenu pouzdanost Thetford-a s elegantnim talijanskim dizajnom, \u010dine\u0107i ga kona\u010dnim maritimnim WC-om. Silence Plus je izuzetno u\u010dinkovit i udoban, s \u0161irinom od 51 cm koji pru\u017ea poznati osje\u0107aj sjedenja kao &#8220;kod ku\u0107e&#8221;. Suvremena talijanska kerami\u010dka zdjela, u kombinaciji s pobolj\u0161anim sustavom usitnjavanja druge generacije od strane Thetford-a, \u010dini ovu \u0161koljku vrhunskim izborom za morsku upotrebu. Ovaj model je kratka verzija (nudimo i punu visinu) i dizajniran je da stane na 10 cm povi\u0161enu stepenicu. Sve vodove diskretno su smje\u0161tene unutar ku\u0107i\u0161ta WC-a, \u0161to omogu\u0107ava flush instalaciju uz zid i pod. Ovaj WC je dostupan u 24V verziji, a tako\u0111er se nudi opcija od 12V. Karakteristike: veliki talijanski kerami\u010dki zdjelu, higijenski termoplasti\u010dni sjedi\u0161te s mekim zatvaranjem, All-in-One kontrolni panel s razli\u010ditim ciklusima ispiranja, kontrolni panel s izmjenjivim bijelim ili crnim okru\u017ejima, podesiva potro\u0161nja vode koja se mo\u017ee povezati s mjera\u010dem spremnika kako bi se sprije\u010dilo prelivanje, jednostavna instalacija na tlakovodnu svje\u017eivu vodu, opcija povezivanja s sirovim vodenim izvorom (morska voda), dvije ugra\u0111ene jednokanalne sigurnosne ventile, visok brzi vortisni impeler, integrirani zra\u010dni ventil. WC dolazi s potpuno opremljenim svim potrebnim za instalaciju, uklju\u010duju\u0107i 38 mm izlaz za otpad, 19 mm ulaz za vodu i punu instalaciju. Ova luksuzna nakontr\u017ena WC \u0161koljka je jednostavna za instalaciju i izvrsna nadogradnja od gravitacijske WC \u0161koljke. Jedna od glavnih snaga trenutne Flexi Line je njezina sposobnost odr\u017eavati dosljedan dizajn u svim kupaonicama. S novom Flexi 2G, Tecma je unaprijedio dizajn i WC-a i bideta. Silence Plus 2G slu\u017ei kao temelj za Flexi Line, nude\u0107i isti dizajn u raznim veli\u010dinama kako bi se uklopili u svaku kupaonicu &#8211; velik, mali, kratak ili \u010dak kombiniran. WC-i drugog nara\u0161taja iz Flexi Line dizajnirani su da se savr\u0161eno uklope u va\u0161 prostor. Silence Plus 2G je &#8220;velika zdjela&#8221; model Flexi-Line-a i ima isti u\u010dinkovit i udoban dizajn. S duljinom od 51 cm pru\u017ea udoban do\u017eivljaj sjedenja. Instalacija novih WC-a iz Flexi Line-a je kako lijepa, tako i pametna. Brza je i jednostavna, \u0161to predstavlja zna\u010dajan korak naprijed u dizajnu, uklju\u010duju\u0107i: skrivenu instalaciju za elegantan izgled, bo\u010dnu monta\u017eu za jednostavnu instalaciju, glatke povr\u0161ine za lak\u0161e \u010di\u0161\u0107enje. Integrirana sigurna zra\u010dna ulazna ventil je mala, ali bitna karakteristika koja pobolj\u0161ava novu Flexi Line: novi zra\u010dni ulazni ventil usa\u0111en u unutarnji sustav cijevi, sprje\u010dava ograni\u010denja instalacije, optimizira ventilaciju na ispustu, pobolj\u0161ava u\u010dinkovitost sustava za crne vode u raznim rasporedima i olak\u0161ava dobru hidrauliku kako bi se sprije\u010dilo sifoniranje i povratne tokove.<\/p>\n","protected":false},"excerpt":{"rendered":"<p>Toaletni Tecma Silence Plus 2G &#8211; 12V &#8211; Kratki Model &#8211; Silence Plus 2G Short je kompaktna verzija Silence Plus<\/p>\n","protected":false},"featured_media":5945372,"comment_status":"closed","ping_status":"closed","template":"","meta":[],"product_brand":[3471],"product_cat":[1675],"product_tag":[],"class_list":{"0":"post-1024804","1":"product","2":"type-product","3":"status-publish","4":"has-post-thumbnail","6":"product_brand-tecma-hr","7":"product_cat-brodski-wc","9":"first","10":"instock","11":"shipping-taxable","12":"purchasable","13":"product-type-simple"},"_links":{"self":[{"href":"https:\/\/stoic-curie.212-227-153-4.plesk.page\/hr\/wp-json\/wp\/v2\/product\/1024804","targetHints":{"allow":["GET"]}}],"collection":[{"href":"https:\/\/stoic-curie.212-227-153-4.plesk.page\/hr\/wp-json\/wp\/v2\/product"}],"about":[{"href":"https:\/\/stoic-curie.212-227-153-4.plesk.page\/hr\/wp-json\/wp\/v2\/types\/product"}],"replies":[{"embeddable":true,"href":"https:\/\/stoic-curie.212-227-153-4.plesk.page\/hr\/wp-json\/wp\/v2\/comments?post=1024804"}],"version-history":[{"count":0,"href":"https:\/\/stoic-curie.212-227-153-4.plesk.page\/hr\/wp-json\/wp\/v2\/product\/1024804\/revisions"}],"wp:featuredmedia":[{"embeddable":true,"href":"https:\/\/stoic-curie.212-227-153-4.plesk.page\/hr\/wp-json\/wp\/v2\/media\/5945372"}],"wp:attachment":[{"href":"https:\/\/stoic-curie.212-227-153-4.plesk.page\/hr\/wp-json\/wp\/v2\/media?parent=1024804"}],"wp:term":[{"taxonomy":"product_brand","embeddable":true,"href":"https:\/\/stoic-curie.212-227-153-4.plesk.page\/hr\/wp-json\/wp\/v2\/product_brand?post=1024804"},{"taxonomy":"product_cat","embeddable":true,"href":"https:\/\/stoic-curie.212-227-153-4.plesk.page\/hr\/wp-json\/wp\/v2\/product_cat?post=1024804"},{"taxonomy":"product_tag","embeddable":true,"href":"https:\/\/stoic-curie.212-227-153-4.plesk.page\/hr\/wp-json\/wp\/v2\/product_tag?post=1024804"}],"curies":[{"name":"wp","href":"https:\/\/api.w.org\/{rel}","templated":true}]}}