{"id":1024812,"date":"2025-04-08T16:00:47","date_gmt":"2025-04-08T20:00:47","guid":{"rendered":"https:\/\/stoic-curie.212-227-153-4.plesk.page\/product\/set-2-propellers-solas-duoprop-a4\/"},"modified":"2026-02-25T00:01:26","modified_gmt":"2026-02-25T00:01:26","slug":"set-2-propellers-solas-duoprop-a4","status":"publish","type":"product","link":"https:\/\/stoic-curie.212-227-153-4.plesk.page\/hr\/product\/set-2-propellers-solas-duoprop-a4\/","title":{"rendered":"Set 2 propelera Solas Duoprop A4"},"content":{"rendered":"<p>Set 2 propelera Solas Duoprop A4 &#8211; <\/p>\n<p style=\"color: rgb(34, 34, 34); font-family: Arial, Helvetica, sans-serif; font-size: small;\">Solas tip A4 aluminijski Duopropeler set za Volvo Penta 280 i 290 DP (dizel)<\/p>\n<ul style=\"color: rgb(34, 34, 34); font-family: Arial, Helvetica, sans-serif; font-size: small;\">\n<li>Prednji propeler: 3-o\u0161tri<\/li>\n<li>Stra\u017enji propeler: 4-o\u0161tri<\/li>\n<\/ul>\n<p style=\"color: rgb(34, 34, 34); font-family: Arial, Helvetica, sans-serif; font-size: small;\">SOLAS duo-propelers imaju visoko podignut dizajn lopatica s cupingom, \u0161to pru\u017ea odli\u010dan uzgon na krmi i ubrzanje. Ovi aftermarket duo-stil propelera slu\u017ee kao opcija zamjene za Volvo Penta Duo outdrives. Me\u0111utim, napominjemo da se optere\u0107enje propelera i RPM motora mogu razlikovati izme\u0111u Solas propelera i opcija proizvo\u0111a\u010da originalne opreme (OEM). Za to\u010dno mjerenje, obratite pa\u017enju na Solas katalog iz 2013. Instalacija Solas aftermarket duo-stila propelera mo\u017ee zahtijevati posebne alate i OEM hardver. Uvijek se posavjetujte s OEM priru\u010dnikom za pravilnu instalaciju i specifikacije zakretnog momenta.<\/p>\n<p style=\"color: rgb(34, 34, 34); font-family: Arial, Helvetica, sans-serif; font-size: small;\">SOLAS aluminijski Duo-Prop A-serije propelers su dizajnirani za dizelske motore do D41. Jedinstvena kombinacija 3-o\u0161trih prednjih propelera i 4-o\u0161trih stra\u017enjih propelera pru\u017ea izvanredno prianjanje u vodi.<\/p>\n<p style=\"color: rgb(34, 34, 34); font-family: Arial, Helvetica, sans-serif; font-size: small;\">Solas propeleri proizvedeni su naprednim postupkom lijevanja pod pritiskom, \u0161to ih \u010dini ja\u010dima i izdr\u017eljivijima od tradicionalnih lijevanih proizvoda. Ovaj postupak rezultira gotovo neporoznim propelerom s finijom strukturom zrna. Osim toga, Solas aluminijski propeleri prekriveni su sa \u010detiri sloja boje, koriste\u0107i visoko kvalitetne premaze i sofisticiranu tehniku slikanja kako bi se osigurala iznimna za\u0161tita od korozije. Svaki propeler prolazi vi\u0161e od 500 sati testiranja u spremniku za prskanje slane vode, simuliraju\u0107i vi\u0161e od \u0161est mjeseci tipi\u010dne upotrebe u slanoj vodi.<\/p>\n<p style=\"color: rgb(34, 34, 34); font-family: Arial, Helvetica, sans-serif; font-size: small;\"><strong>Napomena:<\/strong>\u00a0Za motore koji prema\u0161uju brzine od 35 \u010dvorova preporu\u010duje se propeler od nehr\u0111aju\u0107eg \u010delika tip C.<\/p>\n","protected":false},"excerpt":{"rendered":"<p>Set 2 propelera Solas Duoprop A4 &#8211; Solas tip A4 aluminijski Duopropeler set za Volvo Penta 280 i 290 DP<\/p>\n","protected":false},"featured_media":5948309,"comment_status":"closed","ping_status":"closed","template":"","meta":[],"product_brand":[3411],"product_cat":[1829],"product_tag":[],"class_list":{"0":"post-1024812","1":"product","2":"type-product","3":"status-publish","4":"has-post-thumbnail","6":"product_brand-solas-hr","7":"product_cat-rezervni-dijelovi-za-motore-volvo-penta","9":"first","10":"instock","11":"shipping-taxable","12":"purchasable","13":"product-type-simple"},"_links":{"self":[{"href":"https:\/\/stoic-curie.212-227-153-4.plesk.page\/hr\/wp-json\/wp\/v2\/product\/1024812","targetHints":{"allow":["GET"]}}],"collection":[{"href":"https:\/\/stoic-curie.212-227-153-4.plesk.page\/hr\/wp-json\/wp\/v2\/product"}],"about":[{"href":"https:\/\/stoic-curie.212-227-153-4.plesk.page\/hr\/wp-json\/wp\/v2\/types\/product"}],"replies":[{"embeddable":true,"href":"https:\/\/stoic-curie.212-227-153-4.plesk.page\/hr\/wp-json\/wp\/v2\/comments?post=1024812"}],"version-history":[{"count":0,"href":"https:\/\/stoic-curie.212-227-153-4.plesk.page\/hr\/wp-json\/wp\/v2\/product\/1024812\/revisions"}],"wp:featuredmedia":[{"embeddable":true,"href":"https:\/\/stoic-curie.212-227-153-4.plesk.page\/hr\/wp-json\/wp\/v2\/media\/5948309"}],"wp:attachment":[{"href":"https:\/\/stoic-curie.212-227-153-4.plesk.page\/hr\/wp-json\/wp\/v2\/media?parent=1024812"}],"wp:term":[{"taxonomy":"product_brand","embeddable":true,"href":"https:\/\/stoic-curie.212-227-153-4.plesk.page\/hr\/wp-json\/wp\/v2\/product_brand?post=1024812"},{"taxonomy":"product_cat","embeddable":true,"href":"https:\/\/stoic-curie.212-227-153-4.plesk.page\/hr\/wp-json\/wp\/v2\/product_cat?post=1024812"},{"taxonomy":"product_tag","embeddable":true,"href":"https:\/\/stoic-curie.212-227-153-4.plesk.page\/hr\/wp-json\/wp\/v2\/product_tag?post=1024812"}],"curies":[{"name":"wp","href":"https:\/\/api.w.org\/{rel}","templated":true}]}}