{"id":1024813,"date":"2025-04-08T16:00:47","date_gmt":"2025-04-08T20:00:47","guid":{"rendered":"https:\/\/stoic-curie.212-227-153-4.plesk.page\/product\/set-2-propellers-solas-duoprop-a3\/"},"modified":"2026-02-25T00:01:26","modified_gmt":"2026-02-25T00:01:26","slug":"set-2-propellers-solas-duoprop-a3","status":"publish","type":"product","link":"https:\/\/stoic-curie.212-227-153-4.plesk.page\/hr\/product\/set-2-propellers-solas-duoprop-a3\/","title":{"rendered":"Set 2 propelera Solas Duoprop A3"},"content":{"rendered":"<p>Set 2 propelera Solas Duoprop A3 &#8211; <\/p>\n<p style=\"color: rgb(34, 34, 34); font-family: Arial, Helvetica, sans-serif; font-size: small;\">Solas Tip A3 aluminijski Duopropeler set za Volvo Penta 280 i 290 DP (dizel)<\/p>\n<ul style=\"color: rgb(34, 34, 34); font-family: Arial, Helvetica, sans-serif; font-size: small;\">\n<li>Prednji propeler: 3-lap<\/li>\n<li>Zadnji propeler: 4-lap<\/li>\n<\/ul>\n<p style=\"color: rgb(34, 34, 34); font-family: Arial, Helvetica, sans-serif; font-size: small;\">SOLAS Duo-propeleri imaju visoki kut zakrivljenosti lopatica s cup-shapingom, pru\u017eaju\u0107i izvrsno podizanje krme i ubrzanje. Ovi aftermarket duo-stil propeleri slu\u017ee kao zamjenska opcija za Volvo Penta Duo outdrives. Imajte na umu da se optere\u0107enje propelera i RPM motora mogu razlikovati izme\u0111u Solas propelera i opcija proizvo\u0111a\u010da originalne opreme (OEM). (Ove informacije o veli\u010dini potje\u010du iz Solas 2013. kataloga.) Instalacija Solas aftermarket duo-stil propelera mo\u017ee zahtijevati specijalizirane alate i OEM hardver. Preporu\u010dujemo konzultiranje OEM priru\u010dnika za pravilnu instalaciju i specifikacije zakretnog momenta.<\/p>\n<p style=\"color: rgb(34, 34, 34); font-family: Arial, Helvetica, sans-serif; font-size: small;\">SOLAS aluminijski Duo-Prop A-serija propelera su dizajnirani za dizelske motore do D41. Jedinstvena kombinacija 3-lap prednjeg propelera i 4-lap stra\u017enjeg propelera pru\u017ea izvanredno prianjanje u vodi.<\/p>\n<p style=\"color: rgb(34, 34, 34); font-family: Arial, Helvetica, sans-serif; font-size: small;\">Solas propeleri se proizvode naprednim procesom pre\u0161anja lijeva, \u0161to ih \u010dini ja\u010dima i izdr\u017eljivijima od tradicionalnih lijevanih proizvoda. Ovaj proces rezultira gotovo neporoznim propelerom s finijom strukturom zrna. Osim toga, Solas aluminijski propeleri su prekriveni s \u010detiri sloja boje koja koristi visokokvalitetne premazne materijale i sofisticiranu slikarsku tehniku za izvrsnu za\u0161titu od korozije. Svaki propeler prolazi vi\u0161e od 500 sati ispitivanja u spremniku za solnu maglu, simuliraju\u0107i vi\u0161e od \u0161est mjeseci tipi\u010dne upotrebe u slanoj vodi.<\/p>\n<p style=\"color: rgb(34, 34, 34); font-family: Arial, Helvetica, sans-serif; font-size: small;\"><strong>Napomena:<\/strong>\u00a0Za motore koji prema\u0161uju brzine od 35 \u010dvorova, preporu\u010dujemo upotrebu propelera od nehr\u0111aju\u0107eg \u010delika Tip C.<\/p>\n","protected":false},"excerpt":{"rendered":"<p>Set 2 propelera Solas Duoprop A3 &#8211; Solas Tip A3 aluminijski Duopropeler set za Volvo Penta 280 i 290 DP<\/p>\n","protected":false},"featured_media":5948309,"comment_status":"closed","ping_status":"closed","template":"","meta":[],"product_brand":[3411],"product_cat":[1829],"product_tag":[],"class_list":{"0":"post-1024813","1":"product","2":"type-product","3":"status-publish","4":"has-post-thumbnail","6":"product_brand-solas-hr","7":"product_cat-rezervni-dijelovi-za-motore-volvo-penta","9":"first","10":"instock","11":"shipping-taxable","12":"purchasable","13":"product-type-simple"},"_links":{"self":[{"href":"https:\/\/stoic-curie.212-227-153-4.plesk.page\/hr\/wp-json\/wp\/v2\/product\/1024813","targetHints":{"allow":["GET"]}}],"collection":[{"href":"https:\/\/stoic-curie.212-227-153-4.plesk.page\/hr\/wp-json\/wp\/v2\/product"}],"about":[{"href":"https:\/\/stoic-curie.212-227-153-4.plesk.page\/hr\/wp-json\/wp\/v2\/types\/product"}],"replies":[{"embeddable":true,"href":"https:\/\/stoic-curie.212-227-153-4.plesk.page\/hr\/wp-json\/wp\/v2\/comments?post=1024813"}],"version-history":[{"count":0,"href":"https:\/\/stoic-curie.212-227-153-4.plesk.page\/hr\/wp-json\/wp\/v2\/product\/1024813\/revisions"}],"wp:featuredmedia":[{"embeddable":true,"href":"https:\/\/stoic-curie.212-227-153-4.plesk.page\/hr\/wp-json\/wp\/v2\/media\/5948309"}],"wp:attachment":[{"href":"https:\/\/stoic-curie.212-227-153-4.plesk.page\/hr\/wp-json\/wp\/v2\/media?parent=1024813"}],"wp:term":[{"taxonomy":"product_brand","embeddable":true,"href":"https:\/\/stoic-curie.212-227-153-4.plesk.page\/hr\/wp-json\/wp\/v2\/product_brand?post=1024813"},{"taxonomy":"product_cat","embeddable":true,"href":"https:\/\/stoic-curie.212-227-153-4.plesk.page\/hr\/wp-json\/wp\/v2\/product_cat?post=1024813"},{"taxonomy":"product_tag","embeddable":true,"href":"https:\/\/stoic-curie.212-227-153-4.plesk.page\/hr\/wp-json\/wp\/v2\/product_tag?post=1024813"}],"curies":[{"name":"wp","href":"https:\/\/api.w.org\/{rel}","templated":true}]}}