{"id":1024814,"date":"2025-04-08T16:00:47","date_gmt":"2025-04-08T20:00:47","guid":{"rendered":"https:\/\/stoic-curie.212-227-153-4.plesk.page\/product\/set-2-propellers-solas-duoprop-a5\/"},"modified":"2026-02-25T00:01:26","modified_gmt":"2026-02-25T00:01:26","slug":"set-2-propellers-solas-duoprop-a5","status":"publish","type":"product","link":"https:\/\/stoic-curie.212-227-153-4.plesk.page\/hr\/product\/set-2-propellers-solas-duoprop-a5\/","title":{"rendered":"Set 2 propelera Solas Duoprop A5"},"content":{"rendered":"<p>Set 2 propelera Solas Duoprop A5 &#8211; <\/p>\n<p style=\"color: rgb(34, 34, 34); font-family: Arial, Helvetica, sans-serif; font-size: small;\">Solas Type A5 aluminijski set duopropelera dizajniran za Volvo Penta 280 i 290 DP (dizel)<\/p>\n<ul style=\"color: rgb(34, 34, 34); font-family: Arial, Helvetica, sans-serif; font-size: small;\">\n<li>Prednji propeler: 3-kraki<\/li>\n<li>Stra\u017enji propeler: 4-kraki<\/li>\n<\/ul>\n<p style=\"color: rgb(34, 34, 34); font-family: Arial, Helvetica, sans-serif; font-size: small;\">SOLAS Duo-propellers su izra\u0111eni s visoko zakrivljenim dizajnom no\u017ea koji uklju\u010duje savijanje, \u0161to pru\u017ea izvanredno podizanje na krmi i ubrzanje. Ove aftermarket duopropelearne jedinice namijenjene su kao zamjena za Volvo Penta Duo izlaze. Va\u017eno je imati na umu da se optere\u0107enje na propeleru i obrtaji motora mogu razlikovati izme\u0111u Solas propelera i originalnih ure\u0111aja (OEM) modela. (Ove informacije o veli\u010dinama dolaze izravno iz Solas 2013. kataloga.) Instalacija Solas aftermarket duostilnih propelera mo\u017ee zahtijevati specijalizirane alate i OEM hardver. Preporu\u010dujemo da se konzultirate s OEM priru\u010dnikom za to\u010dne specifikacije instalacije i momenta.<\/p>\n<p style=\"color: rgb(34, 34, 34); font-family: Arial, Helvetica, sans-serif; font-size: small;\">SOLAS aluminijski Duo-Prop A-serije propelerski su posebno izra\u0111eni za dizelske motore do D41. Jedinstvena kombinacija 3-krakog prednjeg propelera i 4-krakog stra\u017enjeg propelera osigurava izvanredno dr\u017eanje u vodi.<\/p>\n<p style=\"color: rgb(34, 34, 34); font-family: Arial, Helvetica, sans-serif; font-size: small;\">Solas propelers se proizvode kori\u0161tenjem napredne tehnike lijevanja pod pritiskom koja pobolj\u0161ava njihovu \u010dvrsto\u0107u i izdr\u017eljivost u usporedbi s konvencionalnim proizvodi od lijevanih dijelova. Ova metoda rezultira gotovo neporoznim propelerom s finijom strukturom zrna. Osim toga, Solas aluminijski propelers podvrgnuti su obradama s \u010detiri sloja boje, koriste\u0107i visoko kvalitetne premaze i napredni proces bojenja kako bi se pru\u017eila izvanredna za\u0161tita od korozije. Svaki propeler prolazi vi\u0161e od 500 sati ispitivanja u rezervoaru slane vode, simuliraju\u0107i vi\u0161e od \u0161est mjeseci tipi\u010dne izlo\u017eenosti slanoj vodi.<\/p>\n<p style=\"color: rgb(34, 34, 34); font-family: Arial, Helvetica, sans-serif; font-size: small;\"><strong>Napomena:<\/strong>\u00a0Za motore koji posti\u017eu brzine ve\u0107e od 35 \u010dvorova, predla\u017eemo kori\u0161tenje inox Type C propelera.<\/p>\n","protected":false},"excerpt":{"rendered":"<p>Set 2 propelera Solas Duoprop A5 &#8211; Solas Type A5 aluminijski set duopropelera dizajniran za Volvo Penta 280 i 290<\/p>\n","protected":false},"featured_media":5948309,"comment_status":"closed","ping_status":"closed","template":"","meta":[],"product_brand":[3411],"product_cat":[1829],"product_tag":[],"class_list":{"0":"post-1024814","1":"product","2":"type-product","3":"status-publish","4":"has-post-thumbnail","6":"product_brand-solas-hr","7":"product_cat-rezervni-dijelovi-za-motore-volvo-penta","9":"first","10":"instock","11":"shipping-taxable","12":"purchasable","13":"product-type-simple"},"_links":{"self":[{"href":"https:\/\/stoic-curie.212-227-153-4.plesk.page\/hr\/wp-json\/wp\/v2\/product\/1024814","targetHints":{"allow":["GET"]}}],"collection":[{"href":"https:\/\/stoic-curie.212-227-153-4.plesk.page\/hr\/wp-json\/wp\/v2\/product"}],"about":[{"href":"https:\/\/stoic-curie.212-227-153-4.plesk.page\/hr\/wp-json\/wp\/v2\/types\/product"}],"replies":[{"embeddable":true,"href":"https:\/\/stoic-curie.212-227-153-4.plesk.page\/hr\/wp-json\/wp\/v2\/comments?post=1024814"}],"version-history":[{"count":0,"href":"https:\/\/stoic-curie.212-227-153-4.plesk.page\/hr\/wp-json\/wp\/v2\/product\/1024814\/revisions"}],"wp:featuredmedia":[{"embeddable":true,"href":"https:\/\/stoic-curie.212-227-153-4.plesk.page\/hr\/wp-json\/wp\/v2\/media\/5948309"}],"wp:attachment":[{"href":"https:\/\/stoic-curie.212-227-153-4.plesk.page\/hr\/wp-json\/wp\/v2\/media?parent=1024814"}],"wp:term":[{"taxonomy":"product_brand","embeddable":true,"href":"https:\/\/stoic-curie.212-227-153-4.plesk.page\/hr\/wp-json\/wp\/v2\/product_brand?post=1024814"},{"taxonomy":"product_cat","embeddable":true,"href":"https:\/\/stoic-curie.212-227-153-4.plesk.page\/hr\/wp-json\/wp\/v2\/product_cat?post=1024814"},{"taxonomy":"product_tag","embeddable":true,"href":"https:\/\/stoic-curie.212-227-153-4.plesk.page\/hr\/wp-json\/wp\/v2\/product_tag?post=1024814"}],"curies":[{"name":"wp","href":"https:\/\/api.w.org\/{rel}","templated":true}]}}