{"id":1024815,"date":"2025-04-08T16:00:47","date_gmt":"2025-04-08T20:00:47","guid":{"rendered":"https:\/\/stoic-curie.212-227-153-4.plesk.page\/product\/set-2-propellers-solas-duoprop-a6\/"},"modified":"2026-02-25T00:01:26","modified_gmt":"2026-02-25T00:01:26","slug":"set-2-propellers-solas-duoprop-a6","status":"publish","type":"product","link":"https:\/\/stoic-curie.212-227-153-4.plesk.page\/hr\/product\/set-2-propellers-solas-duoprop-a6\/","title":{"rendered":"Set 2 propelera Solas Duoprop A6"},"content":{"rendered":"<p>Set 2 propelera Solas Duoprop A6 &#8211; <\/p>\n<p style=\"color: rgb(34, 34, 34); font-family: Arial, Helvetica, sans-serif; font-size: small;\">Solas Tip A6 aluminijski set duopropelera za Volvo Penta 280 i 290 DP (dizel)<\/p>\n<ul style=\"color: rgb(34, 34, 34); font-family: Arial, Helvetica, sans-serif; font-size: small;\">\n<li>Prednji propeller: 3-kraka<\/li>\n<li>Stra\u017enji propeller: 4-kraka<\/li>\n<\/ul>\n<p style=\"color: rgb(34, 34, 34); font-family: Arial, Helvetica, sans-serif; font-size: small;\">SOLAS Duo-propelseri imaju visoki kut lopatica s zavojem, \u0161to osigurava izvanredno podizanje stra\u017enjeg dijela i ubrzanje. Ovi aftermarket duo-stil propeleri slu\u017ee kao opcija zamjene za Volvo Penta Duo izbaciva\u010de. Me\u0111utim, imajte na umu da se optere\u0107enje propelera i okretaji motora mogu razdvojiti izme\u0111u Solas propelera i opcija originalnih proizvo\u0111a\u010da (OEM). Za precizno dimenzioniranje konzultirajte Solas katalog 2013. Instalacija Solas aftermarket duo-stil propelera mo\u017ee zahtijevati posebne alate i OEM dijelove. Uvijek se konzultirajte s OEM priru\u010dnikom za pravilnu instalaciju i specifikacije momenta.<\/p>\n<p style=\"color: rgb(34, 34, 34); font-family: Arial, Helvetica, sans-serif; font-size: small;\">SOLAS aluminijski Duo-Prop A-serija propeleri dizajnirani su za dizelske motore do D41. Kombinacija 3-krakog prednjeg propelera i 4-krakog stra\u017enjeg propelera pru\u017ea izvanrednu prianjanje u vodi.<\/p>\n<p style=\"color: rgb(34, 34, 34); font-family: Arial, Helvetica, sans-serif; font-size: small;\">Solas propeleri se proizvode naprednim procesom lijevanja pod pritiskom, \u0161to ih \u010dini ja\u010dim i izdr\u017eljivijim od tradicionalnih lijevanih proizvoda. Ovaj proces rezultira gotovo neporoznim propelerom s finijom strukturom zrna. Osim toga, Solas aluminijski propeleri su premazani s \u010detiri sloja boje, koriste\u0107i visoko kvalitetne premaze i sofisticiranu tehniku bojenja kako bi se osigurala izvanredna za\u0161tita od korozije. Svaki propeler prolazi kroz vi\u0161e od 500 sati testiranja u spremniku za prskanje slane vode, simuliraju\u0107i vi\u0161e od \u0161est mjeseci tipi\u010dne upotrebe u slanoj vodi.<\/p>\n<p style=\"color: rgb(34, 34, 34); font-family: Arial, Helvetica, sans-serif; font-size: small;\"><strong>Napomena:<\/strong> Za motore koji prelaze brzine od 35 \u010dvorova preporu\u010duje se propeler od nehr\u0111aju\u0107eg \u010delika Tip C.<\/p>\n","protected":false},"excerpt":{"rendered":"<p>Set 2 propelera Solas Duoprop A6 &#8211; Solas Tip A6 aluminijski set duopropelera za Volvo Penta 280 i 290 DP<\/p>\n","protected":false},"featured_media":5948309,"comment_status":"closed","ping_status":"closed","template":"","meta":[],"product_brand":[3411],"product_cat":[1829],"product_tag":[],"class_list":{"0":"post-1024815","1":"product","2":"type-product","3":"status-publish","4":"has-post-thumbnail","6":"product_brand-solas-hr","7":"product_cat-rezervni-dijelovi-za-motore-volvo-penta","9":"first","10":"instock","11":"shipping-taxable","12":"purchasable","13":"product-type-simple"},"_links":{"self":[{"href":"https:\/\/stoic-curie.212-227-153-4.plesk.page\/hr\/wp-json\/wp\/v2\/product\/1024815","targetHints":{"allow":["GET"]}}],"collection":[{"href":"https:\/\/stoic-curie.212-227-153-4.plesk.page\/hr\/wp-json\/wp\/v2\/product"}],"about":[{"href":"https:\/\/stoic-curie.212-227-153-4.plesk.page\/hr\/wp-json\/wp\/v2\/types\/product"}],"replies":[{"embeddable":true,"href":"https:\/\/stoic-curie.212-227-153-4.plesk.page\/hr\/wp-json\/wp\/v2\/comments?post=1024815"}],"version-history":[{"count":0,"href":"https:\/\/stoic-curie.212-227-153-4.plesk.page\/hr\/wp-json\/wp\/v2\/product\/1024815\/revisions"}],"wp:featuredmedia":[{"embeddable":true,"href":"https:\/\/stoic-curie.212-227-153-4.plesk.page\/hr\/wp-json\/wp\/v2\/media\/5948309"}],"wp:attachment":[{"href":"https:\/\/stoic-curie.212-227-153-4.plesk.page\/hr\/wp-json\/wp\/v2\/media?parent=1024815"}],"wp:term":[{"taxonomy":"product_brand","embeddable":true,"href":"https:\/\/stoic-curie.212-227-153-4.plesk.page\/hr\/wp-json\/wp\/v2\/product_brand?post=1024815"},{"taxonomy":"product_cat","embeddable":true,"href":"https:\/\/stoic-curie.212-227-153-4.plesk.page\/hr\/wp-json\/wp\/v2\/product_cat?post=1024815"},{"taxonomy":"product_tag","embeddable":true,"href":"https:\/\/stoic-curie.212-227-153-4.plesk.page\/hr\/wp-json\/wp\/v2\/product_tag?post=1024815"}],"curies":[{"name":"wp","href":"https:\/\/api.w.org\/{rel}","templated":true}]}}