{"id":1024816,"date":"2025-04-08T16:00:47","date_gmt":"2025-04-08T20:00:47","guid":{"rendered":"https:\/\/stoic-curie.212-227-153-4.plesk.page\/product\/set-2-propellers-solas-duoprop-a7\/"},"modified":"2026-02-25T00:01:26","modified_gmt":"2026-02-25T00:01:26","slug":"set-2-propellers-solas-duoprop-a7","status":"publish","type":"product","link":"https:\/\/stoic-curie.212-227-153-4.plesk.page\/hr\/product\/set-2-propellers-solas-duoprop-a7\/","title":{"rendered":"Set 2 propelera Solas Duoprop A7"},"content":{"rendered":"<p>Set 2 propelera Solas Duoprop A7 &#8211; <\/p>\n<p style=\"color: rgb(34, 34, 34); font-family: Arial, Helvetica, sans-serif; font-size: small;\">Solas Type A7 aluminijski Duo propeler set za Volvo Penta 280 i 290 DP (dizel)<\/p>\n<ul style=\"color: rgb(34, 34, 34); font-family: Arial, Helvetica, sans-serif; font-size: small;\">\n<li>Prednji propeler: 3-kraki<\/li>\n<li>Stra\u017enji propeler: 4-kraki<\/li>\n<\/ul>\n<p style=\"color: rgb(34, 34, 34); font-family: Arial, Helvetica, sans-serif; font-size: small;\">SOLAS Duo propelere imaju dizajn krila s visokim nagibom i oblikovanjem, koji osigurava odli\u010dan uzlet s krme i ubrzanje. Ove aftermarket duo-stil propelere su zamjenski opcija za Volvo Penta Duo izvan pogona. Me\u0111utim, imajte na umu da se optere\u0107enje propelera i okretaji motora mogu razlikovati izme\u0111u Solas propelera i opcija proizvo\u0111a\u010da originalne opreme (OEM). (Ove informacije o veli\u010dini dolaze iz Solas 2013. kataloga.) Instalacija Solas aftermarket duo-stil propelera mo\u017ee zahtijevati posebne alate i OEM dijelove. Preporu\u010dujemo konzultaciju s OEM priru\u010dnikom za pravilnu instalaciju i specifikacije momenta.<\/p>\n<p style=\"color: rgb(34, 34, 34); font-family: Arial, Helvetica, sans-serif; font-size: small;\">SOLAS aluminijski Duo-Prop A-serije propelere su dizajnirani za dizel motore do D41. Kombinacija 3-lapi\u010dnog prednjeg propelera i 4-lapi\u010dnog stra\u017enjeg propelera pru\u017ea izvanredno prianjanje u vodi.<\/p>\n<p style=\"color: rgb(34, 34, 34); font-family: Arial, Helvetica, sans-serif; font-size: small;\">Solas propelere se proizvode naprednim procesom lijevanja pod pritiskom, \u0161to ih \u010dini ja\u010dima i trajnijima od tradicionalnih proizvoda od lijevanog metala. Ovaj proces rezultira gotovo neporoznim propelere s finijom strukturom zrna. Osim toga, Solas aluminijski propeleri su premazani s \u010detiri sloja boje, koriste\u0107i visokokvalitetne premaze i sofisticiranu tehniku bojenja kako bi se osigurala izvrsna za\u0161tita od korozije. Svaki propeler prolazi kroz vi\u0161e od 500 sati testiranja u spremniku za raspr\u0161ivanje slane vode, simuliraju\u0107i vi\u0161e od \u0161est mjeseci tipi\u010dne upotrebe u slanoj vodi.<\/p>\n<p style=\"color: rgb(34, 34, 34); font-family: Arial, Helvetica, sans-serif; font-size: small;\"><strong>Napomena:<\/strong>\u00a0Za motore koji prelaze brzine od 35 \u010dvorova, preporu\u010dujemo kori\u0161tenje propelera od nehr\u0111aju\u0107eg \u010delika tip C.<\/p>\n","protected":false},"excerpt":{"rendered":"<p>Set 2 propelera Solas Duoprop A7 &#8211; Solas Type A7 aluminijski Duo propeler set za Volvo Penta 280 i 290<\/p>\n","protected":false},"featured_media":5948309,"comment_status":"closed","ping_status":"closed","template":"","meta":[],"product_brand":[3411],"product_cat":[1829],"product_tag":[],"class_list":{"0":"post-1024816","1":"product","2":"type-product","3":"status-publish","4":"has-post-thumbnail","6":"product_brand-solas-hr","7":"product_cat-rezervni-dijelovi-za-motore-volvo-penta","9":"first","10":"instock","11":"shipping-taxable","12":"purchasable","13":"product-type-simple"},"_links":{"self":[{"href":"https:\/\/stoic-curie.212-227-153-4.plesk.page\/hr\/wp-json\/wp\/v2\/product\/1024816","targetHints":{"allow":["GET"]}}],"collection":[{"href":"https:\/\/stoic-curie.212-227-153-4.plesk.page\/hr\/wp-json\/wp\/v2\/product"}],"about":[{"href":"https:\/\/stoic-curie.212-227-153-4.plesk.page\/hr\/wp-json\/wp\/v2\/types\/product"}],"replies":[{"embeddable":true,"href":"https:\/\/stoic-curie.212-227-153-4.plesk.page\/hr\/wp-json\/wp\/v2\/comments?post=1024816"}],"version-history":[{"count":0,"href":"https:\/\/stoic-curie.212-227-153-4.plesk.page\/hr\/wp-json\/wp\/v2\/product\/1024816\/revisions"}],"wp:featuredmedia":[{"embeddable":true,"href":"https:\/\/stoic-curie.212-227-153-4.plesk.page\/hr\/wp-json\/wp\/v2\/media\/5948309"}],"wp:attachment":[{"href":"https:\/\/stoic-curie.212-227-153-4.plesk.page\/hr\/wp-json\/wp\/v2\/media?parent=1024816"}],"wp:term":[{"taxonomy":"product_brand","embeddable":true,"href":"https:\/\/stoic-curie.212-227-153-4.plesk.page\/hr\/wp-json\/wp\/v2\/product_brand?post=1024816"},{"taxonomy":"product_cat","embeddable":true,"href":"https:\/\/stoic-curie.212-227-153-4.plesk.page\/hr\/wp-json\/wp\/v2\/product_cat?post=1024816"},{"taxonomy":"product_tag","embeddable":true,"href":"https:\/\/stoic-curie.212-227-153-4.plesk.page\/hr\/wp-json\/wp\/v2\/product_tag?post=1024816"}],"curies":[{"name":"wp","href":"https:\/\/api.w.org\/{rel}","templated":true}]}}