{"id":1024817,"date":"2025-04-08T16:00:47","date_gmt":"2025-04-08T20:00:47","guid":{"rendered":"https:\/\/stoic-curie.212-227-153-4.plesk.page\/product\/set-2-propellers-solas-duoprop-b3\/"},"modified":"2026-02-25T00:01:26","modified_gmt":"2026-02-25T00:01:26","slug":"set-2-propellers-solas-duoprop-b3","status":"publish","type":"product","link":"https:\/\/stoic-curie.212-227-153-4.plesk.page\/hr\/product\/set-2-propellers-solas-duoprop-b3\/","title":{"rendered":"Set 2 propelera Solas Duoprop B3"},"content":{"rendered":"<p>Set 2 propelera Solas Duoprop B3 &#8211; <\/p>\n<p style=\"color: rgb(34, 34, 34); font-family: Arial, Helvetica, sans-serif; font-size: small;\">Solas Duo Prop B3 aluminijski set propelera pa\u017eljivo je dizajniran za upotrebu s Volvo Penta 280\/290DP vanbrodskim motorima, \u0161to ga \u010dini idealnim izborom za ljubitelje \u010damaca koji zahtijevaju visoke performanse i pouzdanost. Ovaj specifi\u010dni set propelera izravno odgovara Volvo Penta Duoprop Propeller B3 Setu #854816, osiguravaju\u0107i kompatibilnost i optimalnu funkcionalnost. Solas Duoprops slu\u017ee kao izravne zamjene za izvorne Volvo Duoprop propelere i imaju dizajne koji su jednaki OEM standardima, \u0161to zna\u010di da mo\u017eete o\u010dekivati istu razinu kvalitete i performansi.<\/p>\n<p style=\"color: rgb(34, 34, 34); font-family: Arial, Helvetica, sans-serif; font-size: small;\">Za one koji koriste motore koji posti\u017eu brzine ve\u0107e od 35 \u010dvorova, toplo preporu\u010dujemo razmotriti propeler od nehr\u0111aju\u0107eg \u010delika tipa C, koji nudi pobolj\u0161anu izdr\u017eljivost i performanse pod uvjetima velike brzine. Aluminski Duoprop propelers u ovom setu posebno su dizajnirani za benzinske motore, osiguravaju\u0107i da zadovoljavaju jedinstvene zahtjeve ovih izvora snage. Svaki propeler izra\u0111en je s konfiguracijom od tri lopatice koja ima aerodinami\u010dki profil, \u0161to je klju\u010dno za postizanje maksimalne u\u010dinkovitosti i brzine na vodi.<\/p>\n<p style=\"color: rgb(34, 34, 34); font-family: Arial, Helvetica, sans-serif; font-size: small;\">Va\u017eno je napomenuti da mije\u0161anje razli\u010ditih vrsta propelera, kao \u0161to su tipovi A, B i J, mo\u017ee dovesti do suboptimalnih performansi i potencijalnih o\u0161te\u0107enja. Stoga uvijek osigurajte da koristite propelere istog tipa i veli\u010dine na pogonu ili na oba pogona u dvostrukim konfiguracijama. Ova pa\u017enja prema detaljima pomo\u0107i \u0107e vam da odr\u017eite cjelovitost i performanse va\u0161eg plovila.<\/p>\n","protected":false},"excerpt":{"rendered":"<p>Set 2 propelera Solas Duoprop B3 &#8211; Solas Duo Prop B3 aluminijski set propelera pa\u017eljivo je dizajniran za upotrebu s<\/p>\n","protected":false},"featured_media":5948309,"comment_status":"closed","ping_status":"closed","template":"","meta":[],"product_brand":[3411],"product_cat":[1829],"product_tag":[],"class_list":{"0":"post-1024817","1":"product","2":"type-product","3":"status-publish","4":"has-post-thumbnail","6":"product_brand-solas-hr","7":"product_cat-rezervni-dijelovi-za-motore-volvo-penta","9":"first","10":"instock","11":"shipping-taxable","12":"purchasable","13":"product-type-simple"},"_links":{"self":[{"href":"https:\/\/stoic-curie.212-227-153-4.plesk.page\/hr\/wp-json\/wp\/v2\/product\/1024817","targetHints":{"allow":["GET"]}}],"collection":[{"href":"https:\/\/stoic-curie.212-227-153-4.plesk.page\/hr\/wp-json\/wp\/v2\/product"}],"about":[{"href":"https:\/\/stoic-curie.212-227-153-4.plesk.page\/hr\/wp-json\/wp\/v2\/types\/product"}],"replies":[{"embeddable":true,"href":"https:\/\/stoic-curie.212-227-153-4.plesk.page\/hr\/wp-json\/wp\/v2\/comments?post=1024817"}],"version-history":[{"count":0,"href":"https:\/\/stoic-curie.212-227-153-4.plesk.page\/hr\/wp-json\/wp\/v2\/product\/1024817\/revisions"}],"wp:featuredmedia":[{"embeddable":true,"href":"https:\/\/stoic-curie.212-227-153-4.plesk.page\/hr\/wp-json\/wp\/v2\/media\/5948309"}],"wp:attachment":[{"href":"https:\/\/stoic-curie.212-227-153-4.plesk.page\/hr\/wp-json\/wp\/v2\/media?parent=1024817"}],"wp:term":[{"taxonomy":"product_brand","embeddable":true,"href":"https:\/\/stoic-curie.212-227-153-4.plesk.page\/hr\/wp-json\/wp\/v2\/product_brand?post=1024817"},{"taxonomy":"product_cat","embeddable":true,"href":"https:\/\/stoic-curie.212-227-153-4.plesk.page\/hr\/wp-json\/wp\/v2\/product_cat?post=1024817"},{"taxonomy":"product_tag","embeddable":true,"href":"https:\/\/stoic-curie.212-227-153-4.plesk.page\/hr\/wp-json\/wp\/v2\/product_tag?post=1024817"}],"curies":[{"name":"wp","href":"https:\/\/api.w.org\/{rel}","templated":true}]}}