{"id":1024818,"date":"2025-04-08T16:00:48","date_gmt":"2025-04-08T20:00:48","guid":{"rendered":"https:\/\/stoic-curie.212-227-153-4.plesk.page\/product\/set-2-propellers-solas-duoprop-b4\/"},"modified":"2026-02-25T00:01:26","modified_gmt":"2026-02-25T00:01:26","slug":"set-2-propellers-solas-duoprop-b4","status":"publish","type":"product","link":"https:\/\/stoic-curie.212-227-153-4.plesk.page\/hr\/product\/set-2-propellers-solas-duoprop-b4\/","title":{"rendered":"Set 2 propelera Solas Duoprop B4"},"content":{"rendered":"<p>Set 2 propelera Solas Duoprop B4 &#8211; <\/p>\n<p style=\"color: rgb(34, 34, 34); font-family: Arial, Helvetica, sans-serif; font-size: small;\">Set aluminijskih Duoprop propellera Solas B4 za Volvo Penta 280 i 290DP (Benzin)<\/p>\n<ul style=\"color: rgb(34, 34, 34); font-family: Arial, Helvetica, sans-serif; font-size: small;\">\n<li>Prednji propeler: 3-kraki<\/li>\n<li>Zadnji propeler: 4-kraki<\/li>\n<\/ul>\n<p style=\"color: rgb(34, 34, 34); font-family: Arial, Helvetica, sans-serif; font-size: small;\">SOLAS Duo-propellers imaju dizajn o\u0161trice s visokim nagibom s udubljenjem, \u0161to osigurava izvrsno podizanje krme i ubrzanje. Ovi aftermarket duo-stil propeleri su zamjenska opcija za Volvo Penta Duo outdrives. Molimo vas da imate na umu da optere\u0107enje propelera i RPM motora mogu varirati izme\u0111u Solas propellera i opcija proizvo\u0111a\u010da originalne opreme (OEM). (Ove informacije o veli\u010dini izravno dolaze iz Solas 2013 Kataloga.) Instalacija Solas aftermarket duo-stil propellera mo\u017ee zahtijevati posebne alate i OEM dijelove. Preporu\u010dujemo da se posavjetujete s OEM priru\u010dnikom za pravilnu instalaciju i specifikacije momenta.<\/p>\n<p style=\"color: rgb(34, 34, 34); font-family: Arial, Helvetica, sans-serif; font-size: small;\">Aluminijski Duo-Prop B-serije propeleri SOLAS su dizajnirani za benzinske motore. Kombinacija 3-krakog prednjeg propelera i 4-krakog stra\u017enjeg propelera pru\u017ea izvanredno zahva\u0107anje u vodi.<\/p>\n<p style=\"color: rgb(34, 34, 34); font-family: Arial, Helvetica, sans-serif; font-size: small;\">Solas propeleri se proizvode kori\u0161tenjem naprednog procesa lijevanja pod pritiskom, \u010dime su ja\u010di i izdr\u017eljiviji od tradicionalnih lijevanih proizvoda. Ovaj proces rezultira gotovo neporoznim propelerom s finijom strukturom u usporedbi s alternativama lijevanju. Osim toga, Solas aluminijski propeleri su premazani s \u010detiri sloja laka, koriste\u0107i visokokvalitetne premaze i sofisticiranu tehniku bojenja kako bi se osigurala izvrsna anticorosionska svojstva. Svaki propeler prolazi kroz vi\u0161e od 500 sati testiranja u slanoj maglovitoj komori, simuliraju\u0107i vi\u0161e od \u0161est mjeseci tipi\u010dne uporabe u slanoj vodi.<\/p>\n<p style=\"color: rgb(34, 34, 34); font-family: Arial, Helvetica, sans-serif; font-size: small;\"><strong>Napomena:<\/strong>\u00a0Za motore koji prema\u0161uju brzine od 35 \u010dvorova, preporu\u010dujemo kori\u0161tenje propellera od nehr\u0111aju\u0107eg \u010delika tipa C.<\/p>\n","protected":false},"excerpt":{"rendered":"<p>Set 2 propelera Solas Duoprop B4 &#8211; Set aluminijskih Duoprop propellera Solas B4 za Volvo Penta 280 i 290DP (Benzin)<\/p>\n","protected":false},"featured_media":5948309,"comment_status":"closed","ping_status":"closed","template":"","meta":[],"product_brand":[3411],"product_cat":[1829],"product_tag":[],"class_list":{"0":"post-1024818","1":"product","2":"type-product","3":"status-publish","4":"has-post-thumbnail","6":"product_brand-solas-hr","7":"product_cat-rezervni-dijelovi-za-motore-volvo-penta","9":"first","10":"instock","11":"shipping-taxable","12":"purchasable","13":"product-type-simple"},"_links":{"self":[{"href":"https:\/\/stoic-curie.212-227-153-4.plesk.page\/hr\/wp-json\/wp\/v2\/product\/1024818","targetHints":{"allow":["GET"]}}],"collection":[{"href":"https:\/\/stoic-curie.212-227-153-4.plesk.page\/hr\/wp-json\/wp\/v2\/product"}],"about":[{"href":"https:\/\/stoic-curie.212-227-153-4.plesk.page\/hr\/wp-json\/wp\/v2\/types\/product"}],"replies":[{"embeddable":true,"href":"https:\/\/stoic-curie.212-227-153-4.plesk.page\/hr\/wp-json\/wp\/v2\/comments?post=1024818"}],"version-history":[{"count":0,"href":"https:\/\/stoic-curie.212-227-153-4.plesk.page\/hr\/wp-json\/wp\/v2\/product\/1024818\/revisions"}],"wp:featuredmedia":[{"embeddable":true,"href":"https:\/\/stoic-curie.212-227-153-4.plesk.page\/hr\/wp-json\/wp\/v2\/media\/5948309"}],"wp:attachment":[{"href":"https:\/\/stoic-curie.212-227-153-4.plesk.page\/hr\/wp-json\/wp\/v2\/media?parent=1024818"}],"wp:term":[{"taxonomy":"product_brand","embeddable":true,"href":"https:\/\/stoic-curie.212-227-153-4.plesk.page\/hr\/wp-json\/wp\/v2\/product_brand?post=1024818"},{"taxonomy":"product_cat","embeddable":true,"href":"https:\/\/stoic-curie.212-227-153-4.plesk.page\/hr\/wp-json\/wp\/v2\/product_cat?post=1024818"},{"taxonomy":"product_tag","embeddable":true,"href":"https:\/\/stoic-curie.212-227-153-4.plesk.page\/hr\/wp-json\/wp\/v2\/product_tag?post=1024818"}],"curies":[{"name":"wp","href":"https:\/\/api.w.org\/{rel}","templated":true}]}}