{"id":1024819,"date":"2025-04-08T16:00:48","date_gmt":"2025-04-08T20:00:48","guid":{"rendered":"https:\/\/stoic-curie.212-227-153-4.plesk.page\/product\/set-2-propellers-solas-duoprop-b5\/"},"modified":"2026-02-25T00:01:26","modified_gmt":"2026-02-25T00:01:26","slug":"set-2-propellers-solas-duoprop-b5","status":"publish","type":"product","link":"https:\/\/stoic-curie.212-227-153-4.plesk.page\/hr\/product\/set-2-propellers-solas-duoprop-b5\/","title":{"rendered":"Set 2 propelera Solas Duoprop B5"},"content":{"rendered":"<p>Set 2 propelera Solas Duoprop B5 &#8211; <\/p>\n<p style=\"color: rgb(34, 34, 34); font-family: Arial, Helvetica, sans-serif; font-size: small;\">Solas B5 aluminijski set duopropelera za Volvo Penta 280 i 290DP (Benzin)<\/p>\n<ul style=\"color: rgb(34, 34, 34); font-family: Arial, Helvetica, sans-serif; font-size: small;\">\n<li>Prednja propela: 3-lopatica<\/li>\n<li>Zadnja propela: 4-lopatica<\/li>\n<\/ul>\n<p style=\"color: rgb(34, 34, 34); font-family: Arial, Helvetica, sans-serif; font-size: small;\">SOLAS duopropeleri imaju dizajn sa visokim zahvatom i cupping, \u0161to osigurava izvrstan uspon kobilice i ubrzanje. Ove aftermarket duopropelerice slu\u017ee kao zamjenska opcija za Volvo Penta Duo vanjske motore. Imajte na umu da optere\u0107enje propelera i RPM-a motora mogu varirati izme\u0111u Solas propelera i opcija originalnih proizvo\u0111a\u010da (OEM). (Ove informacije o veli\u010dini citirane su iz Solas kataloga 2013.) Instalacija Solas aftermarket duopropeleri mo\u017ee zahtijevati posebne alate i OEM hardver. Preporu\u010dujemo konzultiranje OEM priru\u010dnika za odgovaraju\u0107u instalaciju i specifikacije zakretnog momenta.<\/p>\n<p style=\"color: rgb(34, 34, 34); font-family: Arial, Helvetica, sans-serif; font-size: small;\">Solas aluminijski duoprop B-serije propeleri su dizajnirani za benzinske motore. Kombinacija 3-lopatnog prednjeg propelera i 4-lopatnog stra\u017enjeg propelera pru\u017ea izvanrednu vu\u010du u vodi.<\/p>\n<p style=\"color: rgb(34, 34, 34); font-family: Arial, Helvetica, sans-serif; font-size: small;\">Solas propeleri se proizvode modernim procesom lijevanja pod pritiskom, \u0161to ih \u010dini ja\u010dima i izdr\u017eljivijima od tradicionalnih proizvoda od lijevanog \u010delika. Ovaj proces rezultira gotovo neporoznim propelerom s finijom strukturom zrna. Osim toga, Solas aluminijski propeleri su oblo\u017eeni s \u010detiri sloja boje koriste\u0107i napredne premaze i visokotehnolo\u0161ki postupak bojenja kako bi se osigurala izvanredna otpornost na koroziju. Svaki propeler prolazi vi\u0161e od 500 sati testiranja u slanoj maglici, simuliraju\u0107i vi\u0161e od \u0161est mjeseci uobi\u010dajene upotrebe u slanoj vodi.<\/p>\n<p style=\"color: rgb(34, 34, 34); font-family: Arial, Helvetica, sans-serif; font-size: small;\">Napomena: Za motore koji prelaze brzine od 35 \u010dvorova preporu\u010dujemo kori\u0161tenje propelera od nehr\u0111aju\u0107eg \u010delika tipa C.<\/p>\n","protected":false},"excerpt":{"rendered":"<p>Set 2 propelera Solas Duoprop B5 &#8211; Solas B5 aluminijski set duopropelera za Volvo Penta 280 i 290DP (Benzin) Prednja<\/p>\n","protected":false},"featured_media":5948309,"comment_status":"closed","ping_status":"closed","template":"","meta":[],"product_brand":[3411],"product_cat":[1829],"product_tag":[],"class_list":{"0":"post-1024819","1":"product","2":"type-product","3":"status-publish","4":"has-post-thumbnail","6":"product_brand-solas-hr","7":"product_cat-rezervni-dijelovi-za-motore-volvo-penta","9":"first","10":"instock","11":"shipping-taxable","12":"purchasable","13":"product-type-simple"},"_links":{"self":[{"href":"https:\/\/stoic-curie.212-227-153-4.plesk.page\/hr\/wp-json\/wp\/v2\/product\/1024819","targetHints":{"allow":["GET"]}}],"collection":[{"href":"https:\/\/stoic-curie.212-227-153-4.plesk.page\/hr\/wp-json\/wp\/v2\/product"}],"about":[{"href":"https:\/\/stoic-curie.212-227-153-4.plesk.page\/hr\/wp-json\/wp\/v2\/types\/product"}],"replies":[{"embeddable":true,"href":"https:\/\/stoic-curie.212-227-153-4.plesk.page\/hr\/wp-json\/wp\/v2\/comments?post=1024819"}],"version-history":[{"count":0,"href":"https:\/\/stoic-curie.212-227-153-4.plesk.page\/hr\/wp-json\/wp\/v2\/product\/1024819\/revisions"}],"wp:featuredmedia":[{"embeddable":true,"href":"https:\/\/stoic-curie.212-227-153-4.plesk.page\/hr\/wp-json\/wp\/v2\/media\/5948309"}],"wp:attachment":[{"href":"https:\/\/stoic-curie.212-227-153-4.plesk.page\/hr\/wp-json\/wp\/v2\/media?parent=1024819"}],"wp:term":[{"taxonomy":"product_brand","embeddable":true,"href":"https:\/\/stoic-curie.212-227-153-4.plesk.page\/hr\/wp-json\/wp\/v2\/product_brand?post=1024819"},{"taxonomy":"product_cat","embeddable":true,"href":"https:\/\/stoic-curie.212-227-153-4.plesk.page\/hr\/wp-json\/wp\/v2\/product_cat?post=1024819"},{"taxonomy":"product_tag","embeddable":true,"href":"https:\/\/stoic-curie.212-227-153-4.plesk.page\/hr\/wp-json\/wp\/v2\/product_tag?post=1024819"}],"curies":[{"name":"wp","href":"https:\/\/api.w.org\/{rel}","templated":true}]}}