{"id":1024820,"date":"2025-04-08T16:00:48","date_gmt":"2025-04-08T20:00:48","guid":{"rendered":"https:\/\/stoic-curie.212-227-153-4.plesk.page\/product\/set-2-propellers-solas-duoprop-b6\/"},"modified":"2026-02-25T00:01:26","modified_gmt":"2026-02-25T00:01:26","slug":"set-2-propellers-solas-duoprop-b6","status":"publish","type":"product","link":"https:\/\/stoic-curie.212-227-153-4.plesk.page\/hr\/product\/set-2-propellers-solas-duoprop-b6\/","title":{"rendered":"Set 2 propelera Solas Duoprop B6"},"content":{"rendered":"<p>Set 2 propelera Solas Duoprop B6 &#8211; <\/p>\n<p style=\"color: rgb(34, 34, 34); font-family: Arial, Helvetica, sans-serif; font-size: small;\">Solas Duoprop B6 aluminijski set propelera za Volvo Penta 280 i 290DP (Benzin)<\/p>\n<ul style=\"color: rgb(34, 34, 34); font-family: Arial, Helvetica, sans-serif; font-size: small;\">\n<li>Prednji propeler: 3-kraki<\/li>\n<li>Zadnji propeler: 4-kraki<\/li>\n<\/ul>\n<p style=\"color: rgb(34, 34, 34); font-family: Arial, Helvetica, sans-serif; font-size: small;\">SOLAS Duo-Propeleri imaju dizajn visokog nagiba lopatice s udubljenjem, \u0161to pru\u017ea odli\u010dan uzlet na krmi i ubrzanje. Ovi aftermarket duo-stil propeleri slu\u017ee kao zamjenska opcija za Volvo Penta Duo vanjske motore. Me\u0111utim, imajte na umu da se optere\u0107enje propelera i okretaji motora mogu razlikovati izme\u0111u Solas propelera i opcija proizvo\u0111a\u010da originalne opreme (OEM). (Ove informacije o veli\u010dini dolaze iz Solas 2013. Kataloga.) Instalacija Solas aftermarket duo-stil propelera mo\u017ee zahtijevati posebne alate i OEM hardver. Obavezno konzultirajte svoj OEM priru\u010dnik za ispravnu instalaciju i specifikacije okretnog momenta.<\/p>\n<p style=\"color: rgb(34, 34, 34); font-family: Arial, Helvetica, sans-serif; font-size: small;\">Solas aluminijski Duo-Prop B-serija propelera dizajnirana je za benzinske motore. Kombinacija propelerom sa 3 kraka sprijeda i propelerom s 4 kraka straga pru\u017ea iznimno prianjanje u vodi.<\/p>\n<p style=\"color: rgb(34, 34, 34); font-family: Arial, Helvetica, sans-serif; font-size: small;\">Solas propelere se izra\u0111uju naprednim postupkom pre\u0161anja koji ih \u010dini ja\u010dima i izdr\u017eljivijima od tradicionalnih lijevanih proizvoda. Ova metoda rezultira gotovo neporoznim propelerom s finijom strukturom zrna. Osim toga, Solas aluminijski propeleri prekriveni su sa \u010detiri sloja boje, koriste\u0107i visokokvalitetnu boju i sofisticirani proces bojanja kako bi se osigurala izvanredna otpornost na koroziju. Svaki propeler prolazi kroz vi\u0161e od 500 sati testiranja u spremniku za slanu vodu, simuliraju\u0107i vi\u0161e od \u0161est mjeseci tipi\u010dne upotrebe u slanoj vodi.<\/p>\n<p style=\"color: rgb(34, 34, 34); font-family: Arial, Helvetica, sans-serif; font-size: small;\"><strong>Napomena:<\/strong>\u00a0Za motore koji prema\u0161uju brzine od 35 \u010dvorova, preporu\u010duje se \u010deli\u010dni tip C propeler.<\/p>\n","protected":false},"excerpt":{"rendered":"<p>Set 2 propelera Solas Duoprop B6 &#8211; Solas Duoprop B6 aluminijski set propelera za Volvo Penta 280 i 290DP (Benzin)<\/p>\n","protected":false},"featured_media":5948309,"comment_status":"closed","ping_status":"closed","template":"","meta":[],"product_brand":[3411],"product_cat":[1829],"product_tag":[],"class_list":{"0":"post-1024820","1":"product","2":"type-product","3":"status-publish","4":"has-post-thumbnail","6":"product_brand-solas-hr","7":"product_cat-rezervni-dijelovi-za-motore-volvo-penta","9":"first","10":"instock","11":"shipping-taxable","12":"purchasable","13":"product-type-simple"},"_links":{"self":[{"href":"https:\/\/stoic-curie.212-227-153-4.plesk.page\/hr\/wp-json\/wp\/v2\/product\/1024820","targetHints":{"allow":["GET"]}}],"collection":[{"href":"https:\/\/stoic-curie.212-227-153-4.plesk.page\/hr\/wp-json\/wp\/v2\/product"}],"about":[{"href":"https:\/\/stoic-curie.212-227-153-4.plesk.page\/hr\/wp-json\/wp\/v2\/types\/product"}],"replies":[{"embeddable":true,"href":"https:\/\/stoic-curie.212-227-153-4.plesk.page\/hr\/wp-json\/wp\/v2\/comments?post=1024820"}],"version-history":[{"count":0,"href":"https:\/\/stoic-curie.212-227-153-4.plesk.page\/hr\/wp-json\/wp\/v2\/product\/1024820\/revisions"}],"wp:featuredmedia":[{"embeddable":true,"href":"https:\/\/stoic-curie.212-227-153-4.plesk.page\/hr\/wp-json\/wp\/v2\/media\/5948309"}],"wp:attachment":[{"href":"https:\/\/stoic-curie.212-227-153-4.plesk.page\/hr\/wp-json\/wp\/v2\/media?parent=1024820"}],"wp:term":[{"taxonomy":"product_brand","embeddable":true,"href":"https:\/\/stoic-curie.212-227-153-4.plesk.page\/hr\/wp-json\/wp\/v2\/product_brand?post=1024820"},{"taxonomy":"product_cat","embeddable":true,"href":"https:\/\/stoic-curie.212-227-153-4.plesk.page\/hr\/wp-json\/wp\/v2\/product_cat?post=1024820"},{"taxonomy":"product_tag","embeddable":true,"href":"https:\/\/stoic-curie.212-227-153-4.plesk.page\/hr\/wp-json\/wp\/v2\/product_tag?post=1024820"}],"curies":[{"name":"wp","href":"https:\/\/api.w.org\/{rel}","templated":true}]}}