{"id":1024821,"date":"2025-04-08T16:00:48","date_gmt":"2025-04-08T20:00:48","guid":{"rendered":"https:\/\/stoic-curie.212-227-153-4.plesk.page\/product\/spare-transmission-for-vetus-60\/"},"modified":"2026-02-25T00:01:26","modified_gmt":"2026-02-25T00:01:26","slug":"spare-transmission-for-vetus-60","status":"publish","type":"product","link":"https:\/\/stoic-curie.212-227-153-4.plesk.page\/hr\/product\/spare-transmission-for-vetus-60\/","title":{"rendered":"Rezervni prijenos za Vetus 60kgf"},"content":{"rendered":"<p>Rezervni prijenos za Vetus 60kgf &#8211; <\/p>\n<p style=\"color: rgb(34, 34, 34); font-family: Arial, Helvetica, sans-serif; font-size: small;\">Ovo je potpuno zamjensko donje jedinice potisnog noga posebno dizajnirano za modele Vetus BOW6012D i BOW5524D. Djeluje kao rezervna stra\u017enja jedinica za Vetus Bow propeler (potisnici). Ako je va\u0161 model stariji od 2019. godine, molimo provjerite oznaku motora kako biste osigurali kompatibilnost prije nego \u0161to izvr\u0161ite kupnju.<\/p>\n<p style=\"color: rgb(34, 34, 34); font-family: Arial, Helvetica, sans-serif; font-size: small;\">Ovaj paket uklju\u010duje:<\/p>\n<ul style=\"color: rgb(34, 34, 34); font-family: Arial, Helvetica, sans-serif; font-size: small;\">\n<li>Potpunu stra\u017enju jedinicu s spline pogonom<\/li>\n<li>Tunelsku brtvu<\/li>\n<li>Wedge i brtve stra\u017enje jedinice<\/li>\n<li>Vijci za u\u010dvr\u0161\u0107ivanje (M8x40 DIN84) sa opru\u017enim podlo\u0161kama<\/li>\n<li>Pogonska osovina (5mm x 27.5mm)<\/li>\n<li>Anoda (u potpunosti postavljena)<\/li>\n<\/ul>\n","protected":false},"excerpt":{"rendered":"<p>Rezervni prijenos za Vetus 60kgf &#8211; Ovo je potpuno zamjensko donje jedinice potisnog noga posebno dizajnirano za modele Vetus BOW6012D<\/p>\n","protected":false},"featured_media":5945846,"comment_status":"closed","ping_status":"closed","template":"","meta":[],"product_brand":[3521],"product_cat":[1609],"product_tag":[],"class_list":{"0":"post-1024821","1":"product","2":"type-product","3":"status-publish","4":"has-post-thumbnail","6":"product_brand-vetus-hr","7":"product_cat-pramcani-potisnici-vetus","9":"first","10":"instock","11":"shipping-taxable","12":"purchasable","13":"product-type-simple"},"_links":{"self":[{"href":"https:\/\/stoic-curie.212-227-153-4.plesk.page\/hr\/wp-json\/wp\/v2\/product\/1024821","targetHints":{"allow":["GET"]}}],"collection":[{"href":"https:\/\/stoic-curie.212-227-153-4.plesk.page\/hr\/wp-json\/wp\/v2\/product"}],"about":[{"href":"https:\/\/stoic-curie.212-227-153-4.plesk.page\/hr\/wp-json\/wp\/v2\/types\/product"}],"replies":[{"embeddable":true,"href":"https:\/\/stoic-curie.212-227-153-4.plesk.page\/hr\/wp-json\/wp\/v2\/comments?post=1024821"}],"version-history":[{"count":0,"href":"https:\/\/stoic-curie.212-227-153-4.plesk.page\/hr\/wp-json\/wp\/v2\/product\/1024821\/revisions"}],"wp:featuredmedia":[{"embeddable":true,"href":"https:\/\/stoic-curie.212-227-153-4.plesk.page\/hr\/wp-json\/wp\/v2\/media\/5945846"}],"wp:attachment":[{"href":"https:\/\/stoic-curie.212-227-153-4.plesk.page\/hr\/wp-json\/wp\/v2\/media?parent=1024821"}],"wp:term":[{"taxonomy":"product_brand","embeddable":true,"href":"https:\/\/stoic-curie.212-227-153-4.plesk.page\/hr\/wp-json\/wp\/v2\/product_brand?post=1024821"},{"taxonomy":"product_cat","embeddable":true,"href":"https:\/\/stoic-curie.212-227-153-4.plesk.page\/hr\/wp-json\/wp\/v2\/product_cat?post=1024821"},{"taxonomy":"product_tag","embeddable":true,"href":"https:\/\/stoic-curie.212-227-153-4.plesk.page\/hr\/wp-json\/wp\/v2\/product_tag?post=1024821"}],"curies":[{"name":"wp","href":"https:\/\/api.w.org\/{rel}","templated":true}]}}