{"id":1228961,"date":"2025-04-22T16:37:46","date_gmt":"2025-04-22T20:37:46","guid":{"rendered":"https:\/\/stoic-curie.212-227-153-4.plesk.page\/product\/cmc-pl-65-hydraulic-power-lift-for-outboard-motors\/"},"modified":"2026-02-25T00:01:26","modified_gmt":"2026-02-25T00:01:26","slug":"cmc-pl-65-hydraulic-power-lift-for-outboard-motors","status":"publish","type":"product","link":"https:\/\/stoic-curie.212-227-153-4.plesk.page\/hr\/product\/cmc-pl-65-hydraulic-power-lift-for-outboard-motors\/","title":{"rendered":"CMC PL-65 Hidrauli\u010dna podizna platforma za vanbrodske motore"},"content":{"rendered":"<p>CMC PL-65 Hidrauli\u010dna podizna platforma za vanbrodske motore &#8211; <\/p>\n<p style=\"color: rgb(34, 34, 34); font-family: Arial, Helvetica, sans-serif; font-size: small;\">CMC High-Speed Hydraulic Power-Lift izra\u0111en je od aluminijske legure 6061-T6 i dizajniran je za vanbrodske motore do 300 HP\/V6. Ovaj proizvod nudi iznimnu otpornost na morska okru\u017eenja, \u0161to ga \u010dini idealnim za kori\u0161tenje u slatkoj i slanoj vodi. S kapacitetom podizanja do 7.853 funte (3.500 kg), pru\u017ea 5 in\u010da (127 mm) vertikalnog hoda i povrat od 140 mm.<\/p>\n<p style=\"color: rgb(34, 34, 34); font-family: Arial, Helvetica, sans-serif; font-size: small;\">Ovaj hidrauli\u010dni sustav je potpuno samostalan, s integriranim cilindrom i motorom, \u0161to uklanja potrebu za vanjskim pumpama, crijevima ili rezervoarima. Uklju\u010duje indikator polo\u017eaja i ima patentirani sustav valjaka koji osigurava glatko podizanje, pobolj\u0161anu trajnost i niske tro\u0161kove odr\u017eavanja. Ovaj dizajn optimizira trim, performanse i pristup motoru bez potrebe za rastavljanjem.<\/p>\n<p style=\"color: rgb(34, 34, 34); font-family: Arial, Helvetica, sans-serif; font-size: small;\">Klju\u010dne zna\u010dajke:<\/p>\n<ul style=\"color: rgb(34, 34, 34); font-family: Arial, Helvetica, sans-serif; font-size: small;\">\n<li>Maksimalni kapacitet podizanja od 7.853 funte za visoko u\u010dinkovite motore.<\/li>\n<li>Potpuno samostalan hidrauli\u010dni sustav, uklanjaju\u0107i potrebu za crijevima i rezervoarima.<\/li>\n<li>Patentirani dizajn valjaka smanjuje trenje i odr\u017eavanje, sprje\u010dava zaplitanje.<\/li>\n<li>Kompletan hod postignut za samo 8 sekundi.<\/li>\n<li>Izra\u0111en od 6061-T6 aluminijskih profila i u\u010dvr\u0161\u0107en nehr\u0111aju\u0107im \u010deli\u010dnim spojnicama.<\/li>\n<li>Pogodan za slatkovodne i slane uvjete.<\/li>\n<li>Nema zavarivanja ili odljevaka koji se mogu slomiti.<\/li>\n<li>Hidrauli\u010dni aktuator je potpuno samostalan.<\/li>\n<li>Dizajn valjaka minimizira trenje, produ\u017euje trajnost, smanjuje odr\u017eavanje i prakti\u010dki eliminira probleme sa zapletanjem.<\/li>\n<\/ul>\n<p style=\"color: rgb(34, 34, 34); font-family: Arial, Helvetica, sans-serif; font-size: small;\">Pouzdani i vodootporni CMC High-Speed Hydraulic Power-Lift Transom Jack ima maksimalni kapacitet podizanja od 7.853 funte, \u0161to ga \u010dini najja\u010dom dostupnom opcijom. Mo\u017ee lako podi\u0107i motor V-6 s 300 HP pri punom gasu.<\/p>\n<p style=\"color: rgb(34, 34, 34); font-family: Arial, Helvetica, sans-serif; font-size: small;\">Hidrauli\u010dni aktuator je prakti\u010dno montiran unutar strukture Power-Lift, \u0161to omogu\u0107uje jednostavan pristup bez uklanjanja motora. Nema crijeva za upravljanje, niti je potrebno instalirati pumpu i rezervoar unutar va\u0161eg \u010damca, kao \u0161to je potrebno s drugim transom jakovima. Aktuator je potpuno samostalan sa vlastitim rezervoarom teku\u0107ine, \u0161to eliminira potrebu za dodatnim hidrauli\u010dkim rezervoarima i crijevima. Ima motor s trajnim magnetom za pove\u0107anu snagu i stalni moment. Cijev aktuatora ima dvostruku nosivost u usporedbi s drugim transom jakovima dostupnim na tr\u017ei\u0161tu i uklju\u010duje nepropusnu brtvu i brisa\u010d kako bi odr\u017eao prljav\u0161tinu i vodu dalje od pokretnih dijelova. Cjeli sustav je izra\u0111en od 100% ne-ferromaterijala, \u0161to ga \u010dini otporno na slanu i slatku vodu.<\/p>\n<p style=\"color: rgb(34, 34, 34); font-family: Arial, Helvetica, sans-serif; font-size: small;\">Patentirani dizajn valjaka zna\u010dajno smanjuje trenje, produ\u017euje tro\u0161enje, minimizira odr\u017eavanje i prakti\u010dki eliminira probleme sa zapletanjem koji su uobi\u010dajeni kod drugih transom jakova. Skup valjaka uklju\u010duje 3\/4&#8243; pin od nehr\u0111aju\u0107eg \u010delika i valjke od aluminijumsko-bronce, koji su izrazito otporni na udarce, korozivni i sposobni nositi te\u0161ke terete. Ovaj inovativni dizajn gotovo potpuno uklanja rizik od zapletanja.<\/p>\n<p style=\"color: rgb(34, 34, 34); font-family: Arial, Helvetica, sans-serif; font-size: small;\">Model PL-65 je ocijenjen za V-6 motore i manje, pru\u017eaju\u0107i 5 in\u010da vertikalnog hoda s 1,5 in\u010da prilagodbe na motornoj i transom podr\u0161ci, \u0161to omogu\u0107uje ukupno 8 in\u010da mogu\u0107eg pode\u0161avanja.<\/p>\n<p style=\"color: rgb(34, 34, 34); font-family: Arial, Helvetica, sans-serif; font-size: small;\">Specifikacije:<\/p>\n<ul style=\"color: rgb(34, 34, 34); font-family: Arial, Helvetica, sans-serif; font-size: small;\">\n<li>Materijal: Aluminij i nehr\u0111aju\u0107i \u010delik<\/li>\n<li>Kapacitet: V-6 motori (do 300 HP) i manji<\/li>\n<li>Vertikalna prilagodba: 8 in\u010da<\/li>\n<\/ul>\n","protected":false},"excerpt":{"rendered":"<p>CMC PL-65 Hidrauli\u010dna podizna platforma za vanbrodske motore &#8211; CMC High-Speed Hydraulic Power-Lift izra\u0111en je od aluminijske legure 6061-T6 i<\/p>\n","protected":false},"featured_media":5949169,"comment_status":"closed","ping_status":"closed","template":"","meta":[],"product_brand":[3206],"product_cat":[1827],"product_tag":[],"class_list":{"0":"post-1228961","1":"product","2":"type-product","3":"status-publish","4":"has-post-thumbnail","6":"product_brand-nova-argonautica-hr","7":"product_cat-dodatna-oprema-za-vanbrodske-motore","9":"first","10":"outofstock","11":"shipping-taxable","12":"purchasable","13":"product-type-simple"},"_links":{"self":[{"href":"https:\/\/stoic-curie.212-227-153-4.plesk.page\/hr\/wp-json\/wp\/v2\/product\/1228961","targetHints":{"allow":["GET"]}}],"collection":[{"href":"https:\/\/stoic-curie.212-227-153-4.plesk.page\/hr\/wp-json\/wp\/v2\/product"}],"about":[{"href":"https:\/\/stoic-curie.212-227-153-4.plesk.page\/hr\/wp-json\/wp\/v2\/types\/product"}],"replies":[{"embeddable":true,"href":"https:\/\/stoic-curie.212-227-153-4.plesk.page\/hr\/wp-json\/wp\/v2\/comments?post=1228961"}],"version-history":[{"count":0,"href":"https:\/\/stoic-curie.212-227-153-4.plesk.page\/hr\/wp-json\/wp\/v2\/product\/1228961\/revisions"}],"wp:featuredmedia":[{"embeddable":true,"href":"https:\/\/stoic-curie.212-227-153-4.plesk.page\/hr\/wp-json\/wp\/v2\/media\/5949169"}],"wp:attachment":[{"href":"https:\/\/stoic-curie.212-227-153-4.plesk.page\/hr\/wp-json\/wp\/v2\/media?parent=1228961"}],"wp:term":[{"taxonomy":"product_brand","embeddable":true,"href":"https:\/\/stoic-curie.212-227-153-4.plesk.page\/hr\/wp-json\/wp\/v2\/product_brand?post=1228961"},{"taxonomy":"product_cat","embeddable":true,"href":"https:\/\/stoic-curie.212-227-153-4.plesk.page\/hr\/wp-json\/wp\/v2\/product_cat?post=1228961"},{"taxonomy":"product_tag","embeddable":true,"href":"https:\/\/stoic-curie.212-227-153-4.plesk.page\/hr\/wp-json\/wp\/v2\/product_tag?post=1228961"}],"curies":[{"name":"wp","href":"https:\/\/api.w.org\/{rel}","templated":true}]}}