{"id":1228962,"date":"2025-04-22T16:37:46","date_gmt":"2025-04-22T20:37:46","guid":{"rendered":"https:\/\/stoic-curie.212-227-153-4.plesk.page\/product\/outboards-support-th-marine-z-lock-jpz-4-dp-102mm\/"},"modified":"2026-02-25T00:01:26","modified_gmt":"2026-02-25T00:01:26","slug":"outboards-support-th-marine-z-lock-jpz-4-dp-102mm","status":"publish","type":"product","link":"https:\/\/stoic-curie.212-227-153-4.plesk.page\/hr\/product\/outboards-support-th-marine-z-lock-jpz-4-dp-102mm\/","title":{"rendered":"Podr\u0161ka za vanbrodske motore TH Marine Z-LOCK JPZ-4-DP 102mm"},"content":{"rendered":"<p>Podr\u0161ka za vanbrodske motore TH Marine Z-LOCK JPZ-4-DP 102mm &#8211; <\/p>\n<p style=\"color: rgb(34, 34, 34); font-family: Arial, Helvetica, sans-serif; font-size: small;\">Predstavljamo TH Marine Z-LOCK\u2122 4&#8243; Ru\u010dnu Jack Plocu. Ova jack plo\u010da je posebno dizajnirana za V6 i V8 vanbrodske motore s snagom do 300 HP. Izra\u0111ena je od 12,7 mm debelog 6061-T6 aluminija, pru\u017ea izvanrednu snagu i trajnost. Jedinstveni Z-Lock dizajn sprje\u010dava lateralno klizanje, osiguravaju\u0107i stabilnost i sigurnost dok ste na vodi.<\/p>\n<p style=\"color: rgb(34, 34, 34); font-family: Arial, Helvetica, sans-serif; font-size: small;\">S 127 mm vertikalne prilagodbe i s povratom koji varira od 102 do 203 mm, ovisno o modelu, ova jack plo\u010da je jednostavna za pode\u0161avanje pomo\u0107u jednog sredi\u0161njeg vijka s gornje strane. Savr\u0161ena je za pobolj\u0161anje performansi va\u0161eg \u010damca uz jednostavnost i u\u010dinkovitost.<\/p>\n<p style=\"color: rgb(34, 34, 34); font-family: Arial, Helvetica, sans-serif; font-size: small;\"><strong>Model:<\/strong> JPZ-4-DP<\/p>\n<p style=\"color: rgb(34, 34, 34); font-family: Arial, Helvetica, sans-serif; font-size: small;\"><strong>Klju\u010dne zna\u010dajke:<\/strong><\/p>\n<ul style=\"color: rgb(34, 34, 34); font-family: Arial, Helvetica, sans-serif; font-size: small;\">\n<li>Z-Lock\u2122 dizajn eliminira bo\u010dno klizanje<\/li>\n<li>Podudarni utori sigurno zaklju\u010davaju bo\u010dne plo\u010de na mjestu<\/li>\n<li>Izra\u0111ena od \u010dvrstog aluminija vojne klase<\/li>\n<li>Potpuna debljina materijala od \u00bd&#8221; za dodatnu \u010dvrsto\u0107u<\/li>\n<li>Kompatibilna sa svim V6 vanbrodskim motorima do 300 HP<\/li>\n<li>Jednostavno pode\u0161avanje s vrha<\/li>\n<li>Omogu\u0107uje 5&#8243; vertikalne prilagodbe<\/li>\n<\/ul>\n<p style=\"color: rgb(34, 34, 34); font-family: Arial, Helvetica, sans-serif; font-size: small; margin-bottom: 1rem;\">TH Marine Z-Lock Ru\u010dna Jack Plo\u010da predstavlja izvrsno pobolj\u0161anje serije HI-JACKER\u2122 jack plo\u010da, nastavljaju\u0107i na\u0161u predanost kvaliteti i performansama.<font color=\"#333333\" face=\"Open Sans, Helvetica Neue, Helvetica, Arial, sans-serif\"><span style=\"font-size: 14px;\">.<\/span><\/font><\/p>\n","protected":false},"excerpt":{"rendered":"<p>Podr\u0161ka za vanbrodske motore TH Marine Z-LOCK JPZ-4-DP 102mm &#8211; Predstavljamo TH Marine Z-LOCK\u2122 4&#8243; Ru\u010dnu Jack Plocu. Ova jack<\/p>\n","protected":false},"featured_media":5949172,"comment_status":"closed","ping_status":"closed","template":"","meta":[],"product_brand":[3206],"product_cat":[1827],"product_tag":[],"class_list":{"0":"post-1228962","1":"product","2":"type-product","3":"status-publish","4":"has-post-thumbnail","6":"product_brand-nova-argonautica-hr","7":"product_cat-dodatna-oprema-za-vanbrodske-motore","9":"first","10":"instock","11":"shipping-taxable","12":"purchasable","13":"product-type-simple"},"_links":{"self":[{"href":"https:\/\/stoic-curie.212-227-153-4.plesk.page\/hr\/wp-json\/wp\/v2\/product\/1228962","targetHints":{"allow":["GET"]}}],"collection":[{"href":"https:\/\/stoic-curie.212-227-153-4.plesk.page\/hr\/wp-json\/wp\/v2\/product"}],"about":[{"href":"https:\/\/stoic-curie.212-227-153-4.plesk.page\/hr\/wp-json\/wp\/v2\/types\/product"}],"replies":[{"embeddable":true,"href":"https:\/\/stoic-curie.212-227-153-4.plesk.page\/hr\/wp-json\/wp\/v2\/comments?post=1228962"}],"version-history":[{"count":0,"href":"https:\/\/stoic-curie.212-227-153-4.plesk.page\/hr\/wp-json\/wp\/v2\/product\/1228962\/revisions"}],"wp:featuredmedia":[{"embeddable":true,"href":"https:\/\/stoic-curie.212-227-153-4.plesk.page\/hr\/wp-json\/wp\/v2\/media\/5949172"}],"wp:attachment":[{"href":"https:\/\/stoic-curie.212-227-153-4.plesk.page\/hr\/wp-json\/wp\/v2\/media?parent=1228962"}],"wp:term":[{"taxonomy":"product_brand","embeddable":true,"href":"https:\/\/stoic-curie.212-227-153-4.plesk.page\/hr\/wp-json\/wp\/v2\/product_brand?post=1228962"},{"taxonomy":"product_cat","embeddable":true,"href":"https:\/\/stoic-curie.212-227-153-4.plesk.page\/hr\/wp-json\/wp\/v2\/product_cat?post=1228962"},{"taxonomy":"product_tag","embeddable":true,"href":"https:\/\/stoic-curie.212-227-153-4.plesk.page\/hr\/wp-json\/wp\/v2\/product_tag?post=1228962"}],"curies":[{"name":"wp","href":"https:\/\/api.w.org\/{rel}","templated":true}]}}