{"id":1228963,"date":"2025-04-22T16:37:46","date_gmt":"2025-04-22T20:37:46","guid":{"rendered":"https:\/\/stoic-curie.212-227-153-4.plesk.page\/product\/outboard-support-th-marine-z-lock-jpz-6-dp-152mm\/"},"modified":"2026-02-25T00:01:26","modified_gmt":"2026-02-25T00:01:26","slug":"outboard-support-th-marine-z-lock-jpz-6-dp-152mm","status":"publish","type":"product","link":"https:\/\/stoic-curie.212-227-153-4.plesk.page\/hr\/product\/outboard-support-th-marine-z-lock-jpz-6-dp-152mm\/","title":{"rendered":"Podr\u0161ka za izvanbrodske motore TH Marine Z-LOCK JPZ-6-DP 152mm"},"content":{"rendered":"<p>Podr\u0161ka za izvanbrodske motore TH Marine Z-LOCK JPZ-6-DP 152mm &#8211; <\/p>\n<p style=\"color: rgb(34, 34, 34); font-family: Arial, Helvetica, sans-serif; font-size: small;\">Predstavljamo Z-Lock ru\u010dne podloge za dizanje, posebno dizajnirane za V6 i V8 vanbrodske motore s snagom do 300 KS. Izra\u0111ene od 12,7 mm debljine 6061-T6 aluminija, ove podloge za dizanje pru\u017eaju izvanrednu \u010dvrsto\u0107u i izdr\u017eljivost. Jedinstveni Z-Lock dizajn sprje\u010dava lateralno klizanje, osiguravaju\u0107i stabilnost i sigurnost tijekom rada. S 127 mm vertikalne prilagodbe i pomakom koji varira od 102 do 203 mm, ovisno o modelu, ove podloge se lako pode\u0161avaju pomo\u0107u jednog sredi\u0161njeg vijka s vrha. Z-Lock podloga za dizanje od T-H Marine savr\u0161ena je za pobolj\u0161anje performansi va\u0161e brodice s jednostavno\u0161\u0107u i u\u010dinkovito\u0161\u0107u.<\/p>\n<p style=\"color: rgb(34, 34, 34); font-family: Arial, Helvetica, sans-serif; font-size: small;\">Klju\u010dne zna\u010dajke:<\/p>\n<ul style=\"color: rgb(34, 34, 34); font-family: Arial, Helvetica, sans-serif; font-size: small;\">\n<li>Z-Lock\u2122 dizajn: U\u010dinkovito eliminira bo\u010dno klizanje.<\/li>\n<li>\u010cvrsta konstrukcija: Izra\u0111ena od aluminija zrakoplovne kvalitete s punom debljinom od 1\/2&#8243; za dodatnu \u010dvrsto\u0107u.<\/li>\n<li>Vi\u0161enamjenske pomake: Dostupne u pet opcija (4&#8243;, 6&#8243;, 8&#8243;, 10&#8243; i 12&#8243;) s 5&#8243; vertikalne prilagodbe.<\/li>\n<li>Jednostavna prilagodba: Dizajnirana za prakti\u010dna pode\u0161avanja s gornje strane podloge.<\/li>\n<li>Kompatibilno: Pogodno za sve V6 i V8 vanbrodske motore do 300 KS.<\/li>\n<\/ul>\n<p style=\"color: rgb(34, 34, 34); font-family: Arial, Helvetica, sans-serif; font-size: small;\">Specifikacije:<\/p>\n<ul style=\"color: rgb(34, 34, 34); font-family: Arial, Helvetica, sans-serif; font-size: small;\">\n<li>Materijal: 1\/2&#8243; aluminij visoke kvalitete<\/li>\n<li>Ocjena motora: V6 i V8 vanbrodski motori do 300 KS<\/li>\n<li>Dostupni pomaci: 4&#8243;, 6&#8243;, 8&#8243;, 10&#8243; i 12&#8243;<\/li>\n<li>Vertikalna prilagodba: 5&#8243;<\/li>\n<\/ul>\n<p style=\"color: rgb(34, 34, 34); font-family: Arial, Helvetica, sans-serif; font-size: small;\">Z-Lock podloga za dizanje je izvrstan izbor za entuzijaste brodova koji \u017eele optimizirati performanse svog plovila, a istovremeno osigurati pouzdanost i jednostavnost kori\u0161tenja.<\/p>\n","protected":false},"excerpt":{"rendered":"<p>Podr\u0161ka za izvanbrodske motore TH Marine Z-LOCK JPZ-6-DP 152mm &#8211; Predstavljamo Z-Lock ru\u010dne podloge za dizanje, posebno dizajnirane za V6<\/p>\n","protected":false},"featured_media":5949172,"comment_status":"closed","ping_status":"closed","template":"","meta":[],"product_brand":[3206],"product_cat":[1827],"product_tag":[],"class_list":{"0":"post-1228963","1":"product","2":"type-product","3":"status-publish","4":"has-post-thumbnail","6":"product_brand-nova-argonautica-hr","7":"product_cat-dodatna-oprema-za-vanbrodske-motore","9":"first","10":"instock","11":"shipping-taxable","12":"purchasable","13":"product-type-simple"},"_links":{"self":[{"href":"https:\/\/stoic-curie.212-227-153-4.plesk.page\/hr\/wp-json\/wp\/v2\/product\/1228963","targetHints":{"allow":["GET"]}}],"collection":[{"href":"https:\/\/stoic-curie.212-227-153-4.plesk.page\/hr\/wp-json\/wp\/v2\/product"}],"about":[{"href":"https:\/\/stoic-curie.212-227-153-4.plesk.page\/hr\/wp-json\/wp\/v2\/types\/product"}],"replies":[{"embeddable":true,"href":"https:\/\/stoic-curie.212-227-153-4.plesk.page\/hr\/wp-json\/wp\/v2\/comments?post=1228963"}],"version-history":[{"count":0,"href":"https:\/\/stoic-curie.212-227-153-4.plesk.page\/hr\/wp-json\/wp\/v2\/product\/1228963\/revisions"}],"wp:featuredmedia":[{"embeddable":true,"href":"https:\/\/stoic-curie.212-227-153-4.plesk.page\/hr\/wp-json\/wp\/v2\/media\/5949172"}],"wp:attachment":[{"href":"https:\/\/stoic-curie.212-227-153-4.plesk.page\/hr\/wp-json\/wp\/v2\/media?parent=1228963"}],"wp:term":[{"taxonomy":"product_brand","embeddable":true,"href":"https:\/\/stoic-curie.212-227-153-4.plesk.page\/hr\/wp-json\/wp\/v2\/product_brand?post=1228963"},{"taxonomy":"product_cat","embeddable":true,"href":"https:\/\/stoic-curie.212-227-153-4.plesk.page\/hr\/wp-json\/wp\/v2\/product_cat?post=1228963"},{"taxonomy":"product_tag","embeddable":true,"href":"https:\/\/stoic-curie.212-227-153-4.plesk.page\/hr\/wp-json\/wp\/v2\/product_tag?post=1228963"}],"curies":[{"name":"wp","href":"https:\/\/api.w.org\/{rel}","templated":true}]}}