{"id":1228966,"date":"2025-04-22T16:37:47","date_gmt":"2025-04-22T20:37:47","guid":{"rendered":"https:\/\/stoic-curie.212-227-153-4.plesk.page\/product\/dinghy-eurovinil-model-inflatable-plus-180\/"},"modified":"2026-02-25T00:01:26","modified_gmt":"2026-02-25T00:01:26","slug":"dinghy-eurovinil-model-inflatable-plus-180","status":"publish","type":"product","link":"https:\/\/stoic-curie.212-227-153-4.plesk.page\/hr\/product\/dinghy-eurovinil-model-inflatable-plus-180\/","title":{"rendered":"Dinghy Eurovinil Inflatable Plus 180"},"content":{"rendered":"<p>Dinghy Eurovinil Inflatable Plus 180 &#8211; <\/p>\n<p>Pretstavljamo na\u0161 \u010damac, izra\u0111en od visokotla\u010dnog 1100D materijala s toplinski zavaravanom PVC prevlakom. Ovaj model sadr\u017ei jedinstvenu naInflatabilnu V-kil od DropStitch materijala i Airmat pod, osiguravaju\u0107i izvrsnu \u010dvrsto\u0107u, otpornost na abraziju i stabilnost tijekom plovidbe.<\/p>\n<p>\u010camac je dizajniran s velikim cjev\u010dicama i pre\u010dkom koja odbija prskanje, \u0161to olak\u0161ava ispu\u0161tanje zraka i pohranu u ormari\u0107u.<\/p>\n<p>Uz kupnju dolazi pumpa, set za popravak, vesla, klupa, sidrena u\u017ee i torba za no\u0161enje. Ova linija napuhavanja je bestseler Eurovinila, pokazuju\u0107i njihovo opse\u017eno iskustvo u sektoru pneumatskih \u010damaca. Ima napuhanu &#8220;V&#8221; kilu i poseban &#8220;airmat&#8221; materijal izra\u0111en od DropStitch materijala, pru\u017eaju\u0107i izvanrednu \u010dvrsto\u0107u i otpornost na probijanje i habanje.<\/p>\n<p>Standardno pomi\u010dno sjedalo omogu\u0107uje svakom korisniku da prona\u0111e svoju omiljenu poziciju, olak\u0161avaju\u0107i ulazak u \u010damac u bilo kojoj situaciji i s bilo kakvim optere\u0107enjem na brodu. Osim toga, krilce protiv prskanja spre\u010dava prodiranje vode u cjevasti strukture, \u010dak i kada su potpuno optere\u0107ene.<\/p>\n<p>Ovaj \u010damac se mo\u017ee lako ispuhati i pohraniti u ormari\u0107u, staviti naopako na pramcu ili krovu mosta, ili pri\u010dvrstiti na stra\u017enje vje\u0161alice. Njegov kompaktni dizajn omogu\u0107ava prakti\u010dno skladi\u0161tenje bilo gdje na brodu, pru\u017eaju\u0107i udobnosti \u010damca bez \u017ertvovanja \u017eivotnog prostora. Raspon uklju\u010duje \u0161est razli\u010ditih duljina koje zadovoljavaju razli\u010dite potrebe.<\/p>\n<p><strong>Eurovinil Inflatable Plus specifikacije:<\/strong><\/p>\n<table>\n<thead>\n<tr>\n<th>Model<\/th>\n<th>Ukupna duljina (cm)<\/th>\n<th>Ukupna \u0161irina (cm)<\/th>\n<th>Unutarnja duljina (cm)<\/th>\n<th>Unutarnja \u0161irina (cm)<\/th>\n<th>Visina pramca (cm)<\/th>\n<th>Visina transoma (cm)<\/th>\n<th>Promjer cijevi (cm)<\/th>\n<th>Broj osoba<\/th>\n<th>Broj soba<\/th>\n<th>Pojedina\u010dno te\u017eina (kg)<\/th>\n<th>Maksimalna snaga (HP)<\/th>\n<th>Olovka<\/th>\n<th>Mjerenje kada je smotano (cm)<\/th>\n<\/tr>\n<\/thead>\n<tbody>\n<tr>\n<td>PLUS 160<\/td>\n<td>160<\/td>\n<td>118<\/td>\n<td>98<\/td>\n<td>54<\/td>\n<td>54<\/td>\n<td>32<\/td>\n<td>32<\/td>\n<td>1<\/td>\n<td>4<\/td>\n<td>14<\/td>\n<td>2.5<\/td>\n<td>Kratka<\/td>\n<td>60 x 40 x 50<\/td>\n<\/tr>\n<tr>\n<td>PLUS 180<\/td>\n<td>180<\/td>\n<td>129<\/td>\n<td>117<\/td>\n<td>56<\/td>\n<td>54<\/td>\n<td>32<\/td>\n<td>32<\/td>\n<td>2<\/td>\n<td>4<\/td>\n<td>15.5<\/td>\n<td>2.5<\/td>\n<td>Kratka<\/td>\n<td>70 x 40 x 50<\/td>\n<\/tr>\n<tr>\n<td>PLUS 200<\/td>\n<td>200<\/td>\n<td>129<\/td>\n<td>130<\/td>\n<td>63<\/td>\n<td>54<\/td>\n<td>34<\/td>\n<td>34<\/td>\n<td>3<\/td>\n<td>4<\/td>\n<td>17<\/td>\n<td>3.5<\/td>\n<td>Kratka<\/td>\n<td>80 x 40 x 50<\/td>\n<\/tr>\n<tr>\n<td>PLUS 230<\/td>\n<td>230<\/td>\n<td>131<\/td>\n<td>157<\/td>\n<td>63<\/td>\n<td>54<\/td>\n<td>34<\/td>\n<td>34<\/td>\n<td>3<\/td>\n<td>4<\/td>\n<td>18<\/td>\n<td>4.5<\/td>\n<td>Kratka<\/td>\n<td>80 x 40 x 50<\/td>\n<\/tr>\n<tr>\n<td>PLUS 250<\/td>\n<td>250<\/td>\n<td>131<\/td>\n<td>177<\/td>\n<td>67<\/td>\n<td>57<\/td>\n<td>34<\/td>\n<td>34<\/td>\n<td>4<\/td>\n<td>4<\/td>\n<td>23<\/td>\n<td>5.5<\/td>\n<td>Kratka<\/td>\n<td>85 x 40 x 50<\/td>\n<\/tr>\n<tr>\n<td>PLUS 270<\/td>\n<td>270<\/td>\n<td>135<\/td>\n<td>193<\/td>\n<td>67<\/td>\n<td>57<\/td>\n<td>34<\/td>\n<td>34<\/td>\n<td>4<\/td>\n<td>4<\/td>\n<td>28<\/td>\n<td>5.5<\/td>\n<td>Kratka<\/td>\n<td>90 x 40 x 50<\/td>\n<\/tr>\n<\/tbody>\n<\/table>\n<p>Pozivamo vas da istra\u017eite na\u0161u liniju tendera i iskusite kvalitetu i pogodnost koju nudi za va\u0161e brodske avanture.<\/p>\n","protected":false},"excerpt":{"rendered":"<p>Dinghy Eurovinil Inflatable Plus 180 &#8211; Pretstavljamo na\u0161 \u010damac, izra\u0111en od visokotla\u010dnog 1100D materijala s toplinski zavaravanom PVC prevlakom. Ovaj<\/p>\n","protected":false},"featured_media":5937418,"comment_status":"closed","ping_status":"closed","template":"","meta":[],"product_brand":[2926],"product_cat":[1833],"product_tag":[],"class_list":{"0":"post-1228966","1":"product","2":"type-product","3":"status-publish","4":"has-post-thumbnail","6":"product_brand-eurovinil-hr","7":"product_cat-pomocni-camci","9":"first","10":"instock","11":"shipping-taxable","12":"purchasable","13":"product-type-simple"},"_links":{"self":[{"href":"https:\/\/stoic-curie.212-227-153-4.plesk.page\/hr\/wp-json\/wp\/v2\/product\/1228966","targetHints":{"allow":["GET"]}}],"collection":[{"href":"https:\/\/stoic-curie.212-227-153-4.plesk.page\/hr\/wp-json\/wp\/v2\/product"}],"about":[{"href":"https:\/\/stoic-curie.212-227-153-4.plesk.page\/hr\/wp-json\/wp\/v2\/types\/product"}],"replies":[{"embeddable":true,"href":"https:\/\/stoic-curie.212-227-153-4.plesk.page\/hr\/wp-json\/wp\/v2\/comments?post=1228966"}],"version-history":[{"count":0,"href":"https:\/\/stoic-curie.212-227-153-4.plesk.page\/hr\/wp-json\/wp\/v2\/product\/1228966\/revisions"}],"wp:featuredmedia":[{"embeddable":true,"href":"https:\/\/stoic-curie.212-227-153-4.plesk.page\/hr\/wp-json\/wp\/v2\/media\/5937418"}],"wp:attachment":[{"href":"https:\/\/stoic-curie.212-227-153-4.plesk.page\/hr\/wp-json\/wp\/v2\/media?parent=1228966"}],"wp:term":[{"taxonomy":"product_brand","embeddable":true,"href":"https:\/\/stoic-curie.212-227-153-4.plesk.page\/hr\/wp-json\/wp\/v2\/product_brand?post=1228966"},{"taxonomy":"product_cat","embeddable":true,"href":"https:\/\/stoic-curie.212-227-153-4.plesk.page\/hr\/wp-json\/wp\/v2\/product_cat?post=1228966"},{"taxonomy":"product_tag","embeddable":true,"href":"https:\/\/stoic-curie.212-227-153-4.plesk.page\/hr\/wp-json\/wp\/v2\/product_tag?post=1228966"}],"curies":[{"name":"wp","href":"https:\/\/api.w.org\/{rel}","templated":true}]}}