{"id":1228967,"date":"2025-04-22T16:37:47","date_gmt":"2025-04-22T20:37:47","guid":{"rendered":"https:\/\/stoic-curie.212-227-153-4.plesk.page\/product\/dinghy-eurovinil-model-inflatable-plus-200\/"},"modified":"2026-02-25T00:01:26","modified_gmt":"2026-02-25T00:01:26","slug":"dinghy-eurovinil-model-inflatable-plus-200","status":"publish","type":"product","link":"https:\/\/stoic-curie.212-227-153-4.plesk.page\/hr\/product\/dinghy-eurovinil-model-inflatable-plus-200\/","title":{"rendered":"Dinghy Eurovinil Inflatable Plus 200"},"content":{"rendered":"<p>Dinghy Eurovinil Inflatable Plus 200 &#8211; <\/p>\n<p>Predstavljamo na\u0161 tender, izra\u0111en od visokotvrdog 1100D materijala s vru\u0107e zavaravanom PVC oblogom. Ovaj model ima jedinstveni inflatibilni V-kil napravljen od DropStitch materijala i Airmat pod, osiguravaju\u0107i izvrsnu krutost, otpornost na tro\u0161enje i stabilnost tijekom plovidbe.<\/p>\n<p>Tender je dizajniran s velikim cijevima i za\u0161titnom trakom koja odvra\u0107a prskanje, \u0161to olak\u0161ava ispumpavanje i pohranu u ormari\u0107u.<\/p>\n<p>Uz va\u0161u kupnju dolaze pumpa, komplet za popravak, vesla, klupa, priveznica i torba za no\u0161enje. Ova linija napuhana je Eurovinilov bestseler, \u0161to pokazuje njihovo opse\u017eno iskustvo u sektoru pneumatskih \u010damaca. Ima inflatibilni &#8220;V&#8221; kil i posebnu &#8220;airmat&#8221; poliestu od DropStitch materijala, koja pru\u017ea izvanrednu krutost i otpornost na probijanje i habanje.<\/p>\n<p>Standardna pomi\u010dna klupa omogu\u0107ava svakom korisniku da prona\u0111e svoju omiljenu poziciju, olak\u0161avaju\u0107i ulazak u tender u svakoj situaciji i sa bilo kojim optere\u0107enjem na brodu. Osim toga, krilca protiv prskanja spre\u010dava prodiranje vode u cijevne strukture, \u010dak i kada je potpuno optere\u0107en.<\/p>\n<p>Ovaj tender se lako mo\u017ee ispuhati i pohraniti u ormari\u0107u, staviti naopa\u010dke na prednjem palubi ili krovu mosta, ili pri\u010dvrstiti na stra\u017enje davite. Njegov kompaktni dizajn omogu\u0107ava jednostavno pohranjivanje bilo gdje na brodu, pru\u017eaju\u0107i udobnost tendera bez odricanja od \u017eivotnog prostora. Asortiman sadr\u017ei \u0161est razli\u010ditih duljina kako bi zadovoljio razli\u010dite potrebe.<\/p>\n<p><strong>Eurovinil Inflatable Plus specifikacije:<\/strong><\/p>\n<table>\n<thead>\n<tr>\n<th>Model<\/th>\n<th>Ukupna duljina (cm)<\/th>\n<th>Ukupna \u0161irina (cm)<\/th>\n<th>Unutarnja duljina (cm)<\/th>\n<th>Unutarnja \u0161irina (cm)<\/th>\n<th>Visina pramca (cm)<\/th>\n<th>Visina stuba (cm)<\/th>\n<th>Promjer cijevnih struktura (cm)<\/th>\n<th>Broj osoba<\/th>\n<th>Broj soba<\/th>\n<th>Peso (kg)<\/th>\n<th>Maksimalna snaga (HP)<\/th>\n<th>Shaft<\/th>\n<th>Mjerenje kada je smotano (cm)<\/th>\n<\/tr>\n<\/thead>\n<tbody>\n<tr>\n<td>PLUS 160<\/td>\n<td>160<\/td>\n<td>118<\/td>\n<td>98<\/td>\n<td>54<\/td>\n<td>54<\/td>\n<td>32<\/td>\n<td>32<\/td>\n<td>1<\/td>\n<td>4<\/td>\n<td>14<\/td>\n<td>2.5<\/td>\n<td>Kratko<\/td>\n<td>60 x 40 x 50<\/td>\n<\/tr>\n<tr>\n<td>PLUS 180<\/td>\n<td>180<\/td>\n<td>129<\/td>\n<td>117<\/td>\n<td>56<\/td>\n<td>54<\/td>\n<td>32<\/td>\n<td>32<\/td>\n<td>2<\/td>\n<td>4<\/td>\n<td>15.5<\/td>\n<td>2.5<\/td>\n<td>Kratko<\/td>\n<td>70 x 40 x 50<\/td>\n<\/tr>\n<tr>\n<td>PLUS 200<\/td>\n<td>200<\/td>\n<td>129<\/td>\n<td>130<\/td>\n<td>63<\/td>\n<td>54<\/td>\n<td>34<\/td>\n<td>34<\/td>\n<td>3<\/td>\n<td>4<\/td>\n<td>17<\/td>\n<td>3.5<\/td>\n<td>Kratko<\/td>\n<td>80 x 40 x 50<\/td>\n<\/tr>\n<tr>\n<td>PLUS 230<\/td>\n<td>230<\/td>\n<td>131<\/td>\n<td>157<\/td>\n<td>63<\/td>\n<td>54<\/td>\n<td>34<\/td>\n<td>34<\/td>\n<td>3<\/td>\n<td>4<\/td>\n<td>18<\/td>\n<td>4.5<\/td>\n<td>Kratko<\/td>\n<td>80 x 40 x 50<\/td>\n<\/tr>\n<tr>\n<td>PLUS 250<\/td>\n<td>250<\/td>\n<td>131<\/td>\n<td>177<\/td>\n<td>67<\/td>\n<td>57<\/td>\n<td>34<\/td>\n<td>34<\/td>\n<td>4<\/td>\n<td>4<\/td>\n<td>23<\/td>\n<td>5.5<\/td>\n<td>Kratko<\/td>\n<td>85 x 40 x 50<\/td>\n<\/tr>\n<tr>\n<td>PLUS 270<\/td>\n<td>270<\/td>\n<td>135<\/td>\n<td>193<\/td>\n<td>67<\/td>\n<td>57<\/td>\n<td>34<\/td>\n<td>34<\/td>\n<td>4<\/td>\n<td>4<\/td>\n<td>28<\/td>\n<td>5.5<\/td>\n<td>Kratko<\/td>\n<td>90 x 40 x 50<\/td>\n<\/tr>\n<\/tbody>\n<\/table>\n<p>Pozivamo vas da istra\u017eite na\u0161u liniju tendera i iskusite kvalitetu i udobnost koju nudi za va\u0161e brodske avanture.<\/p>\n","protected":false},"excerpt":{"rendered":"<p>Dinghy Eurovinil Inflatable Plus 200 &#8211; Predstavljamo na\u0161 tender, izra\u0111en od visokotvrdog 1100D materijala s vru\u0107e zavaravanom PVC oblogom. Ovaj<\/p>\n","protected":false},"featured_media":5937418,"comment_status":"closed","ping_status":"closed","template":"","meta":[],"product_brand":[2926],"product_cat":[1833],"product_tag":[],"class_list":{"0":"post-1228967","1":"product","2":"type-product","3":"status-publish","4":"has-post-thumbnail","6":"product_brand-eurovinil-hr","7":"product_cat-pomocni-camci","9":"first","10":"instock","11":"shipping-taxable","12":"purchasable","13":"product-type-simple"},"_links":{"self":[{"href":"https:\/\/stoic-curie.212-227-153-4.plesk.page\/hr\/wp-json\/wp\/v2\/product\/1228967","targetHints":{"allow":["GET"]}}],"collection":[{"href":"https:\/\/stoic-curie.212-227-153-4.plesk.page\/hr\/wp-json\/wp\/v2\/product"}],"about":[{"href":"https:\/\/stoic-curie.212-227-153-4.plesk.page\/hr\/wp-json\/wp\/v2\/types\/product"}],"replies":[{"embeddable":true,"href":"https:\/\/stoic-curie.212-227-153-4.plesk.page\/hr\/wp-json\/wp\/v2\/comments?post=1228967"}],"version-history":[{"count":0,"href":"https:\/\/stoic-curie.212-227-153-4.plesk.page\/hr\/wp-json\/wp\/v2\/product\/1228967\/revisions"}],"wp:featuredmedia":[{"embeddable":true,"href":"https:\/\/stoic-curie.212-227-153-4.plesk.page\/hr\/wp-json\/wp\/v2\/media\/5937418"}],"wp:attachment":[{"href":"https:\/\/stoic-curie.212-227-153-4.plesk.page\/hr\/wp-json\/wp\/v2\/media?parent=1228967"}],"wp:term":[{"taxonomy":"product_brand","embeddable":true,"href":"https:\/\/stoic-curie.212-227-153-4.plesk.page\/hr\/wp-json\/wp\/v2\/product_brand?post=1228967"},{"taxonomy":"product_cat","embeddable":true,"href":"https:\/\/stoic-curie.212-227-153-4.plesk.page\/hr\/wp-json\/wp\/v2\/product_cat?post=1228967"},{"taxonomy":"product_tag","embeddable":true,"href":"https:\/\/stoic-curie.212-227-153-4.plesk.page\/hr\/wp-json\/wp\/v2\/product_tag?post=1228967"}],"curies":[{"name":"wp","href":"https:\/\/api.w.org\/{rel}","templated":true}]}}