{"id":1228968,"date":"2025-04-22T16:37:47","date_gmt":"2025-04-22T20:37:47","guid":{"rendered":"https:\/\/stoic-curie.212-227-153-4.plesk.page\/product\/dinghy-eurovinil-model-inflatable-plus-250\/"},"modified":"2026-02-25T00:01:26","modified_gmt":"2026-02-25T00:01:26","slug":"dinghy-eurovinil-model-inflatable-plus-250","status":"publish","type":"product","link":"https:\/\/stoic-curie.212-227-153-4.plesk.page\/hr\/product\/dinghy-eurovinil-model-inflatable-plus-250\/","title":{"rendered":"Dinghy Eurovinil Inflatable Plus 250"},"content":{"rendered":"<p>Dinghy Eurovinil Inflatable Plus 250 &#8211; Predstavljamo na\u0161 tender, izra\u0111en od visokotla\u010dnog 1100D tkanine s toplotozavarivanom PVC premazom. Ovaj model sadr\u017ei jedinstvenu inflatabilnu V-kilu izra\u0111enu od DropStitch tkanine i Airmat pod, osiguravaju\u0107i izvrsnu krutost, otpornost na habanje i stabilnost tijekom plovidbe.<br \/>Tender je dizajniran s velikim cijevima i za\u0161titnom trakom koja odbija prskanje, \u0161to ga \u010dini lakim za ispuhivanje i skladi\u0161tenje u ormari\u0107u.<br \/>Uklju\u010deni su pumpa, komplet za popravak, vesla, klupa, konop za privezi i torba za no\u0161enje. Ova inflatabilna linija je najprodavanija od Eurovinila, pokazuju\u0107i njihovo opse\u017eno iskustvo u sektoru pneumatskih \u010damaca. Ima inflatabilno &#8220;V&#8221;-kilo i poseban &#8220;airmat&#8221; materijal napravljen od DropStitch tkanine, pru\u017eaju\u0107i iznimnu krutost i otpornost na probijanje i tro\u0161enje.<br \/>Standardna klizna klupa omogu\u0107uje svakom korisniku da prona\u0111e svoju omiljenu poziciju, olak\u0161avaju\u0107i ulazak u tender u bilo kojoj situaciji i s bilo kakvim teretom na brodu. \u0160tovi\u0161e, krilca protiv prskanja sprje\u010dava vodu da u\u0111e u tubarne strukture, \u010dak i kad su potpuno napunjene.<br \/>Ovaj tender se lako ispu\u0161ta i skladi\u0161ti u ormari\u0107u, postavlja naopa\u010dke na pram\u010danoj palubi ili mostu, ili se pri\u010dvrsti na stra\u017enje dizalice. Njegov kompaktni dizajn omogu\u0107uje jednostavno skladi\u0161tenje bilo gdje na brodu, pru\u017eaju\u0107i udobnosti tendra bez \u017ertvovanja stambenog prostora. Raspon uklju\u010duje \u0161est razli\u010ditih duljina kako bi zadovoljio razne potrebe.<br \/><strong>Specifikacije Eurovinil Inflatable Plus:<\/strong><\/p>\n<table>\n<thead>\n<tr>\n<th>Model<\/th>\n<th>Ukupna du\u017eina (cm)<\/th>\n<th>Ukupna \u0161irina (cm)<\/th>\n<th>Unutarnja du\u017eina (cm)<\/th>\n<th>Unutarnja \u0161irina (cm)<\/th>\n<th>Visina pramca (cm)<\/th>\n<th>Visina transoma (cm)<\/th>\n<th>Promjer cijevnih struktura (cm)<\/th>\n<th>Broj osoba<\/th>\n<th>Broj prostora<\/th>\n<th>Te\u017eina (kg)<\/th>\n<th>Maksimalna snaga (HP)<\/th>\n<th>Osovina<\/th>\n<th>Mjere kad su smotane (cm)<\/th>\n<\/tr>\n<\/thead>\n<tbody>\n<tr>\n<td>PLUS 160<\/td>\n<td>160<\/td>\n<td>118<\/td>\n<td>98<\/td>\n<td>54<\/td>\n<td>54<\/td>\n<td>32<\/td>\n<td>32<\/td>\n<td>1<\/td>\n<td>4<\/td>\n<td>14<\/td>\n<td>2.5<\/td>\n<td>Kratko<\/td>\n<td>60 x 40 x 50<\/td>\n<\/tr>\n<tr>\n<td>PLUS 180<\/td>\n<td>180<\/td>\n<td>129<\/td>\n<td>117<\/td>\n<td>56<\/td>\n<td>54<\/td>\n<td>32<\/td>\n<td>32<\/td>\n<td>2<\/td>\n<td>4<\/td>\n<td>15.5<\/td>\n<td>2.5<\/td>\n<td>Kratko<\/td>\n<td>70 x 40 x 50<\/td>\n<\/tr>\n<tr>\n<td>PLUS 200<\/td>\n<td>200<\/td>\n<td>129<\/td>\n<td>130<\/td>\n<td>63<\/td>\n<td>54<\/td>\n<td>34<\/td>\n<td>34<\/td>\n<td>3<\/td>\n<td>4<\/td>\n<td>17<\/td>\n<td>3.5<\/td>\n<td>Kratko<\/td>\n<td>80 x 40 x 50<\/td>\n<\/tr>\n<tr>\n<td>PLUS 230<\/td>\n<td>230<\/td>\n<td>131<\/td>\n<td>157<\/td>\n<td>63<\/td>\n<td>54<\/td>\n<td>34<\/td>\n<td>34<\/td>\n<td>3<\/td>\n<td>4<\/td>\n<td>18<\/td>\n<td>4.5<\/td>\n<td>Kratko<\/td>\n<td>80 x 40 x 50<\/td>\n<\/tr>\n<tr>\n<td>PLUS 250<\/td>\n<td>250<\/td>\n<td>131<\/td>\n<td>177<\/td>\n<td>67<\/td>\n<td>57<\/td>\n<td>34<\/td>\n<td>34<\/td>\n<td>4<\/td>\n<td>4<\/td>\n<td>23<\/td>\n<td>5.5<\/td>\n<td>Kratko<\/td>\n<td>85 x 40 x 50<\/td>\n<\/tr>\n<tr>\n<td>PLUS 270<\/td>\n<td>270<\/td>\n<td>135<\/td>\n<td>193<\/td>\n<td>67<\/td>\n<td>57<\/td>\n<td>34<\/td>\n<td>34<\/td>\n<td>4<\/td>\n<td>4<\/td>\n<td>28<\/td>\n<td>5.5<\/td>\n<td>Kratko<\/td>\n<td>90 x 40 x 50<\/td>\n<\/tr>\n<\/tbody>\n<\/table>\n<p>Pozivamo vas da istra\u017eite na\u0161u liniju tendera i iskusite kvalitetu i povoljnosti koje pru\u017ea za va\u0161e nauti\u010dke avanture.<\/p>\n","protected":false},"excerpt":{"rendered":"<p>Dinghy Eurovinil Inflatable Plus 250 &#8211; Predstavljamo na\u0161 tender, izra\u0111en od visokotla\u010dnog 1100D tkanine s toplotozavarivanom PVC premazom. Ovaj model<\/p>\n","protected":false},"featured_media":5937418,"comment_status":"closed","ping_status":"closed","template":"","meta":[],"product_brand":[2926],"product_cat":[1833],"product_tag":[],"class_list":{"0":"post-1228968","1":"product","2":"type-product","3":"status-publish","4":"has-post-thumbnail","6":"product_brand-eurovinil-hr","7":"product_cat-pomocni-camci","9":"first","10":"instock","11":"shipping-taxable","12":"purchasable","13":"product-type-simple"},"_links":{"self":[{"href":"https:\/\/stoic-curie.212-227-153-4.plesk.page\/hr\/wp-json\/wp\/v2\/product\/1228968","targetHints":{"allow":["GET"]}}],"collection":[{"href":"https:\/\/stoic-curie.212-227-153-4.plesk.page\/hr\/wp-json\/wp\/v2\/product"}],"about":[{"href":"https:\/\/stoic-curie.212-227-153-4.plesk.page\/hr\/wp-json\/wp\/v2\/types\/product"}],"replies":[{"embeddable":true,"href":"https:\/\/stoic-curie.212-227-153-4.plesk.page\/hr\/wp-json\/wp\/v2\/comments?post=1228968"}],"version-history":[{"count":0,"href":"https:\/\/stoic-curie.212-227-153-4.plesk.page\/hr\/wp-json\/wp\/v2\/product\/1228968\/revisions"}],"wp:featuredmedia":[{"embeddable":true,"href":"https:\/\/stoic-curie.212-227-153-4.plesk.page\/hr\/wp-json\/wp\/v2\/media\/5937418"}],"wp:attachment":[{"href":"https:\/\/stoic-curie.212-227-153-4.plesk.page\/hr\/wp-json\/wp\/v2\/media?parent=1228968"}],"wp:term":[{"taxonomy":"product_brand","embeddable":true,"href":"https:\/\/stoic-curie.212-227-153-4.plesk.page\/hr\/wp-json\/wp\/v2\/product_brand?post=1228968"},{"taxonomy":"product_cat","embeddable":true,"href":"https:\/\/stoic-curie.212-227-153-4.plesk.page\/hr\/wp-json\/wp\/v2\/product_cat?post=1228968"},{"taxonomy":"product_tag","embeddable":true,"href":"https:\/\/stoic-curie.212-227-153-4.plesk.page\/hr\/wp-json\/wp\/v2\/product_tag?post=1228968"}],"curies":[{"name":"wp","href":"https:\/\/api.w.org\/{rel}","templated":true}]}}