{"id":1390078,"date":"2025-05-12T12:29:42","date_gmt":"2025-05-12T16:29:42","guid":{"rendered":"https:\/\/stoic-curie.212-227-153-4.plesk.page\/product\/dometic-smartstart-iii\/"},"modified":"2026-02-25T00:01:26","modified_gmt":"2026-02-25T00:01:26","slug":"dometic-smartstart-iii","status":"publish","type":"product","link":"https:\/\/stoic-curie.212-227-153-4.plesk.page\/hr\/product\/dometic-smartstart-iii\/","title":{"rendered":"Dometic SmartStart III"},"content":{"rendered":"<p>Dometic SmartStart III &#8211; <\/p>\n<p style=\"color: rgb(34, 34, 34); font-family: Arial, Helvetica, sans-serif; font-size: small;\"><strong>Dometic SmartStart III za\u0161tita<\/strong><\/p>\n<p style=\"color: rgb(34, 34, 34); font-family: Arial, Helvetica, sans-serif; font-size: small;\">Dometic SmartStart III dizajniran je za za\u0161titu va\u0161eg elektri\u010dnog sistema od naponskih skokova i opadanja koji se mogu dogoditi prilikom pokretanja va\u0161eg klima ure\u0111aja. Preporu\u010duje se za sisteme sa kapacitetom od 30.000 do 85.000 BTU\/h.<\/p>\n<p style=\"color: rgb(34, 34, 34); font-family: Arial, Helvetica, sans-serif; font-size: small;\"><strong>Soft starter za morsku klimatsku ure\u0111aj<\/strong><\/p>\n<p style=\"color: rgb(34, 34, 34); font-family: Arial, Helvetica, sans-serif; font-size: small;\">Ovaj soft starter je otporan na vodu i poma\u017ee u prevenciji naponskih skokova prilikom pokretanja, smanjuju\u0107i rizik od prekida napajanja. Osigurava glatko pokretanje klima ure\u0111aja, \u010dak i na mjestima sa lo\u0161om elektri\u010dnom za\u0161titom.<\/p>\n<p style=\"color: rgb(34, 34, 34); font-family: Arial, Helvetica, sans-serif; font-size: small;\">SmartStart III umanjuje nagle visoke struje pri pokretanju koje se mogu javiti kada se klima ure\u0111aj aktivira. Ova funkcija poma\u017ee u odr\u017eavanju stabilnog napona od 230 V na brodu. Uz SmartStart III, va\u0161 klima ure\u0111aj mo\u017ee se pokrenuti bez problema, \u010dak i kada je povezan na slabo osiguranu AC mre\u017eu, poput one u marini.<\/p>\n<p style=\"color: rgb(34, 34, 34); font-family: Arial, Helvetica, sans-serif; font-size: small;\">SmartStart III mo\u017ee smanjiti struje pri pokretanju do 65% i pogodna je za klima ure\u0111aje s kapacitetima izme\u0111u 12.000 i 30.000 BTU\/h. Mali crveni LED indikator prikazuje radni status i signalizira bilo kakve malfunkcije razli\u010ditim uzorcima trep\u0107enja. Operativni napon je 230 V na 50\/60 Hz, s maksimalnim punim optere\u0107enjem od 16 A.<\/p>\n<p style=\"color: rgb(34, 34, 34); font-family: Arial, Helvetica, sans-serif; font-size: small;\"><strong>LED indikator napajanja<\/strong><\/p>\n<ul style=\"color: rgb(34, 34, 34); font-family: Arial, Helvetica, sans-serif; font-size: small;\">\n<li>Brzo trep\u0107enje (10 puta u sekundi) = Napon ispod minimuma<\/li>\n<li>Tri treptaja svake tri sekunde = Isklju\u010divanje nakon tri pogre\u0161na pokretanja klima ure\u0111aja<\/li>\n<li>Sporo trep\u0107enje (jednom svake tri sekunde) = Isklju\u010divanje zbog prekomjernog trenutnog optere\u0107enja<\/li>\n<li>Sporo kontinuirano trep\u0107enje (jednom u sekundi) = Ka\u0161njenje ili na\u010din pogre\u0161ke<\/li>\n<\/ul>\n<p style=\"color: rgb(34, 34, 34); font-family: Arial, Helvetica, sans-serif; font-size: small;\"><strong>Va\u017ene napomene<\/strong><\/p>\n<p style=\"color: rgb(34, 34, 34); font-family: Arial, Helvetica, sans-serif; font-size: small;\">Nakon isklju\u010divanja 230 V AC napona, molimo vas da pri\u010dekate dvije minute kako bi se kondenzator ispraznio prije rada na veznim vodovima klima ure\u0111aja. Od esencijalnog je zna\u010daja instalirati ure\u0111aj u suhom okru\u017eenju, jer kontakt s vodom mo\u017ee dovesti do po\u017earnih opasnosti.<\/p>\n","protected":false},"excerpt":{"rendered":"<p>Dometic SmartStart III &#8211; Dometic SmartStart III za\u0161tita Dometic SmartStart III dizajniran je za za\u0161titu va\u0161eg elektri\u010dnog sistema od naponskih<\/p>\n","protected":false},"featured_media":5949177,"comment_status":"closed","ping_status":"closed","template":"","meta":[],"product_brand":[2896],"product_cat":[1647],"product_tag":[],"class_list":{"0":"post-1390078","1":"product","2":"type-product","3":"status-publish","4":"has-post-thumbnail","6":"product_brand-dometic-hr","7":"product_cat-uredaji-za-brodske-kuhinje","9":"first","10":"outofstock","11":"shipping-taxable","12":"purchasable","13":"product-type-simple"},"_links":{"self":[{"href":"https:\/\/stoic-curie.212-227-153-4.plesk.page\/hr\/wp-json\/wp\/v2\/product\/1390078","targetHints":{"allow":["GET"]}}],"collection":[{"href":"https:\/\/stoic-curie.212-227-153-4.plesk.page\/hr\/wp-json\/wp\/v2\/product"}],"about":[{"href":"https:\/\/stoic-curie.212-227-153-4.plesk.page\/hr\/wp-json\/wp\/v2\/types\/product"}],"replies":[{"embeddable":true,"href":"https:\/\/stoic-curie.212-227-153-4.plesk.page\/hr\/wp-json\/wp\/v2\/comments?post=1390078"}],"version-history":[{"count":0,"href":"https:\/\/stoic-curie.212-227-153-4.plesk.page\/hr\/wp-json\/wp\/v2\/product\/1390078\/revisions"}],"wp:featuredmedia":[{"embeddable":true,"href":"https:\/\/stoic-curie.212-227-153-4.plesk.page\/hr\/wp-json\/wp\/v2\/media\/5949177"}],"wp:attachment":[{"href":"https:\/\/stoic-curie.212-227-153-4.plesk.page\/hr\/wp-json\/wp\/v2\/media?parent=1390078"}],"wp:term":[{"taxonomy":"product_brand","embeddable":true,"href":"https:\/\/stoic-curie.212-227-153-4.plesk.page\/hr\/wp-json\/wp\/v2\/product_brand?post=1390078"},{"taxonomy":"product_cat","embeddable":true,"href":"https:\/\/stoic-curie.212-227-153-4.plesk.page\/hr\/wp-json\/wp\/v2\/product_cat?post=1390078"},{"taxonomy":"product_tag","embeddable":true,"href":"https:\/\/stoic-curie.212-227-153-4.plesk.page\/hr\/wp-json\/wp\/v2\/product_tag?post=1390078"}],"curies":[{"name":"wp","href":"https:\/\/api.w.org\/{rel}","templated":true}]}}