{"id":1390088,"date":"2025-05-12T12:29:42","date_gmt":"2025-05-12T16:29:42","guid":{"rendered":"https:\/\/stoic-curie.212-227-153-4.plesk.page\/product\/glomex-webboat-link-high-speed\/"},"modified":"2026-02-25T00:01:26","modified_gmt":"2026-02-25T00:01:26","slug":"glomex-webboat-link-high-speed","status":"publish","type":"product","link":"https:\/\/stoic-curie.212-227-153-4.plesk.page\/hr\/product\/glomex-webboat-link-high-speed\/","title":{"rendered":"Glomex weBBoat Link visoka brzina"},"content":{"rendered":"<p>Glomex weBBoat Link visoka brzina &#8211; <\/p>\n<p style=\"color: rgb(34, 34, 34); font-family: Arial, Helvetica, sans-serif; font-size: small;\">Predstavljamo Webboat 4G\/LTE Link Wi-Fi antenu usmjeriva\u010d od Glomexa, dizajniranu za pobolj\u0161anje prijema internetskog i GSM signala do 10 milja od obale. Ovaj ure\u0111aj slu\u017ei kao pristupna to\u010dka Wi-Fi na brodu i usmjeriva\u010d, omogu\u0107uju\u0107i vam povezivanje raznih ure\u0111aja, kao \u0161to su pametni telefoni, ra\u010dunala ili tableti, na mre\u017eu. Specijalno izra\u0111en za morsko okru\u017eenje, ima slot za SIM karticu za GSM veze i SAT ulaz koji automatski prebacuje izme\u0111u sustava kako bi pomogao smanjiti tro\u0161kove. Ure\u0111aj mo\u017eete upravljati putem besplatne namjenske aplikacije, koja nudi jednostavno su\u010delje i automatsko postavljanje APN-a.<\/p>\n<p style=\"color: rgb(34, 34, 34); font-family: Arial, Helvetica, sans-serif; font-size: small;\">weBBoat\u00ae Link High Speed (kod IT1304HS) je nova unutarnja jedinica s jednim SIM-om 4G\/Wi-Fi dizajnirana za pristup internetu na obali i u oceanu. Pru\u017ea sigurnu Wi-Fi pristupnu to\u010dku unutar i izvan va\u0161eg broda, koriste\u0107i ugra\u0111ene 4G i Wi-Fi antene za brze veze do 10 milja od obale.<\/p>\n<p style=\"color: rgb(34, 34, 34); font-family: Arial, Helvetica, sans-serif; font-size: small;\">Opremljen s dva 4G diverzitetna antenskih sustava i dva 2.4GHz MIMO Wi-Fi antene, weBBoat\u00ae Link High Speed posjeduje visok brzi 4G\/Wi-Fi usmjeriva\u010d koji stvara sigurnu hotspot vezu za va\u0161 brod ili kamp-prikolicu. Osigurava visoke brzine povezivanja do 300Mbps za preuzimanje, omogu\u0107uju\u0107i vam web pretra\u017eivanje, video pozive i streaming sadr\u017eaja uz obalu. Dodatno, uklju\u010duje sna\u017ean dvonukleusni procesor i funkcionalnost agregacije nositelja kako bi optimizirao brzinu prijenosa podataka i maksimizirao va\u0161 internetski potencijal. S weBBoat\u00ae Link sustavom, mo\u017eete povezati do 24 ure\u0111aja istovremeno bez kompromitiranja kvalitete signala ili performansi.<\/p>\n<p style=\"color: rgb(34, 34, 34); font-family: Arial, Helvetica, sans-serif; font-size: small;\">weBBoat\u00ae Link je kompaktni Plug &amp; Play ure\u0111aj koji zahtijeva minimalno postavljanje. Podr\u017eava vi\u0161e metoda internet veze, omogu\u0107uju\u0107i vam kombiniranje satelitskih, mobilnih, Wi-Fi ili bilo kojih dostupnih fiksnih linija u jedan sustav interneta na brodu. To osigurava neprekidnu internetsku vezu dok plovite, bilo blizu obale ili na otvorenom moru. Kako se va\u0161 brod udaljava od marine, weBBoat\u00ae Link \u0107e izgubiti pristup Wi-Fi mre\u017ei marine, ali \u0107e i dalje odr\u017eavati mobilnu i satelitsku povezanost.<\/p>\n<p style=\"color: rgb(34, 34, 34); font-family: Arial, Helvetica, sans-serif; font-size: small;\">Klju\u010dne zna\u010dajke weBBoat\u00ae Link High Speed uklju\u010duju:<\/p>\n<ul style=\"color: rgb(34, 34, 34); font-family: Arial, Helvetica, sans-serif; font-size: small;\">\n<li><strong>Automatski APN<\/strong>: pojednostavljuje i ubrzava konfiguraciju automatskim odabirom APN-a va\u0161eg SIM operatera.<\/li>\n<li><strong>Upravljanje putem Glomex webUI ili aplikacije<\/strong>: lako upravljajte i konfigurirajte svoj sustav internetske veze na brodu. Tako\u0111er mo\u017eete slati\/primati SMS, provjeravati SIM kredit i pratiti kori\u0161tenje mobilnih podataka.<\/li>\n<li><strong>Prioritetna funkcija<\/strong>: Odaberite koju vrstu veze koristiti i postavite redoslijed prioriteta. Obi\u010dno su veze s najvi\u0161im prioritetom pristupa\u010dnije visoke propusnosti (Wi-Fi u marini, zatim mobilno), dok je najni\u017ei prioritet skuplja satelitska internet veza. Tako\u0111er mo\u017eete omogu\u0107iti samo jednu metodu internetske veze, kao \u0161to je Wi-Fi u marini, kako biste smanjili tro\u0161kove mobilnih ili satelitskih podataka.<\/li>\n<li><strong>Enkriptovana stvarna vremenska peer-to-peer veza<\/strong>: omogu\u0107uje daljinsko postavljanje i uslugu.<\/li>\n<\/ul>\n<p style=\"color: rgb(34, 34, 34); font-family: Arial, Helvetica, sans-serif; font-size: small;\"><strong>Tehni\u010dke specifikacije:<\/strong><\/p>\n<ul style=\"color: rgb(34, 34, 34); font-family: Arial, Helvetica, sans-serif; font-size: small;\">\n<li>Jedinstveni mikro SIM sustav<\/li>\n<li>LTE CAT6: do 300Mbps brzine preuzimanja<\/li>\n<li>DC-HSPA+: Maksimalna brzina preuzimanja 42Mbps<\/li>\n<li>Be\u017ei\u010dni na\u010din: IEEE 802.11b\/g\/n<\/li>\n<li>CPU: 650MHz (nadogra\u0111eno sa standardnih 400MHz)<\/li>\n<li>RAM: 128MB (nadogra\u0111eno sa standardnih 64MB)<\/li>\n<li>Automatsko prebacivanje izme\u0111u registriranih Wi-Fi mre\u017ea i 4G<\/li>\n<li>Automatsko postavljanje APN-a<\/li>\n<li>Funkcija upravljanja SMS-om<\/li>\n<li>V-SAT\/SAT internet automatski na\u010din prebacivanja<\/li>\n<li>Prebacivanje mobilnih podataka na vanjski Wi-Fi<\/li>\n<li>Enkriptovana stvarna vremenska peer-to-peer veza za daljinsko postavljanje i uslugu<\/li>\n<li>4G rezervna WAN funkcija<\/li>\n<li>Napajanje: 10\/30 Vdc<\/li>\n<\/ul>\n<p style=\"color: rgb(34, 34, 34); font-family: Arial, Helvetica, sans-serif; font-size: small;\">S weBBoat\u00ae Link High Speed, mo\u017eete u\u017eivati u pouzdanoj internetskoj vezi na va\u0161em brodu, osiguravaju\u0107i da ostanete povezani gdje god vas avanture odvedu.<\/p>\n","protected":false},"excerpt":{"rendered":"<p>Glomex weBBoat Link visoka brzina &#8211; Predstavljamo Webboat 4G\/LTE Link Wi-Fi antenu usmjeriva\u010d od Glomexa, dizajniranu za pobolj\u0161anje prijema internetskog<\/p>\n","protected":false},"featured_media":5949189,"comment_status":"closed","ping_status":"closed","template":"","meta":[],"product_brand":[2981],"product_cat":[1744,1754],"product_tag":[],"class_list":{"0":"post-1390088","1":"product","2":"type-product","3":"status-publish","4":"has-post-thumbnail","6":"product_brand-glomex-hr","7":"product_cat-brodska-elektronika","8":"product_cat-tv-antene","10":"first","11":"instock","12":"shipping-taxable","13":"purchasable","14":"product-type-simple"},"_links":{"self":[{"href":"https:\/\/stoic-curie.212-227-153-4.plesk.page\/hr\/wp-json\/wp\/v2\/product\/1390088","targetHints":{"allow":["GET"]}}],"collection":[{"href":"https:\/\/stoic-curie.212-227-153-4.plesk.page\/hr\/wp-json\/wp\/v2\/product"}],"about":[{"href":"https:\/\/stoic-curie.212-227-153-4.plesk.page\/hr\/wp-json\/wp\/v2\/types\/product"}],"replies":[{"embeddable":true,"href":"https:\/\/stoic-curie.212-227-153-4.plesk.page\/hr\/wp-json\/wp\/v2\/comments?post=1390088"}],"version-history":[{"count":0,"href":"https:\/\/stoic-curie.212-227-153-4.plesk.page\/hr\/wp-json\/wp\/v2\/product\/1390088\/revisions"}],"wp:featuredmedia":[{"embeddable":true,"href":"https:\/\/stoic-curie.212-227-153-4.plesk.page\/hr\/wp-json\/wp\/v2\/media\/5949189"}],"wp:attachment":[{"href":"https:\/\/stoic-curie.212-227-153-4.plesk.page\/hr\/wp-json\/wp\/v2\/media?parent=1390088"}],"wp:term":[{"taxonomy":"product_brand","embeddable":true,"href":"https:\/\/stoic-curie.212-227-153-4.plesk.page\/hr\/wp-json\/wp\/v2\/product_brand?post=1390088"},{"taxonomy":"product_cat","embeddable":true,"href":"https:\/\/stoic-curie.212-227-153-4.plesk.page\/hr\/wp-json\/wp\/v2\/product_cat?post=1390088"},{"taxonomy":"product_tag","embeddable":true,"href":"https:\/\/stoic-curie.212-227-153-4.plesk.page\/hr\/wp-json\/wp\/v2\/product_tag?post=1390088"}],"curies":[{"name":"wp","href":"https:\/\/api.w.org\/{rel}","templated":true}]}}