{"id":1390091,"date":"2025-05-12T12:29:42","date_gmt":"2025-05-12T16:29:42","guid":{"rendered":"https:\/\/stoic-curie.212-227-153-4.plesk.page\/product\/air-condition-dometic-mcs-t6\/"},"modified":"2026-02-25T00:01:26","modified_gmt":"2026-02-25T00:01:26","slug":"air-condition-dometic-mcs-t6","status":"publish","type":"product","link":"https:\/\/stoic-curie.212-227-153-4.plesk.page\/hr\/product\/air-condition-dometic-mcs-t6\/","title":{"rendered":"Klima ure\u0111aj Dometic MCS T6"},"content":{"rendered":"<p>Klima ure\u0111aj Dometic MCS T6 &#8211; <\/p>\n<p>Pretpostavljamo Marine Climate System, kompaktni ure\u0111aj s kapacitetom hla\u0111enja od 6.000 BTU\/h (1.130 W) koji mo\u017ee hla\u0111enje, grijanje i dehumidificirati va\u0161u jahtu ili brod. Ovaj u\u010dinkovit sustav omogu\u0107uje vam stvaranje idealne klime na brodu. Nadogra\u0111eni Dometic MCS T sada uklju\u010duje nagra\u0111ivanu DTU jedinicu, \u0161to \u010dini instalaciju brzom, jednostavnom i svestranom.<\/p>\n<p>S rotiraju\u0107im ventilatorom za prilago\u0111enu postavu, kompozitnim odvoda s brzim spojevima i superiornom vibracijskom izolacijom za tiho djelovanje, MCS T nudi pravu OEM kvalitetu u jednom kompletnom setu. Svi potrebni dijelovi i monta\u017eni materijali uklju\u010deni su u paket. Na raspolaganju su u tri kapaciteta, svi koriste\u0107i R410A rashladno sredstvo, ovi sustavi u\u010dinkovito pru\u017eaju klimatiziranu udobnost za kabine razli\u010ditih veli\u010dina i dizajna.<\/p>\n<p>Ovaj kit spreman za instalaciju za Dometic MCS morska klima ure\u0111aje ima morski sustav cirkulacije i nudi i hla\u0111enje i grijanje za jednu ili dvije susjedne kabine. Kompaktna monoblok jedinica sadr\u017ei kompresor, kondenzator, ispariva\u010d, podesivi ventilator, kontrolnu jedinicu, kontrolnu plo\u010du, morsku pumpu, morsku cijev, re\u0161etke za dovod i povrat, zra\u010dne kanale, prolaz kroz trup s ventilom i sve potrebne spojeve.<\/p>\n<p>Napajanje: 220 V, prikladno za kori\u0161tenje na obali ili s generatorom.<\/p>\n<ul>\n<li>Kapacitet hla\u0111enja: 6.000 BTU\/h<\/li>\n<li>Kapacitet grijanja: 1.750 W<\/li>\n<li>Potro\u0161nja energije (pri 230 V): 890 W\/1.130 W<\/li>\n<\/ul>\n<p>U\u017eivajte u pouzdanoj udobnosti s svestranom funkcionalno\u0161\u0107u: grijanje, hla\u0111enje i dehumidifikacija. Ovaj sustav je dizajniran za brzu i jednostavnu konverziju i izra\u0111en je od visokokvalitetnih, otpornog na koroziju materijala.<\/p>\n<p>Klju\u010dne zna\u010dajke uklju\u010duju:<\/p>\n<ul>\n<li>Sve komponente za instalaciju uklju\u010dene<\/li>\n<li>Ultra-kompaktni dizajn za uredan i neupadljiv fit<\/li>\n<\/ul>\n<p>Dimenzije:<\/p>\n<ul>\n<li>Dubina: 271,78 mm<\/li>\n<li>Visina: 281,94 mm<\/li>\n<li>\u0160irina: 447,04 mm<\/li>\n<\/ul>\n","protected":false},"excerpt":{"rendered":"<p>Klima ure\u0111aj Dometic MCS T6 &#8211; Pretpostavljamo Marine Climate System, kompaktni ure\u0111aj s kapacitetom hla\u0111enja od 6.000 BTU\/h (1.130 W)<\/p>\n","protected":false},"featured_media":5949199,"comment_status":"closed","ping_status":"closed","template":"","meta":[],"product_brand":[2896],"product_cat":[1647],"product_tag":[],"class_list":{"0":"post-1390091","1":"product","2":"type-product","3":"status-publish","4":"has-post-thumbnail","6":"product_brand-dometic-hr","7":"product_cat-uredaji-za-brodske-kuhinje","9":"first","10":"outofstock","11":"shipping-taxable","12":"purchasable","13":"product-type-simple"},"_links":{"self":[{"href":"https:\/\/stoic-curie.212-227-153-4.plesk.page\/hr\/wp-json\/wp\/v2\/product\/1390091","targetHints":{"allow":["GET"]}}],"collection":[{"href":"https:\/\/stoic-curie.212-227-153-4.plesk.page\/hr\/wp-json\/wp\/v2\/product"}],"about":[{"href":"https:\/\/stoic-curie.212-227-153-4.plesk.page\/hr\/wp-json\/wp\/v2\/types\/product"}],"replies":[{"embeddable":true,"href":"https:\/\/stoic-curie.212-227-153-4.plesk.page\/hr\/wp-json\/wp\/v2\/comments?post=1390091"}],"version-history":[{"count":0,"href":"https:\/\/stoic-curie.212-227-153-4.plesk.page\/hr\/wp-json\/wp\/v2\/product\/1390091\/revisions"}],"wp:featuredmedia":[{"embeddable":true,"href":"https:\/\/stoic-curie.212-227-153-4.plesk.page\/hr\/wp-json\/wp\/v2\/media\/5949199"}],"wp:attachment":[{"href":"https:\/\/stoic-curie.212-227-153-4.plesk.page\/hr\/wp-json\/wp\/v2\/media?parent=1390091"}],"wp:term":[{"taxonomy":"product_brand","embeddable":true,"href":"https:\/\/stoic-curie.212-227-153-4.plesk.page\/hr\/wp-json\/wp\/v2\/product_brand?post=1390091"},{"taxonomy":"product_cat","embeddable":true,"href":"https:\/\/stoic-curie.212-227-153-4.plesk.page\/hr\/wp-json\/wp\/v2\/product_cat?post=1390091"},{"taxonomy":"product_tag","embeddable":true,"href":"https:\/\/stoic-curie.212-227-153-4.plesk.page\/hr\/wp-json\/wp\/v2\/product_tag?post=1390091"}],"curies":[{"name":"wp","href":"https:\/\/api.w.org\/{rel}","templated":true}]}}