{"id":1390092,"date":"2025-05-12T12:29:42","date_gmt":"2025-05-12T16:29:42","guid":{"rendered":"https:\/\/stoic-curie.212-227-153-4.plesk.page\/product\/air-condition-dometic-mcs-t12\/"},"modified":"2026-02-25T00:01:26","modified_gmt":"2026-02-25T00:01:26","slug":"air-condition-dometic-mcs-t12","status":"publish","type":"product","link":"https:\/\/stoic-curie.212-227-153-4.plesk.page\/hr\/product\/air-condition-dometic-mcs-t12\/","title":{"rendered":"Klima ure\u0111aj Dometic MCS T12"},"content":{"rendered":"<p>Klima ure\u0111aj Dometic MCS T12 &#8211; <\/p>\n<p style=\"color: rgb(34, 34, 34); font-family: Arial, Helvetica, sans-serif; font-size: small;\">Predstavljamo Morski Klimatski Sustav, mo\u0107nu jedinicu od 12.000 BTU\/h i 3.500 W dizajniranu za hla\u0111enje, grijanje i dehumidifikaciju va\u0161e jahte ili broda s lako\u0107om. Ovaj kompaktan i u\u010dinkovit sustav idealan je za odr\u017eavanje savr\u0161enog klimatskog uvjeta na brodu.<\/p>\n<p style=\"color: rgb(34, 34, 34); font-family: Arial, Helvetica, sans-serif; font-size: small;\">Cijeli kompleti su spremni za instalaciju i uklju\u010duju sve \u0161to vam je potrebno za Dometic MCS pomorske klime. Ima sustav slane vode i mo\u017ee u\u010dinkovito opslu\u017eiti jednu kabinu ili dvije susjedne kabine. Monoblok jedinica dolazi opremljena kompresorom, kondenzatorom, ispariva\u010dem, podesivim ventilatorom, kontrolnom jedinicom, kontrolnom plo\u010dom, pumpom za more, morskom cijevi, re\u0161etkama za dovod i povrat, zra\u010dnim kanalom, prolazom s ventilom i svim potrebnim spojnicama.<\/p>\n<p style=\"color: rgb(34, 34, 34); font-family: Arial, Helvetica, sans-serif; font-size: small;\">Ovaj sustav radi na napajanju od 220V, \u0161to ga \u010dini pogodnim za kori\u0161tenje na obali i za generatore.<\/p>\n<p style=\"color: rgb(34, 34, 34); font-family: Arial, Helvetica, sans-serif; font-size: small;\">Klju\u010dne specifikacije uklju\u010duju:<\/p>\n<ul style=\"color: rgb(34, 34, 34); font-family: Arial, Helvetica, sans-serif; font-size: small;\">\n<li>Kapacitet hla\u0111enja: 12.000 BTU\/h<\/li>\n<li>Kapacitet grijanja: 3.500 W<\/li>\n<li>Potro\u0161nja energije (na 230 V): 1.030 W za hla\u0111enje i 1.270 W za grijanje<\/li>\n<\/ul>\n<p style=\"color: rgb(34, 34, 34); font-family: Arial, Helvetica, sans-serif; font-size: small;\">U\u017eivajte u pouzdanoj udobnosti s raznolikim funkcijama koje vam omogu\u0107uju grijanje, hla\u0111enje i dehumidifikaciju prostora. Dizajniran je za brzu i laku naknadnu ugradnju, a izra\u0111en je od visoko kvalitetnih, korozivno otpornih materijala.<\/p>\n<p style=\"color: rgb(34, 34, 34); font-family: Arial, Helvetica, sans-serif; font-size: small;\">Sve komponente za instalaciju uklju\u010dene su, a ultra kompaktnog dizajna osigurava uredno i neprimjetno uklapanje.<\/p>\n<p style=\"color: rgb(34, 34, 34); font-family: Arial, Helvetica, sans-serif; font-size: small;\">Dimenzije proizvoda:<\/p>\n<ul style=\"color: rgb(34, 34, 34); font-family: Arial, Helvetica, sans-serif; font-size: small;\">\n<li>Dubina: 315 mm<\/li>\n<li>Visina: 318 mm<\/li>\n<li>\u0160irina: 519 mm<\/li>\n<li>Neto te\u017eina: 23,6 kg<\/li>\n<\/ul>\n<p style=\"color: rgb(34, 34, 34); font-family: Arial, Helvetica, sans-serif; font-size: small;\">Iskusite savr\u0161enu klimu na svom brodu s ovim u\u010dinkovitim morskim klimatskim sustavom.<\/p>\n","protected":false},"excerpt":{"rendered":"<p>Klima ure\u0111aj Dometic MCS T12 &#8211; Predstavljamo Morski Klimatski Sustav, mo\u0107nu jedinicu od 12.000 BTU\/h i 3.500 W dizajniranu za<\/p>\n","protected":false},"featured_media":5949199,"comment_status":"closed","ping_status":"closed","template":"","meta":[],"product_brand":[2896],"product_cat":[1647],"product_tag":[],"class_list":{"0":"post-1390092","1":"product","2":"type-product","3":"status-publish","4":"has-post-thumbnail","6":"product_brand-dometic-hr","7":"product_cat-uredaji-za-brodske-kuhinje","9":"first","10":"outofstock","11":"shipping-taxable","12":"purchasable","13":"product-type-simple"},"_links":{"self":[{"href":"https:\/\/stoic-curie.212-227-153-4.plesk.page\/hr\/wp-json\/wp\/v2\/product\/1390092","targetHints":{"allow":["GET"]}}],"collection":[{"href":"https:\/\/stoic-curie.212-227-153-4.plesk.page\/hr\/wp-json\/wp\/v2\/product"}],"about":[{"href":"https:\/\/stoic-curie.212-227-153-4.plesk.page\/hr\/wp-json\/wp\/v2\/types\/product"}],"replies":[{"embeddable":true,"href":"https:\/\/stoic-curie.212-227-153-4.plesk.page\/hr\/wp-json\/wp\/v2\/comments?post=1390092"}],"version-history":[{"count":0,"href":"https:\/\/stoic-curie.212-227-153-4.plesk.page\/hr\/wp-json\/wp\/v2\/product\/1390092\/revisions"}],"wp:featuredmedia":[{"embeddable":true,"href":"https:\/\/stoic-curie.212-227-153-4.plesk.page\/hr\/wp-json\/wp\/v2\/media\/5949199"}],"wp:attachment":[{"href":"https:\/\/stoic-curie.212-227-153-4.plesk.page\/hr\/wp-json\/wp\/v2\/media?parent=1390092"}],"wp:term":[{"taxonomy":"product_brand","embeddable":true,"href":"https:\/\/stoic-curie.212-227-153-4.plesk.page\/hr\/wp-json\/wp\/v2\/product_brand?post=1390092"},{"taxonomy":"product_cat","embeddable":true,"href":"https:\/\/stoic-curie.212-227-153-4.plesk.page\/hr\/wp-json\/wp\/v2\/product_cat?post=1390092"},{"taxonomy":"product_tag","embeddable":true,"href":"https:\/\/stoic-curie.212-227-153-4.plesk.page\/hr\/wp-json\/wp\/v2\/product_tag?post=1390092"}],"curies":[{"name":"wp","href":"https:\/\/api.w.org\/{rel}","templated":true}]}}