{"id":1390093,"date":"2025-05-12T12:29:43","date_gmt":"2025-05-12T16:29:43","guid":{"rendered":"https:\/\/stoic-curie.212-227-153-4.plesk.page\/product\/air-condition-dometic-mcs-t16\/"},"modified":"2026-02-25T00:01:26","modified_gmt":"2026-02-25T00:01:26","slug":"air-condition-dometic-mcs-t16","status":"publish","type":"product","link":"https:\/\/stoic-curie.212-227-153-4.plesk.page\/hr\/product\/air-condition-dometic-mcs-t16\/","title":{"rendered":"Klimatizacijska jedinica Dometic MCS T16"},"content":{"rendered":"<p>Klimatizacijska jedinica Dometic MCS T16 &#8211; <\/p>\n<p style=\"color: rgb(34, 34, 34); font-family: Arial, Helvetica, sans-serif; font-size: small;\">Ovo je kompletan, spreman za instalaciju set za Dometic MCS morske klima ure\u0111aje. Ima morski vodeni krug i nudi funkcije hla\u0111enja i grijanja, \u0161to ga \u010dini pogodnim za jednu kabinu ili za dvije susjedne kabine. Kompaktna monoblok jedinica uklju\u010duje bitne komponente kao \u0161to su kompresor, kondenzator, ispariva\u010d, podesivi ventilator, kontrolna jedinica, kontrolna plo\u010da, morska pumpa, morska cijev, re\u0161etke za napajanje i povratak, zra\u010dni kanal, prolaz kroz trup s ventilom i potrebne spojnice.<\/p>\n<p style=\"color: rgb(34, 34, 34); font-family: Arial, Helvetica, sans-serif; font-size: small;\">Napajanje radi na 220V, \u0161to ga \u010dini kompatibilnim s obalnom energijom ili upotrebom generatora. Ovaj morski klimatizacijski sustav pru\u017ea kapacitet hla\u0111enja od 16.000 BTU\/h i kapacitet grijanja od 4.700 W. Uz ovu u\u010dinkovitu jedinicu, mo\u017eete hladiti, grijati i dehidrirati svoj prostor, osiguravaju\u0107i ugodno okru\u017eenje na va\u0161oj jahti ili brodu.<\/p>\n<p style=\"color: rgb(34, 34, 34); font-family: Arial, Helvetica, sans-serif; font-size: small;\">Klju\u010dne specifikacije uklju\u010duju:<\/p>\n<ul style=\"color: rgb(34, 34, 34); font-family: Arial, Helvetica, sans-serif; font-size: small;\">\n<li>Kapacitet hla\u0111enja: 16.000 BTU\/h<\/li>\n<li>Kapacitet grijanja: 4.700 W<\/li>\n<li>Potro\u0161nja energije (na 230 V): 1.320 W\/1.660 W<\/li>\n<\/ul>\n<p style=\"color: rgb(34, 34, 34); font-family: Arial, Helvetica, sans-serif; font-size: small;\">Ovaj sustav nudi pouzdan komfor sa svojim svestranim funkcijama: grijanje, hla\u0111enje i dehidracija. Dizajniran je za brzu i jednostavnu adaptaciju i izra\u0111en je od visokokvalitetnih, koroziju otpornih materijala. Svi potrebni komponenti za instalaciju su uklju\u010deni, a ultra kompaktni dizajn omogu\u0107ava uredno i neupadljivo uklapanje.<\/p>\n<p style=\"color: rgb(34, 34, 34); font-family: Arial, Helvetica, sans-serif; font-size: small;\">Dimenzije proizvoda:<\/p>\n<ul style=\"color: rgb(34, 34, 34); font-family: Arial, Helvetica, sans-serif; font-size: small;\">\n<li>Dubina: 338 mm<\/li>\n<li>Visina: 341 mm<\/li>\n<\/ul>\n","protected":false},"excerpt":{"rendered":"<p>Klimatizacijska jedinica Dometic MCS T16 &#8211; Ovo je kompletan, spreman za instalaciju set za Dometic MCS morske klima ure\u0111aje. Ima<\/p>\n","protected":false},"featured_media":5949199,"comment_status":"closed","ping_status":"closed","template":"","meta":[],"product_brand":[2896],"product_cat":[1647],"product_tag":[],"class_list":{"0":"post-1390093","1":"product","2":"type-product","3":"status-publish","4":"has-post-thumbnail","6":"product_brand-dometic-hr","7":"product_cat-uredaji-za-brodske-kuhinje","9":"first","10":"outofstock","11":"shipping-taxable","12":"purchasable","13":"product-type-simple"},"_links":{"self":[{"href":"https:\/\/stoic-curie.212-227-153-4.plesk.page\/hr\/wp-json\/wp\/v2\/product\/1390093","targetHints":{"allow":["GET"]}}],"collection":[{"href":"https:\/\/stoic-curie.212-227-153-4.plesk.page\/hr\/wp-json\/wp\/v2\/product"}],"about":[{"href":"https:\/\/stoic-curie.212-227-153-4.plesk.page\/hr\/wp-json\/wp\/v2\/types\/product"}],"replies":[{"embeddable":true,"href":"https:\/\/stoic-curie.212-227-153-4.plesk.page\/hr\/wp-json\/wp\/v2\/comments?post=1390093"}],"version-history":[{"count":0,"href":"https:\/\/stoic-curie.212-227-153-4.plesk.page\/hr\/wp-json\/wp\/v2\/product\/1390093\/revisions"}],"wp:featuredmedia":[{"embeddable":true,"href":"https:\/\/stoic-curie.212-227-153-4.plesk.page\/hr\/wp-json\/wp\/v2\/media\/5949199"}],"wp:attachment":[{"href":"https:\/\/stoic-curie.212-227-153-4.plesk.page\/hr\/wp-json\/wp\/v2\/media?parent=1390093"}],"wp:term":[{"taxonomy":"product_brand","embeddable":true,"href":"https:\/\/stoic-curie.212-227-153-4.plesk.page\/hr\/wp-json\/wp\/v2\/product_brand?post=1390093"},{"taxonomy":"product_cat","embeddable":true,"href":"https:\/\/stoic-curie.212-227-153-4.plesk.page\/hr\/wp-json\/wp\/v2\/product_cat?post=1390093"},{"taxonomy":"product_tag","embeddable":true,"href":"https:\/\/stoic-curie.212-227-153-4.plesk.page\/hr\/wp-json\/wp\/v2\/product_tag?post=1390093"}],"curies":[{"name":"wp","href":"https:\/\/api.w.org\/{rel}","templated":true}]}}