{"id":3686433,"date":"2025-10-13T13:25:27","date_gmt":"2025-10-13T17:25:27","guid":{"rendered":"https:\/\/stoic-curie.212-227-153-4.plesk.page\/product\/kromirana-kompaktna-glava-za-tus\/"},"modified":"2026-02-25T00:00:27","modified_gmt":"2026-02-25T00:00:27","slug":"kromirana-kompaktna-glava-za-tus","status":"publish","type":"product","link":"https:\/\/stoic-curie.212-227-153-4.plesk.page\/hr\/product\/kromirana-kompaktna-glava-za-tus\/","title":{"rendered":"Kromirana kompaktna glava za tu\u0161"},"content":{"rendered":"<p>Kromirana kompaktna glava za tu\u0161 &#8211; <\/p>\n<p>Plasti\u010dna ugradna kutija\/kontejner za tu\u0161 sa mekim poklopcem. Ugradna rupa \u00d8 57 mm &#8211; Vanjski \u00d8 77 mm &#8211; Dubina 65 mm. Treba ga dopuniti tu\u0161em i fleksibilnom crijevom.<\/p>\n","protected":false},"excerpt":{"rendered":"<p>Kromirana kompaktna glava za tu\u0161 &#8211; Plasti\u010dna ugradna kutija\/kontejner za tu\u0161 sa mekim poklopcem. Ugradna rupa \u00d8 57 mm &#8211;<\/p>\n","protected":false},"featured_media":5935610,"comment_status":"closed","ping_status":"closed","template":"","meta":[],"product_brand":[3201],"product_cat":[1652],"product_tag":[],"class_list":{"0":"post-3686433","1":"product","2":"type-product","3":"status-publish","4":"has-post-thumbnail","6":"product_brand-nobili-hr","7":"product_cat-brodski-tusevi","9":"first","10":"outofstock","11":"shipping-taxable","12":"purchasable","13":"product-type-simple"},"_links":{"self":[{"href":"https:\/\/stoic-curie.212-227-153-4.plesk.page\/hr\/wp-json\/wp\/v2\/product\/3686433","targetHints":{"allow":["GET"]}}],"collection":[{"href":"https:\/\/stoic-curie.212-227-153-4.plesk.page\/hr\/wp-json\/wp\/v2\/product"}],"about":[{"href":"https:\/\/stoic-curie.212-227-153-4.plesk.page\/hr\/wp-json\/wp\/v2\/types\/product"}],"replies":[{"embeddable":true,"href":"https:\/\/stoic-curie.212-227-153-4.plesk.page\/hr\/wp-json\/wp\/v2\/comments?post=3686433"}],"version-history":[{"count":0,"href":"https:\/\/stoic-curie.212-227-153-4.plesk.page\/hr\/wp-json\/wp\/v2\/product\/3686433\/revisions"}],"wp:featuredmedia":[{"embeddable":true,"href":"https:\/\/stoic-curie.212-227-153-4.plesk.page\/hr\/wp-json\/wp\/v2\/media\/5935610"}],"wp:attachment":[{"href":"https:\/\/stoic-curie.212-227-153-4.plesk.page\/hr\/wp-json\/wp\/v2\/media?parent=3686433"}],"wp:term":[{"taxonomy":"product_brand","embeddable":true,"href":"https:\/\/stoic-curie.212-227-153-4.plesk.page\/hr\/wp-json\/wp\/v2\/product_brand?post=3686433"},{"taxonomy":"product_cat","embeddable":true,"href":"https:\/\/stoic-curie.212-227-153-4.plesk.page\/hr\/wp-json\/wp\/v2\/product_cat?post=3686433"},{"taxonomy":"product_tag","embeddable":true,"href":"https:\/\/stoic-curie.212-227-153-4.plesk.page\/hr\/wp-json\/wp\/v2\/product_tag?post=3686433"}],"curies":[{"name":"wp","href":"https:\/\/api.w.org\/{rel}","templated":true}]}}