{"id":3686444,"date":"2025-10-13T13:25:29","date_gmt":"2025-10-13T17:25:29","guid":{"rendered":"https:\/\/stoic-curie.212-227-153-4.plesk.page\/product\/rucni-brisac-vjetrobrana-tmc-280-mm\/"},"modified":"2026-02-25T00:00:27","modified_gmt":"2026-02-25T00:00:27","slug":"rucni-brisac-vjetrobrana-tmc-280-mm","status":"publish","type":"product","link":"https:\/\/stoic-curie.212-227-153-4.plesk.page\/hr\/product\/rucni-brisac-vjetrobrana-tmc-280-mm\/","title":{"rendered":"Ru\u010dni brisa\u010d vjetrobrana TMC 280 mm"},"content":{"rendered":"<p>Ru\u010dni brisa\u010d vjetrobrana TMC 280 mm &#8211; Ru\u010dno brisa\u010d s kromiranim mjedenim dr\u0161kom, opremljen teleskopskom ru\u010dkom od nehr\u0111aju\u0107eg \u010delika od mm. 190 do mm. 280 (3838281) i \u010detkom od nehr\u0111aju\u0107eg \u010delika, duljine mm. 280 (Artikal 3838282).<\/p>\n","protected":false},"excerpt":{"rendered":"<p>Ru\u010dni brisa\u010d vjetrobrana TMC 280 mm &#8211; Ru\u010dno brisa\u010d s kromiranim mjedenim dr\u0161kom, opremljen teleskopskom ru\u010dkom od nehr\u0111aju\u0107eg \u010delika od<\/p>\n","protected":false},"featured_media":5935625,"comment_status":"closed","ping_status":"closed","template":"","meta":[],"product_brand":[3236],"product_cat":[1735],"product_tag":[],"class_list":{"0":"post-3686444","1":"product","2":"type-product","3":"status-publish","4":"has-post-thumbnail","6":"product_brand-osculati-hr","7":"product_cat-brisaci-vjetrobranskog-stakla-na-brodu","9":"first","10":"instock","11":"shipping-taxable","12":"purchasable","13":"product-type-simple"},"_links":{"self":[{"href":"https:\/\/stoic-curie.212-227-153-4.plesk.page\/hr\/wp-json\/wp\/v2\/product\/3686444","targetHints":{"allow":["GET"]}}],"collection":[{"href":"https:\/\/stoic-curie.212-227-153-4.plesk.page\/hr\/wp-json\/wp\/v2\/product"}],"about":[{"href":"https:\/\/stoic-curie.212-227-153-4.plesk.page\/hr\/wp-json\/wp\/v2\/types\/product"}],"replies":[{"embeddable":true,"href":"https:\/\/stoic-curie.212-227-153-4.plesk.page\/hr\/wp-json\/wp\/v2\/comments?post=3686444"}],"version-history":[{"count":0,"href":"https:\/\/stoic-curie.212-227-153-4.plesk.page\/hr\/wp-json\/wp\/v2\/product\/3686444\/revisions"}],"wp:featuredmedia":[{"embeddable":true,"href":"https:\/\/stoic-curie.212-227-153-4.plesk.page\/hr\/wp-json\/wp\/v2\/media\/5935625"}],"wp:attachment":[{"href":"https:\/\/stoic-curie.212-227-153-4.plesk.page\/hr\/wp-json\/wp\/v2\/media?parent=3686444"}],"wp:term":[{"taxonomy":"product_brand","embeddable":true,"href":"https:\/\/stoic-curie.212-227-153-4.plesk.page\/hr\/wp-json\/wp\/v2\/product_brand?post=3686444"},{"taxonomy":"product_cat","embeddable":true,"href":"https:\/\/stoic-curie.212-227-153-4.plesk.page\/hr\/wp-json\/wp\/v2\/product_cat?post=3686444"},{"taxonomy":"product_tag","embeddable":true,"href":"https:\/\/stoic-curie.212-227-153-4.plesk.page\/hr\/wp-json\/wp\/v2\/product_tag?post=3686444"}],"curies":[{"name":"wp","href":"https:\/\/api.w.org\/{rel}","templated":true}]}}