{"id":3686448,"date":"2025-10-13T13:25:30","date_gmt":"2025-10-13T17:25:30","guid":{"rendered":"https:\/\/stoic-curie.212-227-153-4.plesk.page\/product\/bijeli-ultraflex-v32-kolo-kormila-bijelo-mm-335\/"},"modified":"2026-02-25T00:00:27","modified_gmt":"2026-02-25T00:00:27","slug":"bijeli-ultraflex-v32-kolo-kormila-bijelo-mm-335","status":"publish","type":"product","link":"https:\/\/stoic-curie.212-227-153-4.plesk.page\/hr\/product\/bijeli-ultraflex-v32-kolo-kormila-bijelo-mm-335\/","title":{"rendered":"bijeli Ultraflex v32 kolo kormila, bijelo, mm.335"},"content":{"rendered":"<p>bijeli Ultraflex v32 kolo kormila, bijelo, mm.335 &#8211; <\/p>\n<p>Upravlja\u010di od antishock termoplasti\u010dnog materijala. Oznaka CE-ISO23411 u skladu s ABYC standardima. Potpuno s sredi\u0161njim poklopcem i glav\u010dinom sa standardnim konusom 3\/4&#8243;.<\/p>\n","protected":false},"excerpt":{"rendered":"<p>bijeli Ultraflex v32 kolo kormila, bijelo, mm.335 &#8211; Upravlja\u010di od antishock termoplasti\u010dnog materijala. Oznaka CE-ISO23411 u skladu s ABYC standardima.<\/p>\n","protected":false},"featured_media":5935637,"comment_status":"closed","ping_status":"closed","template":"","meta":[],"product_brand":[3501],"product_cat":[1822],"product_tag":[],"class_list":{"0":"post-3686448","1":"product","2":"type-product","3":"status-publish","4":"has-post-thumbnail","6":"product_brand-ultraflex-uflex-hr","7":"product_cat-kola-kormila","9":"first","10":"instock","11":"shipping-taxable","12":"purchasable","13":"product-type-simple"},"_links":{"self":[{"href":"https:\/\/stoic-curie.212-227-153-4.plesk.page\/hr\/wp-json\/wp\/v2\/product\/3686448","targetHints":{"allow":["GET"]}}],"collection":[{"href":"https:\/\/stoic-curie.212-227-153-4.plesk.page\/hr\/wp-json\/wp\/v2\/product"}],"about":[{"href":"https:\/\/stoic-curie.212-227-153-4.plesk.page\/hr\/wp-json\/wp\/v2\/types\/product"}],"replies":[{"embeddable":true,"href":"https:\/\/stoic-curie.212-227-153-4.plesk.page\/hr\/wp-json\/wp\/v2\/comments?post=3686448"}],"version-history":[{"count":0,"href":"https:\/\/stoic-curie.212-227-153-4.plesk.page\/hr\/wp-json\/wp\/v2\/product\/3686448\/revisions"}],"wp:featuredmedia":[{"embeddable":true,"href":"https:\/\/stoic-curie.212-227-153-4.plesk.page\/hr\/wp-json\/wp\/v2\/media\/5935637"}],"wp:attachment":[{"href":"https:\/\/stoic-curie.212-227-153-4.plesk.page\/hr\/wp-json\/wp\/v2\/media?parent=3686448"}],"wp:term":[{"taxonomy":"product_brand","embeddable":true,"href":"https:\/\/stoic-curie.212-227-153-4.plesk.page\/hr\/wp-json\/wp\/v2\/product_brand?post=3686448"},{"taxonomy":"product_cat","embeddable":true,"href":"https:\/\/stoic-curie.212-227-153-4.plesk.page\/hr\/wp-json\/wp\/v2\/product_cat?post=3686448"},{"taxonomy":"product_tag","embeddable":true,"href":"https:\/\/stoic-curie.212-227-153-4.plesk.page\/hr\/wp-json\/wp\/v2\/product_tag?post=3686448"}],"curies":[{"name":"wp","href":"https:\/\/api.w.org\/{rel}","templated":true}]}}