{"id":3686451,"date":"2025-10-13T13:25:31","date_gmt":"2025-10-13T17:25:31","guid":{"rendered":"https:\/\/stoic-curie.212-227-153-4.plesk.page\/product\/kuka-od-nehrdajuceg-celika-kovana-33x19x12mm\/"},"modified":"2026-02-25T00:00:27","modified_gmt":"2026-02-25T00:00:27","slug":"kuka-od-nehrdajuceg-celika-kovana-33x19x12mm","status":"publish","type":"product","link":"https:\/\/stoic-curie.212-227-153-4.plesk.page\/hr\/product\/kuka-od-nehrdajuceg-celika-kovana-33x19x12mm\/","title":{"rendered":"Kuka od nehr\u0111aju\u0107eg \u010delika, kovana, 33x19x12mm"},"content":{"rendered":"<p>Kuka od nehr\u0111aju\u0107eg \u010delika, kovana, 33x19x12mm &#8211; <\/p>\n<p>Otisak od nehr\u0111aju\u0107eg \u010delika.<\/p>\n","protected":false},"excerpt":{"rendered":"<p>Kuka od nehr\u0111aju\u0107eg \u010delika, kovana, 33x19x12mm &#8211; Otisak od nehr\u0111aju\u0107eg \u010delika.<\/p>\n","protected":false},"featured_media":5935645,"comment_status":"closed","ping_status":"closed","template":"","meta":[],"product_brand":[3121],"product_cat":[1710],"product_tag":[],"class_list":{"0":"post-3686451","1":"product","2":"type-product","3":"status-publish","4":"has-post-thumbnail","6":"product_brand-marinetech-hr","7":"product_cat-pribor-za-brodske-kabine","9":"first","10":"instock","11":"shipping-taxable","12":"purchasable","13":"product-type-simple"},"_links":{"self":[{"href":"https:\/\/stoic-curie.212-227-153-4.plesk.page\/hr\/wp-json\/wp\/v2\/product\/3686451","targetHints":{"allow":["GET"]}}],"collection":[{"href":"https:\/\/stoic-curie.212-227-153-4.plesk.page\/hr\/wp-json\/wp\/v2\/product"}],"about":[{"href":"https:\/\/stoic-curie.212-227-153-4.plesk.page\/hr\/wp-json\/wp\/v2\/types\/product"}],"replies":[{"embeddable":true,"href":"https:\/\/stoic-curie.212-227-153-4.plesk.page\/hr\/wp-json\/wp\/v2\/comments?post=3686451"}],"version-history":[{"count":0,"href":"https:\/\/stoic-curie.212-227-153-4.plesk.page\/hr\/wp-json\/wp\/v2\/product\/3686451\/revisions"}],"wp:featuredmedia":[{"embeddable":true,"href":"https:\/\/stoic-curie.212-227-153-4.plesk.page\/hr\/wp-json\/wp\/v2\/media\/5935645"}],"wp:attachment":[{"href":"https:\/\/stoic-curie.212-227-153-4.plesk.page\/hr\/wp-json\/wp\/v2\/media?parent=3686451"}],"wp:term":[{"taxonomy":"product_brand","embeddable":true,"href":"https:\/\/stoic-curie.212-227-153-4.plesk.page\/hr\/wp-json\/wp\/v2\/product_brand?post=3686451"},{"taxonomy":"product_cat","embeddable":true,"href":"https:\/\/stoic-curie.212-227-153-4.plesk.page\/hr\/wp-json\/wp\/v2\/product_cat?post=3686451"},{"taxonomy":"product_tag","embeddable":true,"href":"https:\/\/stoic-curie.212-227-153-4.plesk.page\/hr\/wp-json\/wp\/v2\/product_tag?post=3686451"}],"curies":[{"name":"wp","href":"https:\/\/api.w.org\/{rel}","templated":true}]}}