{"id":3686456,"date":"2025-10-13T13:25:33","date_gmt":"2025-10-13T17:25:33","guid":{"rendered":"https:\/\/stoic-curie.212-227-153-4.plesk.page\/product\/sarke-od-nehrdajuceg-celika-s-vijcima-190x65mm\/"},"modified":"2026-02-25T00:00:27","modified_gmt":"2026-02-25T00:00:27","slug":"sarke-od-nehrdajuceg-celika-s-vijcima-190x65mm","status":"publish","type":"product","link":"https:\/\/stoic-curie.212-227-153-4.plesk.page\/hr\/product\/sarke-od-nehrdajuceg-celika-s-vijcima-190x65mm\/","title":{"rendered":"\u0160arke od nehr\u0111aju\u0107eg \u010delika s vijcima 190x65mm"},"content":{"rendered":"<p>\u0160arke od nehr\u0111aju\u0107eg \u010delika s vijcima 190x65mm &#8211; AISI 316, nehr\u0111aju\u0107i \u010delik. Debljina mm. 4. Obrnuti klju\u010d, otvor 95\u00b0. Pri\u010dvr\u0161\u0107ivanje s vijkovima, duljina mm. 190 x 65.<\/p>\n","protected":false},"excerpt":{"rendered":"<p>\u0160arke od nehr\u0111aju\u0107eg \u010delika s vijcima 190x65mm &#8211; AISI 316, nehr\u0111aju\u0107i \u010delik. Debljina mm. 4. Obrnuti klju\u010d, otvor 95\u00b0. Pri\u010dvr\u0161\u0107ivanje<\/p>\n","protected":false},"featured_media":5935655,"comment_status":"closed","ping_status":"closed","template":"","meta":[],"product_brand":[3121],"product_cat":[1711],"product_tag":[],"class_list":{"0":"post-3686456","1":"product","2":"type-product","3":"status-publish","4":"has-post-thumbnail","6":"product_brand-marinetech-hr","7":"product_cat-brodske-sarke","9":"first","10":"instock","11":"shipping-taxable","12":"purchasable","13":"product-type-simple"},"_links":{"self":[{"href":"https:\/\/stoic-curie.212-227-153-4.plesk.page\/hr\/wp-json\/wp\/v2\/product\/3686456","targetHints":{"allow":["GET"]}}],"collection":[{"href":"https:\/\/stoic-curie.212-227-153-4.plesk.page\/hr\/wp-json\/wp\/v2\/product"}],"about":[{"href":"https:\/\/stoic-curie.212-227-153-4.plesk.page\/hr\/wp-json\/wp\/v2\/types\/product"}],"replies":[{"embeddable":true,"href":"https:\/\/stoic-curie.212-227-153-4.plesk.page\/hr\/wp-json\/wp\/v2\/comments?post=3686456"}],"version-history":[{"count":0,"href":"https:\/\/stoic-curie.212-227-153-4.plesk.page\/hr\/wp-json\/wp\/v2\/product\/3686456\/revisions"}],"wp:featuredmedia":[{"embeddable":true,"href":"https:\/\/stoic-curie.212-227-153-4.plesk.page\/hr\/wp-json\/wp\/v2\/media\/5935655"}],"wp:attachment":[{"href":"https:\/\/stoic-curie.212-227-153-4.plesk.page\/hr\/wp-json\/wp\/v2\/media?parent=3686456"}],"wp:term":[{"taxonomy":"product_brand","embeddable":true,"href":"https:\/\/stoic-curie.212-227-153-4.plesk.page\/hr\/wp-json\/wp\/v2\/product_brand?post=3686456"},{"taxonomy":"product_cat","embeddable":true,"href":"https:\/\/stoic-curie.212-227-153-4.plesk.page\/hr\/wp-json\/wp\/v2\/product_cat?post=3686456"},{"taxonomy":"product_tag","embeddable":true,"href":"https:\/\/stoic-curie.212-227-153-4.plesk.page\/hr\/wp-json\/wp\/v2\/product_tag?post=3686456"}],"curies":[{"name":"wp","href":"https:\/\/api.w.org\/{rel}","templated":true}]}}