{"id":3686458,"date":"2025-10-13T13:25:33","date_gmt":"2025-10-13T17:25:33","guid":{"rendered":"https:\/\/stoic-curie.212-227-153-4.plesk.page\/product\/pioneer-brodski-zvucnici-130w-dvosmjerni-130-mm\/"},"modified":"2026-02-25T00:00:27","modified_gmt":"2026-02-25T00:00:27","slug":"pioneer-brodski-zvucnici-130w-dvosmjerni-130-mm","status":"publish","type":"product","link":"https:\/\/stoic-curie.212-227-153-4.plesk.page\/hr\/product\/pioneer-brodski-zvucnici-130w-dvosmjerni-130-mm\/","title":{"rendered":"Pioneer brodski zvu\u010dnici 130w, dvosmjerni 130 mm"},"content":{"rendered":"<p>Pioneer brodski zvu\u010dnici 130w, dvosmjerni 130 mm &#8211; Par zvu\u010dnika za unutarnju upotrebu, koaksijalni 2-kanalni (tweeter + woofer), \u00d8 130 mm. Frekvencijski odgovor od 40 do 25.000 Hz, osjetljivost 89 dB, maksimalna snaga 130 W, za poja\u010dala i auto radio s impedancijom od 4 Ohma.<\/p>\n","protected":false},"excerpt":{"rendered":"<p>Pioneer brodski zvu\u010dnici 130w, dvosmjerni 130 mm &#8211; Par zvu\u010dnika za unutarnju upotrebu, koaksijalni 2-kanalni (tweeter + woofer), \u00d8 130<\/p>\n","protected":false},"featured_media":5935658,"comment_status":"closed","ping_status":"closed","template":"","meta":[],"product_brand":[3236],"product_cat":[1733],"product_tag":[],"class_list":{"0":"post-3686458","1":"product","2":"type-product","3":"status-publish","4":"has-post-thumbnail","6":"product_brand-osculati-hr","7":"product_cat-stereo-i-zvucnici","9":"first","10":"instock","11":"shipping-taxable","12":"purchasable","13":"product-type-simple"},"_links":{"self":[{"href":"https:\/\/stoic-curie.212-227-153-4.plesk.page\/hr\/wp-json\/wp\/v2\/product\/3686458","targetHints":{"allow":["GET"]}}],"collection":[{"href":"https:\/\/stoic-curie.212-227-153-4.plesk.page\/hr\/wp-json\/wp\/v2\/product"}],"about":[{"href":"https:\/\/stoic-curie.212-227-153-4.plesk.page\/hr\/wp-json\/wp\/v2\/types\/product"}],"replies":[{"embeddable":true,"href":"https:\/\/stoic-curie.212-227-153-4.plesk.page\/hr\/wp-json\/wp\/v2\/comments?post=3686458"}],"version-history":[{"count":0,"href":"https:\/\/stoic-curie.212-227-153-4.plesk.page\/hr\/wp-json\/wp\/v2\/product\/3686458\/revisions"}],"wp:featuredmedia":[{"embeddable":true,"href":"https:\/\/stoic-curie.212-227-153-4.plesk.page\/hr\/wp-json\/wp\/v2\/media\/5935658"}],"wp:attachment":[{"href":"https:\/\/stoic-curie.212-227-153-4.plesk.page\/hr\/wp-json\/wp\/v2\/media?parent=3686458"}],"wp:term":[{"taxonomy":"product_brand","embeddable":true,"href":"https:\/\/stoic-curie.212-227-153-4.plesk.page\/hr\/wp-json\/wp\/v2\/product_brand?post=3686458"},{"taxonomy":"product_cat","embeddable":true,"href":"https:\/\/stoic-curie.212-227-153-4.plesk.page\/hr\/wp-json\/wp\/v2\/product_cat?post=3686458"},{"taxonomy":"product_tag","embeddable":true,"href":"https:\/\/stoic-curie.212-227-153-4.plesk.page\/hr\/wp-json\/wp\/v2\/product_tag?post=3686458"}],"curies":[{"name":"wp","href":"https:\/\/api.w.org\/{rel}","templated":true}]}}