{"id":3686462,"date":"2025-10-13T13:25:34","date_gmt":"2025-10-13T17:25:34","guid":{"rendered":"https:\/\/stoic-curie.212-227-153-4.plesk.page\/product\/sredstvo-za-ciscenje-u-spreju-1lt-za-gumenjake\/"},"modified":"2026-02-25T00:00:27","modified_gmt":"2026-02-25T00:00:27","slug":"sredstvo-za-ciscenje-u-spreju-1lt-za-gumenjake","status":"publish","type":"product","link":"https:\/\/stoic-curie.212-227-153-4.plesk.page\/hr\/product\/sredstvo-za-ciscenje-u-spreju-1lt-za-gumenjake\/","title":{"rendered":"Sredstvo za \u010di\u0161\u0107enje u spreju 1lt za gumenjake"},"content":{"rendered":"<p>Sredstvo za \u010di\u0161\u0107enje u spreju 1lt za gumenjake &#8211; <\/p>\n<p>Sredstvo za kiseljenje za dubinsko \u010di\u0161\u0107enje napuhavaju\u0107ih \u010damaca i tendara. Zahvaljuju\u0107i visokoj mo\u0107i pranja i odma\u0161\u0107ivanja, brzo uklanja prljav\u0161tinu i mrlje, obnavljaju\u0107i izvorne boje.<\/p>\n","protected":false},"excerpt":{"rendered":"<p>Sredstvo za \u010di\u0161\u0107enje u spreju 1lt za gumenjake &#8211; Sredstvo za kiseljenje za dubinsko \u010di\u0161\u0107enje napuhavaju\u0107ih \u010damaca i tendara. Zahvaljuju\u0107i<\/p>\n","protected":false},"featured_media":5935663,"comment_status":"closed","ping_status":"closed","template":"","meta":[],"product_brand":[3401],"product_cat":[1839,1847,1628],"product_tag":[],"class_list":{"0":"post-3686462","1":"product","2":"type-product","3":"status-publish","4":"has-post-thumbnail","6":"product_brand-silpar-tk-hr","7":"product_cat-oprema-za-pomocne-brodice","8":"product_cat-pribor-za-bokobrane","9":"product_cat-proizvodi-za-ciscenje","11":"first","12":"instock","13":"shipping-taxable","14":"purchasable","15":"product-type-simple"},"_links":{"self":[{"href":"https:\/\/stoic-curie.212-227-153-4.plesk.page\/hr\/wp-json\/wp\/v2\/product\/3686462","targetHints":{"allow":["GET"]}}],"collection":[{"href":"https:\/\/stoic-curie.212-227-153-4.plesk.page\/hr\/wp-json\/wp\/v2\/product"}],"about":[{"href":"https:\/\/stoic-curie.212-227-153-4.plesk.page\/hr\/wp-json\/wp\/v2\/types\/product"}],"replies":[{"embeddable":true,"href":"https:\/\/stoic-curie.212-227-153-4.plesk.page\/hr\/wp-json\/wp\/v2\/comments?post=3686462"}],"version-history":[{"count":0,"href":"https:\/\/stoic-curie.212-227-153-4.plesk.page\/hr\/wp-json\/wp\/v2\/product\/3686462\/revisions"}],"wp:featuredmedia":[{"embeddable":true,"href":"https:\/\/stoic-curie.212-227-153-4.plesk.page\/hr\/wp-json\/wp\/v2\/media\/5935663"}],"wp:attachment":[{"href":"https:\/\/stoic-curie.212-227-153-4.plesk.page\/hr\/wp-json\/wp\/v2\/media?parent=3686462"}],"wp:term":[{"taxonomy":"product_brand","embeddable":true,"href":"https:\/\/stoic-curie.212-227-153-4.plesk.page\/hr\/wp-json\/wp\/v2\/product_brand?post=3686462"},{"taxonomy":"product_cat","embeddable":true,"href":"https:\/\/stoic-curie.212-227-153-4.plesk.page\/hr\/wp-json\/wp\/v2\/product_cat?post=3686462"},{"taxonomy":"product_tag","embeddable":true,"href":"https:\/\/stoic-curie.212-227-153-4.plesk.page\/hr\/wp-json\/wp\/v2\/product_tag?post=3686462"}],"curies":[{"name":"wp","href":"https:\/\/api.w.org\/{rel}","templated":true}]}}