{"id":3686464,"date":"2025-10-13T13:25:35","date_gmt":"2025-10-13T17:25:35","guid":{"rendered":"https:\/\/stoic-curie.212-227-153-4.plesk.page\/product\/sivi-inoks-metalic-sprej-lak-400ml\/"},"modified":"2026-02-25T00:00:27","modified_gmt":"2026-02-25T00:00:27","slug":"sivi-inoks-metalic-sprej-lak-400ml","status":"publish","type":"product","link":"https:\/\/stoic-curie.212-227-153-4.plesk.page\/hr\/product\/sivi-inoks-metalic-sprej-lak-400ml\/","title":{"rendered":"Sivi inoks metalic sprej lak 400ml"},"content":{"rendered":"<p>Sivi inoks metalic sprej lak 400ml &#8211; <\/p>\n<p>Akrilne metalne boje u spreju koje stvaraju za\u0161titni sloj na svim vrstama povr\u0161ina. METALZINC za hladnu galvanizaciju osigurava savr\u0161eni za\u0161titni sloj koji se mo\u017ee prebojati. INOXSPRAY na bazi nehr\u0111aju\u0107eg \u010delika stvara \u010dvrst i za\u0161titni sloj od nehr\u0111aju\u0107eg \u010delika. ALUSPRAY na bazi aluminija stvara sloj otporan na slanu maglu i vodu.<\/p>\n","protected":false},"excerpt":{"rendered":"<p>Sivi inoks metalic sprej lak 400ml &#8211; Akrilne metalne boje u spreju koje stvaraju za\u0161titni sloj na svim vrstama povr\u0161ina.<\/p>\n","protected":false},"featured_media":5935665,"comment_status":"closed","ping_status":"closed","template":"","meta":[],"product_brand":[3401],"product_cat":[1634],"product_tag":[],"class_list":{"0":"post-3686464","1":"product","2":"type-product","3":"status-publish","4":"has-post-thumbnail","6":"product_brand-silpar-tk-hr","7":"product_cat-brodske-boje","9":"first","10":"instock","11":"shipping-taxable","12":"purchasable","13":"product-type-simple"},"_links":{"self":[{"href":"https:\/\/stoic-curie.212-227-153-4.plesk.page\/hr\/wp-json\/wp\/v2\/product\/3686464","targetHints":{"allow":["GET"]}}],"collection":[{"href":"https:\/\/stoic-curie.212-227-153-4.plesk.page\/hr\/wp-json\/wp\/v2\/product"}],"about":[{"href":"https:\/\/stoic-curie.212-227-153-4.plesk.page\/hr\/wp-json\/wp\/v2\/types\/product"}],"replies":[{"embeddable":true,"href":"https:\/\/stoic-curie.212-227-153-4.plesk.page\/hr\/wp-json\/wp\/v2\/comments?post=3686464"}],"version-history":[{"count":0,"href":"https:\/\/stoic-curie.212-227-153-4.plesk.page\/hr\/wp-json\/wp\/v2\/product\/3686464\/revisions"}],"wp:featuredmedia":[{"embeddable":true,"href":"https:\/\/stoic-curie.212-227-153-4.plesk.page\/hr\/wp-json\/wp\/v2\/media\/5935665"}],"wp:attachment":[{"href":"https:\/\/stoic-curie.212-227-153-4.plesk.page\/hr\/wp-json\/wp\/v2\/media?parent=3686464"}],"wp:term":[{"taxonomy":"product_brand","embeddable":true,"href":"https:\/\/stoic-curie.212-227-153-4.plesk.page\/hr\/wp-json\/wp\/v2\/product_brand?post=3686464"},{"taxonomy":"product_cat","embeddable":true,"href":"https:\/\/stoic-curie.212-227-153-4.plesk.page\/hr\/wp-json\/wp\/v2\/product_cat?post=3686464"},{"taxonomy":"product_tag","embeddable":true,"href":"https:\/\/stoic-curie.212-227-153-4.plesk.page\/hr\/wp-json\/wp\/v2\/product_tag?post=3686464"}],"curies":[{"name":"wp","href":"https:\/\/api.w.org\/{rel}","templated":true}]}}